{"id":1785,"date":"2022-06-28T18:38:15","date_gmt":"2022-06-28T18:38:15","guid":{"rendered":"https:\/\/help.unhcr.org\/canada\/resources-for-asylum-seekers\/alberta\/"},"modified":"2024-03-07T19:14:36","modified_gmt":"2024-03-07T19:14:36","slug":"alberta","status":"publish","type":"page","link":"https:\/\/help.unhcr.org\/canada\/tr\/resources-for-asylum-seekers\/alberta\/","title":{"rendered":"Alberta"},"content":{"rendered":"\n<h3 class=\"wp-block-heading has-white-color has-text-color has-background\" style=\"background-color:#0072bc\">Alberta Adli Yard\u0131m Birimi<\/h3>\n\n\n\n<p>Alberta Adli Yard\u0131m Birimi, \u015fartlar\u0131 uygun olan m\u00fcvekkillere s\u0131\u011f\u0131nma talebi konular\u0131nda yard\u0131mc\u0131 olmaktad\u0131r.&nbsp; Alberta Adli Yard\u0131m Birimi Hukuki Hizmetler Merkezi ile irtibata ge\u00e7ti\u011finizde, hukuki sorununuz i\u00e7in en iyi hizmet se\u00e7ene\u011fini belirlemek \u00fczere bir de\u011ferlendirme yap\u0131lacakt\u0131r.&nbsp;Hukuki sorununuz bir avukattan hizmet almaya uygunsa, Alberta Adli Yard\u0131m Birimi size bir avukat atayacakt\u0131r.<\/p>\n\n\n\n<ul class=\"wp-block-list\">\n<li><strong>Telefon:&nbsp;<\/strong>+1-866-845-3425<\/li>\n\n\n\n<li><strong>Web sitesi:\u00a0<\/strong><a href=\"http:\/\/www.legalaid.ab.ca\/Pages\/default.aspx\" target=\"_blank\" rel=\"noreferrer noopener\">http:\/\/www.legalaid.ab.ca\/Pages\/default.aspx<\/a><\/li>\n\n\n\n<li><strong>Adres:<\/strong>\n<ul class=\"wp-block-list\">\n<li><strong>Edmonton<\/strong>:&nbsp;Revillon Building, Suite 600, 10320 102 Avenue, Edmonton, Alberta&nbsp;T5J 4A1<\/li>\n\n\n\n<li><strong>Calgary<\/strong>: 1100 Dominion Centre,&nbsp;665 \u2013 8 Street SW, Calgary, Alberta&nbsp;T2P 3K7<\/li>\n<\/ul>\n<\/li>\n\n\n\n<li><strong>\u00c7al\u0131\u015fma saatleri:&nbsp;<\/strong>Pazartesi-Cuma, 08.15 &#8211; 16.15<\/li>\n<\/ul>\n\n\n\n<h3 class=\"wp-block-heading has-white-color has-text-color has-background\" style=\"background-color:#0072bc\">Calgary Hukuki Rehberlik<\/h3>\n\n\n\n<p>Calgary Hukuki Rehberlik, Calgary \u015fehrinde \u00e7e\u015fitli g\u00f6\u00e7 hukuku konular\u0131nda yard\u0131m arayan yeni gelen g\u00f6\u00e7menlere hukuki dan\u0131\u015fmanl\u0131k ve yard\u0131m sunmaktad\u0131r. G\u00f6\u00e7 Hukuku Projesi size \u015fu konularda yard\u0131mc\u0131 olabilir: s\u0131\u011f\u0131nma talebinde bulunma, daimi ikamet i\u00e7in ba\u015fvuru haz\u0131rlama ve dosyalama, \u00e7al\u0131\u015fma izni ba\u015fvurusu, ge\u00e7ici ikamet vizesi ve e\u011fitim izni, aile sponsorlu\u011fu sorunlar\u0131, \u00f6zel olarak de\u011ferlendirilen davalarda temsil.<\/p>\n\n\n\n<ul class=\"wp-block-list\">\n<li><strong>Telefon:<\/strong>&nbsp;+1-866-845-3425<\/li>\n\n\n\n<li><strong>E-posta:<\/strong>&nbsp;<a href=\"mailto:clg@clg.ab.ca\">clg@clg.ab.ca<\/a><\/li>\n\n\n\n<li><strong>Web sitesi:<\/strong>\u00a0<a href=\"http:\/\/clg.ab.ca\/programs-services\/immigration-law-program\/\" target=\"_blank\" rel=\"noreferrer noopener\">http:\/\/clg.ab.ca\/programs-services\/immigration-law-program\/<\/a><\/li>\n\n\n\n<li><strong>Adres:<\/strong>&nbsp;100, 840 \u2013 7th Avenue SW, Calgary, Alberta, T2P 3G2<\/li>\n\n\n\n<li><strong>\u00c7al\u0131\u015fma saatleri:<\/strong>&nbsp;\n<ul class=\"wp-block-list\">\n<li>Pazartesi-Per\u015fembe 8.30 &#8211; 16.30<\/li>\n\n\n\n<li>Cuma: 09.00 &#8211; 15.00<\/li>\n\n\n\n<li>12.00 &#8211; 13.00 aras\u0131 kapal\u0131&nbsp;<\/li>\n<\/ul>\n<\/li>\n<\/ul>\n","protected":false},"excerpt":{"rendered":"<p>Alberta Adli Yard\u0131m Birimi Alberta Adli Yard\u0131m Birimi, \u015fartlar\u0131 uygun olan m\u00fcvekkillere s\u0131\u011f\u0131nma talebi konular\u0131nda yard\u0131mc\u0131 olmaktad\u0131r.&nbsp; Alberta Adli Yard\u0131m Birimi Hukuki Hizmetler Merkezi ile irtibata ge\u00e7ti\u011finizde, hukuki sorununuz i\u00e7in en iyi hizmet se\u00e7ene\u011fini belirlemek \u00fczere bir de\u011ferlendirme yap\u0131lacakt\u0131r.&nbsp;Hukuki sorununuz bir avukattan hizmet almaya uygunsa, Alberta Adli Yard\u0131m Birimi size bir avukat atayacakt\u0131r. Calgary Hukuki [&hellip;]<\/p>\n","protected":false},"author":24,"featured_media":0,"parent":1484,"menu_order":40,"comment_status":"closed","ping_status":"closed","template":"","meta":{"_acf_changed":false,"footnotes":""},"class_list":["post-1785","page","type-page","status-publish","hentry"],"acf":[],"_links":{"self":[{"href":"https:\/\/help.unhcr.org\/canada\/tr\/wp-json\/wp\/v2\/pages\/1785","targetHints":{"allow":["GET"]}}],"collection":[{"href":"https:\/\/help.unhcr.org\/canada\/tr\/wp-json\/wp\/v2\/pages"}],"about":[{"href":"https:\/\/help.unhcr.org\/canada\/tr\/wp-json\/wp\/v2\/types\/page"}],"author":[{"embeddable":true,"href":"https:\/\/help.unhcr.org\/canada\/tr\/wp-json\/wp\/v2\/users\/24"}],"replies":[{"embeddable":true,"href":"https:\/\/help.unhcr.org\/canada\/tr\/wp-json\/wp\/v2\/comments?post=1785"}],"version-history":[{"count":3,"href":"https:\/\/help.unhcr.org\/canada\/tr\/wp-json\/wp\/v2\/pages\/1785\/revisions"}],"predecessor-version":[{"id":1956,"href":"https:\/\/help.unhcr.org\/canada\/tr\/wp-json\/wp\/v2\/pages\/1785\/revisions\/1956"}],"up":[{"embeddable":true,"href":"https:\/\/help.unhcr.org\/canada\/tr\/wp-json\/wp\/v2\/pages\/1484"}],"wp:attachment":[{"href":"https:\/\/help.unhcr.org\/canada\/tr\/wp-json\/wp\/v2\/media?parent=1785"}],"curies":[{"name":"wp","href":"https:\/\/api.w.org\/{rel}","templated":true}]}}