{"id":1781,"date":"2022-06-28T18:35:34","date_gmt":"2022-06-28T18:35:34","guid":{"rendered":"https:\/\/help.unhcr.org\/canada\/resources-for-asylum-seekers\/quebec\/"},"modified":"2024-08-14T15:56:41","modified_gmt":"2024-08-14T15:56:41","slug":"quebec","status":"publish","type":"page","link":"https:\/\/help.unhcr.org\/canada\/tr\/resources-for-asylum-seekers\/quebec\/","title":{"rendered":"Qu\u00e9bec"},"content":{"rendered":"\n<h3 class=\"wp-block-heading has-white-color has-text-color has-background\" style=\"background-color:#0072bc\">PRAIDA<\/h3>\n\n\n\n<p>S\u0131\u011f\u0131nmac\u0131lar\u0131n Yerle\u015fimi ve Entegrasyonu i\u00e7in B\u00f6lgesel Program (PRAIDA), s\u0131\u011f\u0131nma ba\u015fvurusu sahiplerine destek ve Quebec&#8217;teki s\u0131\u011f\u0131nma ba\u015fvurusu s\u00fcrecinizde size yard\u0131mc\u0131 olacak bilgiler sa\u011flar. Ayr\u0131ca sa\u011fl\u0131k, sosyal hizmetler ve ge\u00e7ici bar\u0131nma hizmetleri de sunmaktad\u0131rlar.<\/p>\n\n\n\n<ul class=\"wp-block-list\">\n<li><strong>Telefon:&nbsp;<\/strong> +1-514-484-7878 (dahili-64500)<\/li>\n\n\n\n<li><strong>Web sitesi:&nbsp;<\/strong><a href=\"https:\/\/www.ciussswestcentral.ca\/programs-and-services\/praida-regional-program-for-the-settlement-and-integration-of-asylum-seekers\/\" target=\"_blank\" rel=\"noreferrer noopener\">https:\/\/www.ciussswestcentral.ca\/programs-and-services\/praida-regional-program-for-the-settlement-and-integration-of-asylum-seekers\/<\/a><\/li>\n\n\n\n<li><strong>Adres:&nbsp;<\/strong> 35 Rue de Port-Royal E, Montr\u00e9al, QC H3L 3T1<\/li>\n\n\n\n<li><strong>\u00c7al\u0131\u015fma saatleri:&nbsp;<\/strong>Pazartesi-Cuma, 08.30 &#8211; 16.30<\/li>\n<\/ul>\n\n\n\n<h3 class=\"wp-block-heading has-white-color has-text-color has-background\" style=\"background-color:#0072bc\">G\u00f6\u00e7 hukuku alan\u0131nda Adli Yard\u0131m B\u00fcrosu<\/h3>\n\n\n\n<p>Adli yard\u0131m ve g\u00f6\u00e7 hukuku avukatlar\u0131 s\u0131\u011f\u0131nma ba\u015fvurunuzda size yard\u0131mc\u0131 olabilir veya hukuki dan\u0131\u015fmanl\u0131k sunabilir. Adli yard\u0131m, mali a\u00e7\u0131dan yetersiz durumda olma \u015fart\u0131n\u0131 sa\u011flayan ve bu hizmet i\u00e7in ba\u015fvuran ki\u015filere sunulan bir devlet hukuk hizmetidir. Adli yard\u0131m \u00fccretsiz olarak veya hizmeti alan ki\u015fiden al\u0131nan katk\u0131 pay\u0131 ile sa\u011flan\u0131r.<\/p>\n\n\n\n<ul class=\"wp-block-list\">\n<li><strong>Telefon:<\/strong>\u00a0+1-514-864-2111, extension 6099<\/li>\n\n\n\n<li><strong>Adres:<\/strong>\u00a0425, boulevard de Maisonneuve Ouest, Bureau 400 Montr\u00e9al, Qu\u00e9bec H3A 3G5<\/li>\n\n\n\n<li><strong>\u00c7al\u0131\u015fma saatleri:<\/strong> \u00a0<a href=\"mailto:baj.immigration@ccjm.qc.ca\">baj.immigration@ccjm.qc.ca<\/a><\/li>\n\n\n\n<li><strong>En yak\u0131n durak:&nbsp;<\/strong>Place-des-Arts metro istasyonu<\/li>\n\n\n\n<li><strong>\u00c7al\u0131\u015fma saatleri:<\/strong>&nbsp;Pazartesi-Cuma, 08.30 &#8211; 16.30<\/li>\n<\/ul>\n\n\n\n<h3 class=\"wp-block-heading has-white-color has-text-color has-background\" style=\"background-color:#0072bc\">Montr\u00e9al Barosu Y\u00f6nlendirme Servisi<\/h3>\n\n\n\n<p>Bu kurulu\u015f, Montreal&#8217;de yard\u0131m i\u00e7in ba\u015fvurabilece\u011finiz bir avukat \u00f6nerecektir.<\/p>\n\n\n\n<ul class=\"wp-block-list\">\n<li><strong>Telefon:<\/strong>&nbsp;+1-514 866-2490<\/li>\n\n\n\n<li><strong>E-posta: <\/strong><a href=\"mailto:reference@barreaudemontreal.qc.ca\" target=\"_blank\" rel=\"noreferrer noopener\">reference@barreaudemontreal.qc.ca<\/a><\/li>\n\n\n\n<li><strong>\u00c7al\u0131\u015fma saatleri:<\/strong>&nbsp;Pazartesi-Cuma, 09.00 &#8211; 16.00<\/li>\n<\/ul>\n\n\n\n<h3 class=\"wp-block-heading has-white-color has-text-color has-background\" style=\"background-color:#0072bc\">YMCA Konukevi<\/h3>\n\n\n\n<p>YMCA Konukevi, s\u0131\u011f\u0131nmac\u0131lar\u0131n kabul\u00fc ve entegrasyonuna y\u00f6nelik b\u00f6lgesel bir program olan PRAIDA&#8217;n\u0131n y\u00f6nlendirmesi \u00fczerine s\u0131\u011f\u0131nmac\u0131lara ge\u00e7ici acil bar\u0131nma sa\u011flamaktad\u0131r. YMCA Konukevinde kald\u0131\u011f\u0131n\u0131z s\u00fcre boyunca sizi a\u011f\u0131rlamak ve desteklemek i\u00e7in \u00e7e\u015fitli toplum hizmetleri, bilgilendirme oturumlar\u0131 ve etkinlikler sunulmaktad\u0131r.<\/p>\n\n\n\n<ul class=\"wp-block-list\">\n<li><strong>Telefon:<\/strong>&nbsp;+1-514 932-5353<\/li>\n<\/ul>\n","protected":false},"excerpt":{"rendered":"<p>PRAIDA S\u0131\u011f\u0131nmac\u0131lar\u0131n Yerle\u015fimi ve Entegrasyonu i\u00e7in B\u00f6lgesel Program (PRAIDA), s\u0131\u011f\u0131nma ba\u015fvurusu sahiplerine destek ve Quebec&#8217;teki s\u0131\u011f\u0131nma ba\u015fvurusu s\u00fcrecinizde size yard\u0131mc\u0131 olacak bilgiler sa\u011flar. Ayr\u0131ca sa\u011fl\u0131k, sosyal hizmetler ve ge\u00e7ici bar\u0131nma hizmetleri de sunmaktad\u0131rlar. G\u00f6\u00e7 hukuku alan\u0131nda Adli Yard\u0131m B\u00fcrosu Adli yard\u0131m ve g\u00f6\u00e7 hukuku avukatlar\u0131 s\u0131\u011f\u0131nma ba\u015fvurunuzda size yard\u0131mc\u0131 olabilir veya hukuki dan\u0131\u015fmanl\u0131k sunabilir. Adli [&hellip;]<\/p>\n","protected":false},"author":24,"featured_media":0,"parent":1484,"menu_order":30,"comment_status":"closed","ping_status":"closed","template":"","meta":{"_acf_changed":false,"footnotes":""},"class_list":["post-1781","page","type-page","status-publish","hentry"],"acf":[],"_links":{"self":[{"href":"https:\/\/help.unhcr.org\/canada\/tr\/wp-json\/wp\/v2\/pages\/1781","targetHints":{"allow":["GET"]}}],"collection":[{"href":"https:\/\/help.unhcr.org\/canada\/tr\/wp-json\/wp\/v2\/pages"}],"about":[{"href":"https:\/\/help.unhcr.org\/canada\/tr\/wp-json\/wp\/v2\/types\/page"}],"author":[{"embeddable":true,"href":"https:\/\/help.unhcr.org\/canada\/tr\/wp-json\/wp\/v2\/users\/24"}],"replies":[{"embeddable":true,"href":"https:\/\/help.unhcr.org\/canada\/tr\/wp-json\/wp\/v2\/comments?post=1781"}],"version-history":[{"count":5,"href":"https:\/\/help.unhcr.org\/canada\/tr\/wp-json\/wp\/v2\/pages\/1781\/revisions"}],"predecessor-version":[{"id":2039,"href":"https:\/\/help.unhcr.org\/canada\/tr\/wp-json\/wp\/v2\/pages\/1781\/revisions\/2039"}],"up":[{"embeddable":true,"href":"https:\/\/help.unhcr.org\/canada\/tr\/wp-json\/wp\/v2\/pages\/1484"}],"wp:attachment":[{"href":"https:\/\/help.unhcr.org\/canada\/tr\/wp-json\/wp\/v2\/media?parent=1781"}],"curies":[{"name":"wp","href":"https:\/\/api.w.org\/{rel}","templated":true}]}}