{"id":1766,"date":"2017-11-22T16:07:37","date_gmt":"2017-11-22T16:07:37","guid":{"rendered":"https:\/\/help.unhcr.org\/canada\/welcome\/"},"modified":"2026-03-27T19:21:27","modified_gmt":"2026-03-27T19:21:27","slug":"welcome","status":"publish","type":"page","link":"https:\/\/help.unhcr.org\/canada\/tr\/","title":{"rendered":"Ho\u015f geldiniz"},"content":{"rendered":"\n<h4 class=\"wp-block-heading has-text-align-left has-background\" style=\"background-color:#fdf799\"><strong>\ud83d\udea8\u00d6nemli: Kanada\u2019n\u0131n \u0130ltica Sistemindeki De\u011fi\u015fiklikler\ud83d\udea8<br><br>Kanada, 26 Mart 2026 tarihinde iltica sisteminde baz\u0131 <a href=\"https:\/\/www.canada.ca\/en\/immigration-refugees-citizenship\/news\/2026\/03\/new-immigration-and-asylum-measures-from-bill-c-12-the-strengthening-canadas-immigration-system-and-borders-act-have-become-law.html\" data-type=\"link\" data-id=\"https:\/\/www.canada.ca\/en\/immigration-refugees-citizenship\/news\/2026\/03\/new-immigration-and-asylum-measures-from-bill-c-12-the-strengthening-canadas-immigration-system-and-borders-act-have-become-law.html\">de\u011fi\u015fiklikler yapm\u0131\u015ft\u0131r.<\/a> Bu de\u011fi\u015fikliklere ili\u015fkin ayr\u0131nt\u0131lar yak\u0131nda payla\u015f\u0131lacakt\u0131r. <br><br>S\u00f6z konusu d\u00fczenlemeler; kimlerin iltica ba\u015fvurusunda bulunabilece\u011fini, ba\u015fvurular\u0131n nas\u0131l de\u011ferlendirilece\u011fini ve uyulmas\u0131 gereken son tarihleri etkileyebilir. Daha fazla bilgi i\u00e7in l\u00fctfen Kanada H\u00fck\u00fcmeti\u2019nin resmi <a href=\"https:\/\/www.canada.ca\/en\/immigration-refugees-citizenship\/services\/refugees\/protection.html\" data-type=\"link\" data-id=\"https:\/\/www.canada.ca\/en\/immigration-refugees-citizenship\/services\/refugees\/protection.html\">internet<\/a> sitesini ziyaret edin.<br><br>Kanada\u2019da iltica ba\u015fvurusunda bulunmay\u0131 d\u00fc\u015f\u00fcn\u00fcyorsan\u0131z, mutlaka g\u00fcncel hukuki dan\u0131\u015fmanl\u0131k alman\u0131z\u0131 ve yeni duyurular\u0131 d\u00fczenli olarak takip etmenizi \u00f6neririz. <br><br>Yeni detaylar payla\u015f\u0131ld\u0131k\u00e7a bu sayfa g\u00fcncellenecektir.<\/strong><\/h4>\n\n\n\n<p>Zulme u\u011framaktan veya hayat\u0131n\u0131z\u0131n tehlikeye girmesinden korktu\u011funuz i\u00e7in \u00fclkenizden ka\u00e7\u0131yorsan\u0131z, Kanada&#8217;ya s\u0131\u011f\u0131nma ba\u015fvurusunda bulunabilirsiniz. Size s\u0131\u011f\u0131nma hakk\u0131 verilirse, m\u00fclteci stat\u00fcs\u00fc ve kalma hakk\u0131 elde edersiniz. S\u0131\u011f\u0131nma ba\u015fvurusunda bulunmak i\u00e7in Kanada&#8217;da fiziksel olarak bulunman\u0131z veya bir giri\u015f noktas\u0131nda (havaalan\u0131, kara s\u0131n\u0131r\u0131 veya deniz liman\u0131) \u00fclkeye giri\u015f yapmay\u0131 istemeniz gerekir.&nbsp;&nbsp;<\/p>\n\n\n\n<h3 class=\"wp-block-heading has-white-color has-text-color has-background\" style=\"background-color:#0072bc\"><strong>Bu web sitesinde, Kanada iltica sistemini anlaman\u0131za yard\u0131mc\u0131 olacak kaynaklar bulacaks\u0131n\u0131z<\/strong>.<\/h3>\n\n\n\n<ul style=\"background-color:#f0f0f1\" class=\"wp-block-list has-background\">\n<li><strong><a href=\"https:\/\/help.unhcr.org\/canada\/tr\/how-to-apply-for-asylum-new\/\">Kanada&#8217;da iltica ba\u015fvurusu nas\u0131l yap\u0131l\u0131r?<\/a><\/strong><\/li>\n\n\n\n<li><strong><a href=\"https:\/\/help.unhcr.org\/canada\/tr\/resources-for-asylum-seekers\/\">Kanada&#8217;daki s\u0131\u011f\u0131nmac\u0131lar i\u00e7in kaynaklar<\/a><\/strong><\/li>\n\n\n\n<li><strong><a href=\"https:\/\/help.unhcr.org\/canada\/tr\/rights-and-duties-3\/\">Kanada&#8217;daki s\u0131\u011f\u0131nmac\u0131 ve m\u00fcltecilerin haklar\u0131 ve g\u00f6revleri<\/a><\/strong><\/li>\n\n\n\n<li><strong><a href=\"https:\/\/help.unhcr.org\/canada\/tr\/family-reunification\/\">Aile Birle\u015fimi<\/a><\/strong><\/li>\n\n\n\n<li><strong><a href=\"https:\/\/help.unhcr.org\/canada\/tr\/anti-fraud\/\">Doland\u0131r\u0131c\u0131l\u0131kla m\u00fccadele<\/a><\/strong><\/li>\n\n\n\n<li><strong><a href=\"https:\/\/help.unhcr.org\/canada\/tr\/about-unhcr-in-canada\/\">Kanada BMMYK ofisi hakk\u0131nda<\/a><\/strong><\/li>\n<\/ul>\n\n\n\n<p><strong><strong>Burada yer alan bilgiler bir rehber olarak kullan\u0131lacak olup hukuki tavsiye niteli\u011finde de\u011fildir. Herhangi bir sorunuz varsa, l\u00fctfen hukuki yard\u0131m al\u0131n.<\/strong><\/strong><\/p>\n\n\n\n<p class=\"has-background\" style=\"background-color:#fdf499\">Doland\u0131r\u0131c\u0131l\u0131k Uyar\u0131s\u0131: Baz\u0131 ki\u015filer, yeniden yerle\u015ftirme hizmeti sa\u011flama vaadiyle UNHCR Kanada\u2019n\u0131n resmi telefon numaras\u0131n\u0131 (613-232-0909) sahte bi\u00e7imde kullanarak para talep etmektedir. Bu ki\u015filer doland\u0131r\u0131c\u0131d\u0131r ve UNHCR ile hi\u00e7bir ba\u011flant\u0131lar\u0131 yoktur. UNHCR taraf\u0131ndan sunulan t\u00fcm hizmetler her zaman \u00fccretsizdir.<\/p>\n\n\n\n<p><\/p>\n","protected":false},"excerpt":{"rendered":"<p>\ud83d\udea8\u00d6nemli: Kanada\u2019n\u0131n \u0130ltica Sistemindeki De\u011fi\u015fiklikler\ud83d\udea8 Kanada, 26 Mart 2026 tarihinde iltica sisteminde baz\u0131 de\u011fi\u015fiklikler yapm\u0131\u015ft\u0131r. Bu de\u011fi\u015fikliklere ili\u015fkin ayr\u0131nt\u0131lar yak\u0131nda payla\u015f\u0131lacakt\u0131r. S\u00f6z konusu d\u00fczenlemeler; kimlerin iltica ba\u015fvurusunda bulunabilece\u011fini, ba\u015fvurular\u0131n nas\u0131l de\u011ferlendirilece\u011fini ve uyulmas\u0131 gereken son tarihleri etkileyebilir. Daha fazla bilgi i\u00e7in l\u00fctfen Kanada H\u00fck\u00fcmeti\u2019nin resmi internet sitesini ziyaret edin. Kanada\u2019da iltica ba\u015fvurusunda bulunmay\u0131 d\u00fc\u015f\u00fcn\u00fcyorsan\u0131z, mutlaka [&hellip;]<\/p>\n","protected":false},"author":24,"featured_media":0,"parent":0,"menu_order":0,"comment_status":"closed","ping_status":"closed","template":"","meta":{"_acf_changed":false,"footnotes":""},"class_list":["post-1766","page","type-page","status-publish","hentry"],"acf":[],"_links":{"self":[{"href":"https:\/\/help.unhcr.org\/canada\/tr\/wp-json\/wp\/v2\/pages\/1766","targetHints":{"allow":["GET"]}}],"collection":[{"href":"https:\/\/help.unhcr.org\/canada\/tr\/wp-json\/wp\/v2\/pages"}],"about":[{"href":"https:\/\/help.unhcr.org\/canada\/tr\/wp-json\/wp\/v2\/types\/page"}],"author":[{"embeddable":true,"href":"https:\/\/help.unhcr.org\/canada\/tr\/wp-json\/wp\/v2\/users\/24"}],"replies":[{"embeddable":true,"href":"https:\/\/help.unhcr.org\/canada\/tr\/wp-json\/wp\/v2\/comments?post=1766"}],"version-history":[{"count":11,"href":"https:\/\/help.unhcr.org\/canada\/tr\/wp-json\/wp\/v2\/pages\/1766\/revisions"}],"predecessor-version":[{"id":2761,"href":"https:\/\/help.unhcr.org\/canada\/tr\/wp-json\/wp\/v2\/pages\/1766\/revisions\/2761"}],"wp:attachment":[{"href":"https:\/\/help.unhcr.org\/canada\/tr\/wp-json\/wp\/v2\/media?parent=1766"}],"curies":[{"name":"wp","href":"https:\/\/api.w.org\/{rel}","templated":true}]}}