{"id":1618,"date":"2018-02-08T10:40:51","date_gmt":"2018-02-08T10:40:51","guid":{"rendered":"https:\/\/help.unhcr.org\/canada\/about-unhcr-in-canada\/"},"modified":"2023-12-18T21:58:57","modified_gmt":"2023-12-18T21:58:57","slug":"about-unhcr-in-canada","status":"publish","type":"page","link":"https:\/\/help.unhcr.org\/canada\/tr\/about-unhcr-in-canada\/","title":{"rendered":"Kanada BMMYK Ofisi Hakk\u0131nda"},"content":{"rendered":"\n<h3 class=\"wp-block-heading\">BM M\u00fclteci Ajans\u0131 BMMYK, m\u00fclteciler, zorla yerinden edilmi\u015f topluluklar ve vatans\u0131z insanlar i\u00e7in hayat kurtarmaya, haklar\u0131 korumaya ve daha iyi bir gelecek in\u015fa etmeye adanm\u0131\u015f k\u00fcresel bir kurulu\u015ftur. BMMYK 140&#8217;tan fazla \u00fclkede faaliyet g\u00f6stermektedir.\u00a0<\/h3>\n\n\n\n<p>BMMYK onlarca y\u0131ld\u0131r pek \u00e7ok \u00fclkede krizlerle kar\u015f\u0131 kar\u015f\u0131ya kalm\u0131\u015ft\u0131r. S\u0131\u011f\u0131nmac\u0131lara, m\u00fcltecilere, \u00fclke i\u00e7inde yerinden edilmi\u015f ve vatans\u0131z insanlara hayat kurtaran yard\u0131mlar sa\u011flad\u0131k. Evlerinden ayr\u0131lmak zorunda kalan milyonlarca insan i\u00e7in BMMYK hayat kurtarmakta ve daha iyi bir gelecek in\u015fa etmektedir.\u00a0<\/p>\n\n\n\n<p>1951 M\u00fclteci S\u00f6zle\u015fmesi, \u00e7al\u0131\u015fmalar\u0131m\u0131z\u0131n temelini olu\u015fturan en \u00f6nemli hukuki belgedir. Kanada da dahil olmak \u00fczere 145 taraf Devlet taraf\u0131ndan onaylanan bu s\u00f6zle\u015fme, &#8220;m\u00fclteci&#8221; terimini tan\u0131mlamakta ve yerinden edilmi\u015f ki\u015filerin haklar\u0131n\u0131n yan\u0131 s\u0131ra Devletlerin bu ki\u015fileri korumaya y\u00f6nelik yasal y\u00fck\u00fcml\u00fcl\u00fcklerini ana hatlar\u0131yla belirlemektedir.\u00a0<\/p>\n\n\n\n<h4 class=\"wp-block-heading\"><strong>Kanada&#8217;daki ofisimiz 1976 y\u0131l\u0131nda kap\u0131lar\u0131n\u0131 a\u00e7m\u0131\u015ft\u0131r ve d\u00f6rt temel alanda \u00e7al\u0131\u015fmaktad\u0131r:\u00a0<\/strong><\/h4>\n\n\n\n<p><\/p>\n\n\n\n<ul style=\"background-color:#0072bc\" class=\"has-white-color has-text-color has-background wp-block-list\">\n<li><strong>Koruma:<\/strong> M\u00fclteciler ve s\u0131\u011f\u0131nmac\u0131lar i\u00e7in en y\u00fcksek koruma standartlar\u0131n\u0131 te\u015fvik etmek amac\u0131yla Kanada iltica uygulamalar\u0131n\u0131 ve politikalar\u0131n\u0131 g\u00f6zlemliyoruz.&nbsp;<\/li>\n\n\n\n<li><strong>\u00c7\u00f6z\u00fcmler:<\/strong> M\u00fcltecilerin hayatlar\u0131n\u0131 onurlu ve huzurlu bir \u015fekilde ya\u015famalar\u0131n\u0131 sa\u011flayacak kal\u0131c\u0131 \u00e7\u00f6z\u00fcmler buluyoruz. Bu \u00e7\u00f6z\u00fcmler g\u00f6n\u00fcll\u00fc geri d\u00f6n\u00fc\u015f, yerle\u015ftirme ve entegrasyonu i\u00e7erebilir.&nbsp;<\/li>\n\n\n\n<li><strong>\u0130leti\u015fim:<\/strong> Kanadal\u0131lar\u0131 m\u00fcltecilerin ve di\u011fer yerinden edilmi\u015f ki\u015filerin durumu ve BMMYK&#8217;n\u0131n sahadaki \u00e7al\u0131\u015fmalar\u0131 hakk\u0131nda bilgilendiriyor ve e\u011fitiyoruz.&nbsp;<\/li>\n\n\n\n<li><strong>Ba\u011f\u0131\u015f Toplama:<\/strong> Kanada halk\u0131n\u0131 ve Kanada H\u00fck\u00fcmetini d\u00fcnya \u00e7ap\u0131ndaki BMMYK programlar\u0131na mali yard\u0131m sa\u011flamaya te\u015fvik ediyoruz.&nbsp;<\/li>\n<\/ul>\n\n\n\n<p><\/p>\n\n\n\n<p><strong>Bize ula\u015f\u0131n! <\/strong>\u00d6zel dosyan\u0131z veya s\u0131\u011f\u0131nma talebi s\u00fcreci hakk\u0131nda sorular\u0131n\u0131z varsa, l\u00fctfen <a href=\"mailto:canotinq@unhcr.org\">canotinq@unhcr.org<\/a> adresinden e-posta yoluyla bizimle ileti\u015fime ge\u00e7in. \u00a0<\/p>\n\n\n\n<p>Kanada&#8217;da BMMYK&#8217;n\u0131n bireysel vakalarla ilgili s\u00fcre\u00e7lere dahil olmad\u0131\u011f\u0131n\u0131 l\u00fctfen unutmay\u0131n. S\u0131\u011f\u0131nma talebinizle ilgili yard\u0131ma ihtiyac\u0131n\u0131z varsa, bu k\u0131lavuzda listelenen bir\u00e7ok kurulu\u015ftan birinden yard\u0131m almal\u0131s\u0131n\u0131z.<\/p>\n\n\n\n<p>BMMYK Kanada Ofisi, s\u0131\u011f\u0131nmac\u0131lar i\u00e7in do\u011frudan hizmet sunmamaktad\u0131r ve ofislerimizle ileti\u015fime ge\u00e7meniz halinde yard\u0131m i\u00e7in sizi Kanada&#8217;daki di\u011fer mevcut hizmetlere y\u00f6nlendirecektir.\u00a0<\/p>\n\n\n\n<h4 class=\"wp-block-heading\"><strong>Kanada&#8217;daki merkez ofisimiz Ottawa&#8217;dad\u0131r:\u00a0<\/strong><\/h4>\n\n\n\n<ul class=\"wp-block-list\">\n<li>Adres: 280 Albert St #401, Ottawa, ON K1P 5G8&nbsp;<\/li>\n\n\n\n<li>Telefon:&nbsp;+1-613-232-0909&nbsp;<\/li>\n<\/ul>\n\n\n\n<h4 class=\"wp-block-heading\"><strong>Ayr\u0131ca Montreal, Quebec&#8217;te de bir \u015fubemiz bulunmaktad\u0131r:\u00a0<\/strong><\/h4>\n\n\n\n<ul class=\"wp-block-list\">\n<li>Adres: 200 Boulevard Ren\u00e9-L\u00e9vesque O, Montr\u00e9al, QC H2Z 1X4&nbsp;<\/li>\n\n\n\n<li>Telefon:&nbsp;1-514-496-1637&nbsp;<\/li>\n<\/ul>\n\n\n\n<p><a href=\"https:\/\/www.unhcr.ca\/\" target=\"_blank\" rel=\"noopener\">Web sitesi<\/a><\/p>\n","protected":false},"excerpt":{"rendered":"<p>BM M\u00fclteci Ajans\u0131 BMMYK, m\u00fclteciler, zorla yerinden edilmi\u015f topluluklar ve vatans\u0131z insanlar i\u00e7in hayat kurtarmaya, haklar\u0131 korumaya ve daha iyi bir gelecek in\u015fa etmeye adanm\u0131\u015f k\u00fcresel bir kurulu\u015ftur. BMMYK 140&#8217;tan fazla \u00fclkede faaliyet g\u00f6stermektedir.\u00a0 BMMYK onlarca y\u0131ld\u0131r pek \u00e7ok \u00fclkede krizlerle kar\u015f\u0131 kar\u015f\u0131ya kalm\u0131\u015ft\u0131r. S\u0131\u011f\u0131nmac\u0131lara, m\u00fcltecilere, \u00fclke i\u00e7inde yerinden edilmi\u015f ve vatans\u0131z insanlara hayat kurtaran [&hellip;]<\/p>\n","protected":false},"author":1,"featured_media":0,"parent":0,"menu_order":10,"comment_status":"closed","ping_status":"closed","template":"","meta":{"_acf_changed":false,"footnotes":""},"class_list":["post-1618","page","type-page","status-publish","hentry"],"acf":[],"_links":{"self":[{"href":"https:\/\/help.unhcr.org\/canada\/tr\/wp-json\/wp\/v2\/pages\/1618","targetHints":{"allow":["GET"]}}],"collection":[{"href":"https:\/\/help.unhcr.org\/canada\/tr\/wp-json\/wp\/v2\/pages"}],"about":[{"href":"https:\/\/help.unhcr.org\/canada\/tr\/wp-json\/wp\/v2\/types\/page"}],"author":[{"embeddable":true,"href":"https:\/\/help.unhcr.org\/canada\/tr\/wp-json\/wp\/v2\/users\/1"}],"replies":[{"embeddable":true,"href":"https:\/\/help.unhcr.org\/canada\/tr\/wp-json\/wp\/v2\/comments?post=1618"}],"version-history":[{"count":1,"href":"https:\/\/help.unhcr.org\/canada\/tr\/wp-json\/wp\/v2\/pages\/1618\/revisions"}],"predecessor-version":[{"id":1620,"href":"https:\/\/help.unhcr.org\/canada\/tr\/wp-json\/wp\/v2\/pages\/1618\/revisions\/1620"}],"wp:attachment":[{"href":"https:\/\/help.unhcr.org\/canada\/tr\/wp-json\/wp\/v2\/media?parent=1618"}],"curies":[{"name":"wp","href":"https:\/\/api.w.org\/{rel}","templated":true}]}}