{"id":1591,"date":"2022-06-28T19:19:56","date_gmt":"2022-06-28T19:19:56","guid":{"rendered":"https:\/\/help.unhcr.org\/canada\/rights-and-duties-3\/rights-and-duties-2\/"},"modified":"2024-03-07T19:29:17","modified_gmt":"2024-03-07T19:29:17","slug":"rights-and-duties-2","status":"publish","type":"page","link":"https:\/\/help.unhcr.org\/canada\/tr\/rights-and-duties-3\/rights-and-duties-2\/","title":{"rendered":"S\u0131\u011f\u0131nmac\u0131lar\u0131n haklar\u0131 \u00a0"},"content":{"rendered":"","protected":false},"excerpt":{"rendered":"","protected":false},"author":24,"featured_media":0,"parent":1583,"menu_order":10,"comment_status":"closed","ping_status":"closed","template":"page-templates\/sectioned.php","meta":{"_acf_changed":false,"footnotes":""},"class_list":["post-1591","page","type-page","status-publish","hentry"],"acf":[],"_links":{"self":[{"href":"https:\/\/help.unhcr.org\/canada\/tr\/wp-json\/wp\/v2\/pages\/1591","targetHints":{"allow":["GET"]}}],"collection":[{"href":"https:\/\/help.unhcr.org\/canada\/tr\/wp-json\/wp\/v2\/pages"}],"about":[{"href":"https:\/\/help.unhcr.org\/canada\/tr\/wp-json\/wp\/v2\/types\/page"}],"author":[{"embeddable":true,"href":"https:\/\/help.unhcr.org\/canada\/tr\/wp-json\/wp\/v2\/users\/24"}],"replies":[{"embeddable":true,"href":"https:\/\/help.unhcr.org\/canada\/tr\/wp-json\/wp\/v2\/comments?post=1591"}],"version-history":[{"count":4,"href":"https:\/\/help.unhcr.org\/canada\/tr\/wp-json\/wp\/v2\/pages\/1591\/revisions"}],"predecessor-version":[{"id":1963,"href":"https:\/\/help.unhcr.org\/canada\/tr\/wp-json\/wp\/v2\/pages\/1591\/revisions\/1963"}],"up":[{"embeddable":true,"href":"https:\/\/help.unhcr.org\/canada\/tr\/wp-json\/wp\/v2\/pages\/1583"}],"wp:attachment":[{"href":"https:\/\/help.unhcr.org\/canada\/tr\/wp-json\/wp\/v2\/media?parent=1591"}],"curies":[{"name":"wp","href":"https:\/\/api.w.org\/{rel}","templated":true}]}}