{"id":1583,"date":"2023-07-17T19:45:06","date_gmt":"2023-07-17T19:45:06","guid":{"rendered":"https:\/\/help.unhcr.org\/canada\/rights-and-duties-3\/"},"modified":"2024-02-22T04:04:17","modified_gmt":"2024-02-22T04:04:17","slug":"rights-and-duties-3","status":"publish","type":"page","link":"https:\/\/help.unhcr.org\/canada\/tr\/rights-and-duties-3\/","title":{"rendered":"Haklar ve G\u00f6revler"},"content":{"rendered":"\n<p class=\"has-text-align-center has-background\" style=\"background-color:#cce3f2\">\u2b07\ufe0f <strong>S\u0131\u011f\u0131nmac\u0131lar\u0131n ve m\u00fcltecilerin haklar\u0131 ve g\u00f6revleri hakk\u0131nda daha fazla bilgi edinmek i\u00e7in a\u015fa\u011f\u0131daki simgelerden birini se\u00e7in<\/strong>\u2b07\ufe0f<\/p>\n","protected":false},"excerpt":{"rendered":"<p>\u2b07\ufe0f S\u0131\u011f\u0131nmac\u0131lar\u0131n ve m\u00fcltecilerin haklar\u0131 ve g\u00f6revleri hakk\u0131nda daha fazla bilgi edinmek i\u00e7in a\u015fa\u011f\u0131daki simgelerden birini se\u00e7in\u2b07\ufe0f<\/p>\n","protected":false},"author":383,"featured_media":0,"parent":0,"menu_order":0,"comment_status":"closed","ping_status":"closed","template":"page-templates\/listing_page.php","meta":{"_acf_changed":false,"footnotes":""},"class_list":["post-1583","page","type-page","status-publish","hentry"],"acf":[],"_links":{"self":[{"href":"https:\/\/help.unhcr.org\/canada\/tr\/wp-json\/wp\/v2\/pages\/1583","targetHints":{"allow":["GET"]}}],"collection":[{"href":"https:\/\/help.unhcr.org\/canada\/tr\/wp-json\/wp\/v2\/pages"}],"about":[{"href":"https:\/\/help.unhcr.org\/canada\/tr\/wp-json\/wp\/v2\/types\/page"}],"author":[{"embeddable":true,"href":"https:\/\/help.unhcr.org\/canada\/tr\/wp-json\/wp\/v2\/users\/383"}],"replies":[{"embeddable":true,"href":"https:\/\/help.unhcr.org\/canada\/tr\/wp-json\/wp\/v2\/comments?post=1583"}],"version-history":[{"count":2,"href":"https:\/\/help.unhcr.org\/canada\/tr\/wp-json\/wp\/v2\/pages\/1583\/revisions"}],"predecessor-version":[{"id":1835,"href":"https:\/\/help.unhcr.org\/canada\/tr\/wp-json\/wp\/v2\/pages\/1583\/revisions\/1835"}],"wp:attachment":[{"href":"https:\/\/help.unhcr.org\/canada\/tr\/wp-json\/wp\/v2\/media?parent=1583"}],"curies":[{"name":"wp","href":"https:\/\/api.w.org\/{rel}","templated":true}]}}