{"id":1522,"date":"2022-06-28T18:33:09","date_gmt":"2022-06-28T18:33:09","guid":{"rendered":"https:\/\/help.unhcr.org\/canada\/resources-for-asylum-seekers\/ontario\/"},"modified":"2024-03-07T19:10:54","modified_gmt":"2024-03-07T19:10:54","slug":"ontario","status":"publish","type":"page","link":"https:\/\/help.unhcr.org\/canada\/tr\/resources-for-asylum-seekers\/ontario\/","title":{"rendered":"Ontario"},"content":{"rendered":"\n<h3 class=\"wp-block-heading has-white-color has-text-color has-background\" style=\"background-color:#0072bc\">Ontario Adli Yard\u0131m Birimi<\/h3>\n\n\n\n<p>Legal Aid Ontario, Ontario&#8217;da bir avukat tutacak paran\u0131z yoksa, avukatlara yasal hizmetler i\u00e7in kupon niteli\u011finde sertifikalar vererek iltica talebi duru\u015fman\u0131zda sizi temsil etmeleri i\u00e7in avukatlara \u00f6deme yapar. Adli yard\u0131m sertifikas\u0131n\u0131 bir avukata g\u00f6t\u00fcrebilir ve avukat\u0131n belirli bir saat i\u00e7in verdi\u011fi hizmetin &#8220;\u00fccretini \u00f6demek&#8221; i\u00e7in kullanabilirsiniz.<\/p>\n\n\n\n<ul class=\"wp-block-list\">\n<li><strong>Telefon:&nbsp;<\/strong>+1-800-668-8258<\/li>\n\n\n\n<li><strong>E-posta:&nbsp;<\/strong><a href=\"mailto:info@lao.on.ca\">info@lao.on.ca<\/a><\/li>\n\n\n\n<li><strong>Web sitesi:&nbsp;<\/strong><a href=\"http:\/\/www.legalaid.on.ca\/en\/\" target=\"_blank\" rel=\"noreferrer noopener\">http:\/\/www.legalaid.on.ca\/en\/<\/a><\/li>\n\n\n\n<li><strong>Adres:<\/strong>&nbsp;Atrium on Bay, 40 Dundas Street West, Suite 200, Toronto, Ontario, M5G 2H1<\/li>\n\n\n\n<li><strong>\u00c7al\u0131\u015fma saatleri:&nbsp;<\/strong>Pazartesi-Cuma, 09.00 &#8211; 17.00<\/li>\n<\/ul>\n\n\n\n<h3 class=\"wp-block-heading has-white-color has-text-color has-background\" style=\"background-color:#0072bc\">Kanada K\u0131z\u0131lha\u00e7\u0131 \u0130lk \u0130leti\u015fim Program\u0131<\/h3>\n\n\n\n<p>Kanada K\u0131z\u0131l Ha\u00e7\u0131 \u0130lk \u0130leti\u015fim Program\u0131, acil durum bar\u0131na\u011f\u0131, sosyal hizmetler, hukuk ve sa\u011fl\u0131k hizmetleri hakk\u0131nda do\u011fru bilgi sa\u011flar, m\u00fclteci belirleme s\u00fcreci, Ge\u00e7ici Federal Sa\u011fl\u0131k, adli yard\u0131m, bar\u0131nma sistemi, sosyal hizmetler, \u0130ngilizce kurslar\u0131, \u00e7al\u0131\u015fma izinleri ve daha fazlas\u0131n\u0131n \u00fcst d\u00fczey bir de\u011ferlendirmesini i\u00e7eren oryantasyon ve genel bilgi yoluyla y\u00fcr\u00fcr ve \u00f6zellikle yeni gelen m\u00fclteci talep sahipleri i\u00e7in mesai sonras\u0131 y\u00f6nlendirmelere odaklanan 7\/24 telefonla bilgi ve y\u00f6nlendirme hizmetleri sa\u011flar.<\/p>\n\n\n\n<ul class=\"wp-block-list\">\n<li><strong>Telefon:<\/strong> 416-480-2500 options 1 &amp;&nbsp;1<br>\u00dccretsiz&nbsp;1-866-902-4993<\/li>\n\n\n\n<li><strong>E-posta<\/strong>:\u00a0<a href=\"mailto:firstcontactontario@redcross.ca\">firstcontactontario@redcrossca<\/a><\/li>\n\n\n\n<li><strong>Web sitesi:<\/strong> https:\/\/www.redcross.ca\/how-we-help\/migrant-and-refugee-services\/first-contact\/first-contact-ontario<\/li>\n\n\n\n<li><strong>Adres: <\/strong>Etobicoke Satellite Branch, <a href=\"https:\/\/www.google.ca\/maps\/place\/557+Dixon+Rd,+Etobicoke,+ON+M9W+1A8\/%4043.6900939,-79.5738587,17z\/data=!3m1!4b1!4m5!3m4!1s0x882b39f0a9c8f6c1:0x201dbc92de4ee3e2!8m2!3d43.6900939!4d-79.57167\" target=\"_blank\" rel=\"noreferrer noopener\">557 Dixon Road, Unit 122<\/a>, Etobicoke, ON (Dixon Road and Martin Grove Road)<\/li>\n\n\n\n<li><strong>\u00c7al\u0131\u015fma saatleri:<\/strong>&nbsp;Pazartesi-Cuma, 08.00 &#8211; 20.00 (resmi tatiller hari\u00e7)<\/li>\n<\/ul>\n\n\n\n<h3 class=\"wp-block-heading has-white-color has-text-color has-background\" style=\"background-color:#0072bc\">Ottawa YMCA\/YWCA Yeni Gelen Bilgi Merkezi (NIC)<\/h3>\n\n\n\n<p>NIC personeli \u00f6nemli ad\u0131mlar\u0131 a\u00e7\u0131klayacak ve \u00f6nceliklerinize karar vermenize yard\u0131mc\u0131 olacakt\u0131r. Ayr\u0131ca sizi hukuki dan\u0131\u015fmanl\u0131k ve yerle\u015fim hizmetlerine y\u00f6nlendirecek ve bar\u0131nak bulman\u0131za veya mali yard\u0131m i\u00e7in kay\u0131t yapt\u0131rman\u0131za yard\u0131mc\u0131 olacaklard\u0131r.<\/p>\n\n\n\n<ul class=\"wp-block-list\">\n<li><strong>Telefon:&nbsp;<\/strong>+1-613-788-5001<\/li>\n\n\n\n<li><strong>E-posta: <\/strong><a href=\"mailto:nic@ymcaywca.ca\">nic@ymcaywca.ca<\/a><strong> &nbsp;<\/strong><\/li>\n\n\n\n<li><strong>Web sitesi:&nbsp;<\/strong><a href=\"http:\/\/www.ymcaywca.ca\/\" target=\"_blank\" rel=\"noreferrer noopener\">www.ymcaywca.ca<\/a><\/li>\n\n\n\n<li><strong>Adres:<\/strong>&nbsp;180 Argyle Avenue, 4th floor, Ottawa, Ontario, K2P 0N2<\/li>\n\n\n\n<li><strong>\u00c7al\u0131\u015fma saatleri:&nbsp;<\/strong>Pazartesi-Cuma, 09.00 &#8211; 16.30<\/li>\n<\/ul>\n\n\n\n<h3 class=\"wp-block-heading has-white-color has-text-color has-background\" style=\"background-color:#0072bc\">Ontario S\u0131\u011f\u0131nma Ba\u015fvuru Sahipleri i\u00e7in Hizmet Sa\u011flay\u0131c\u0131lar Koalisyonu<\/h3>\n\n\n\n<p>Ontario S\u0131\u011f\u0131nma Ba\u015fvuru Sahiplerine Y\u00f6nelik Hizmet Sa\u011flay\u0131c\u0131lar Koalisyonu, G\u00fcney Ontario&#8217;da ve iki tanesi Amerika Birle\u015fik Devletleri&#8217;nde olmak \u00fczere hassas gruplarla \u00e7al\u0131\u015fan m\u00fclteci evleri ve ajanslar\u0131ndan olu\u015fmaktad\u0131r.<\/p>\n\n\n\n<ul class=\"wp-block-list\">\n<li><strong>Web sitesi:\u00a0<\/strong><a href=\"https:\/\/refugeehouses.ca\/members-and-houses\/\" target=\"_blank\" rel=\"noreferrer noopener\">https:\/\/refugeehouses.ca\/members-and-houses\/<\/a><strong> <\/strong><\/li>\n<\/ul>\n","protected":false},"excerpt":{"rendered":"<p>Ontario Adli Yard\u0131m Birimi Legal Aid Ontario, Ontario&#8217;da bir avukat tutacak paran\u0131z yoksa, avukatlara yasal hizmetler i\u00e7in kupon niteli\u011finde sertifikalar vererek iltica talebi duru\u015fman\u0131zda sizi temsil etmeleri i\u00e7in avukatlara \u00f6deme yapar. Adli yard\u0131m sertifikas\u0131n\u0131 bir avukata g\u00f6t\u00fcrebilir ve avukat\u0131n belirli bir saat i\u00e7in verdi\u011fi hizmetin &#8220;\u00fccretini \u00f6demek&#8221; i\u00e7in kullanabilirsiniz. Kanada K\u0131z\u0131lha\u00e7\u0131 \u0130lk \u0130leti\u015fim Program\u0131 Kanada [&hellip;]<\/p>\n","protected":false},"author":24,"featured_media":0,"parent":1484,"menu_order":20,"comment_status":"closed","ping_status":"closed","template":"","meta":{"_acf_changed":false,"footnotes":""},"class_list":["post-1522","page","type-page","status-publish","hentry"],"acf":[],"_links":{"self":[{"href":"https:\/\/help.unhcr.org\/canada\/tr\/wp-json\/wp\/v2\/pages\/1522","targetHints":{"allow":["GET"]}}],"collection":[{"href":"https:\/\/help.unhcr.org\/canada\/tr\/wp-json\/wp\/v2\/pages"}],"about":[{"href":"https:\/\/help.unhcr.org\/canada\/tr\/wp-json\/wp\/v2\/types\/page"}],"author":[{"embeddable":true,"href":"https:\/\/help.unhcr.org\/canada\/tr\/wp-json\/wp\/v2\/users\/24"}],"replies":[{"embeddable":true,"href":"https:\/\/help.unhcr.org\/canada\/tr\/wp-json\/wp\/v2\/comments?post=1522"}],"version-history":[{"count":14,"href":"https:\/\/help.unhcr.org\/canada\/tr\/wp-json\/wp\/v2\/pages\/1522\/revisions"}],"predecessor-version":[{"id":1953,"href":"https:\/\/help.unhcr.org\/canada\/tr\/wp-json\/wp\/v2\/pages\/1522\/revisions\/1953"}],"up":[{"embeddable":true,"href":"https:\/\/help.unhcr.org\/canada\/tr\/wp-json\/wp\/v2\/pages\/1484"}],"wp:attachment":[{"href":"https:\/\/help.unhcr.org\/canada\/tr\/wp-json\/wp\/v2\/media?parent=1522"}],"curies":[{"name":"wp","href":"https:\/\/api.w.org\/{rel}","templated":true}]}}