{"id":1496,"date":"2023-07-11T18:11:32","date_gmt":"2023-07-11T18:11:32","guid":{"rendered":"https:\/\/help.unhcr.org\/canada\/resources-for-asylum-seekers\/new-brunswick\/"},"modified":"2024-03-07T18:52:14","modified_gmt":"2024-03-07T18:52:14","slug":"new-brunswick","status":"publish","type":"page","link":"https:\/\/help.unhcr.org\/canada\/tr\/resources-for-asylum-seekers\/new-brunswick\/","title":{"rendered":"New Brunswick"},"content":{"rendered":"\n<h3 class=\"wp-block-heading has-white-color has-text-color has-background\" style=\"background-color:#0072bc\">New Brunswick M\u00fclteci Klini\u011fi<\/h3>\n\n\n\n<p>New Brunswick M\u00fclteci Hizmetleri, New Brunswick&#8217;te \u00f6zel avukat tutacak maddi imk\u00e2n\u0131 olmayan s\u0131\u011f\u0131nmac\u0131lara iki dilde \u00fccretsiz hukuki hizmet sa\u011flamaktad\u0131r. Benzer \u015fekilde klinik, risk alt\u0131ndaki ki\u015filere insani ve vicdani gerek\u00e7elerle daimi ikamet ba\u015fvurular\u0131nda yard\u0131mc\u0131 olmaktad\u0131r.<\/p>\n\n\n\n<ul class=\"wp-block-list\">\n<li><strong>Telefon:<\/strong> 506-204-5781<\/li>\n\n\n\n<li><strong>E-posta:<\/strong>&nbsp;<a href=\"mailto:info@nbrc-crnb.ca\">info@nbrc-crnb.ca<\/a><\/li>\n\n\n\n<li><strong><a href=\"https:\/\/nbrc-crnb.ca\/\" target=\"_blank\" rel=\"noreferrer noopener\">Web sitesi<\/a><\/strong><\/li>\n\n\n\n<li><strong>Adres: <\/strong>327 St George Street, Suite 204, Moncton, New Brunswick<\/li>\n\n\n\n<li><strong>\u00c7al\u0131\u015fma saatleri:<\/strong>&nbsp;Pazartesi-Cuma, 09.00 &#8211; 17.00<\/li>\n<\/ul>\n","protected":false},"excerpt":{"rendered":"<p>New Brunswick M\u00fclteci Klini\u011fi New Brunswick M\u00fclteci Hizmetleri, New Brunswick&#8217;te \u00f6zel avukat tutacak maddi imk\u00e2n\u0131 olmayan s\u0131\u011f\u0131nmac\u0131lara iki dilde \u00fccretsiz hukuki hizmet sa\u011flamaktad\u0131r. Benzer \u015fekilde klinik, risk alt\u0131ndaki ki\u015filere insani ve vicdani gerek\u00e7elerle daimi ikamet ba\u015fvurular\u0131nda yard\u0131mc\u0131 olmaktad\u0131r.<\/p>\n","protected":false},"author":24,"featured_media":0,"parent":1484,"menu_order":0,"comment_status":"closed","ping_status":"closed","template":"","meta":{"_acf_changed":false,"footnotes":""},"class_list":["post-1496","page","type-page","status-publish","hentry"],"acf":[],"_links":{"self":[{"href":"https:\/\/help.unhcr.org\/canada\/tr\/wp-json\/wp\/v2\/pages\/1496","targetHints":{"allow":["GET"]}}],"collection":[{"href":"https:\/\/help.unhcr.org\/canada\/tr\/wp-json\/wp\/v2\/pages"}],"about":[{"href":"https:\/\/help.unhcr.org\/canada\/tr\/wp-json\/wp\/v2\/types\/page"}],"author":[{"embeddable":true,"href":"https:\/\/help.unhcr.org\/canada\/tr\/wp-json\/wp\/v2\/users\/24"}],"replies":[{"embeddable":true,"href":"https:\/\/help.unhcr.org\/canada\/tr\/wp-json\/wp\/v2\/comments?post=1496"}],"version-history":[{"count":2,"href":"https:\/\/help.unhcr.org\/canada\/tr\/wp-json\/wp\/v2\/pages\/1496\/revisions"}],"predecessor-version":[{"id":1948,"href":"https:\/\/help.unhcr.org\/canada\/tr\/wp-json\/wp\/v2\/pages\/1496\/revisions\/1948"}],"up":[{"embeddable":true,"href":"https:\/\/help.unhcr.org\/canada\/tr\/wp-json\/wp\/v2\/pages\/1484"}],"wp:attachment":[{"href":"https:\/\/help.unhcr.org\/canada\/tr\/wp-json\/wp\/v2\/media?parent=1496"}],"curies":[{"name":"wp","href":"https:\/\/api.w.org\/{rel}","templated":true}]}}