{"id":1490,"date":"2023-07-11T18:02:59","date_gmt":"2023-07-11T18:02:59","guid":{"rendered":"https:\/\/help.unhcr.org\/canada\/resources-for-asylum-seekers\/__trashed-2\/"},"modified":"2024-03-07T19:08:51","modified_gmt":"2024-03-07T19:08:51","slug":"__trashed-2","status":"publish","type":"page","link":"https:\/\/help.unhcr.org\/canada\/tr\/resources-for-asylum-seekers\/__trashed-2\/","title":{"rendered":"Nova Scotia"},"content":{"rendered":"\n<h3 class=\"wp-block-heading has-white-color has-text-color has-background\" style=\"background-color:#0072bc\">Halifax M\u00fclteci Klini\u011fi<\/h3>\n\n\n\n<p>Halifax M\u00fclteci Hizmetleri, \u00f6zel avukat tutamayacak durumda olan s\u0131\u011f\u0131nma ba\u015fvurusu sahiplerine e\u011fitim, hukuk ve yerle\u015fim hizmetleri sa\u011flamaktad\u0131r.<\/p>\n\n\n\n<ul class=\"wp-block-list\">\n<li><strong>Telefon: <\/strong>+ 1 (902) 422-6736<\/li>\n\n\n\n<li><strong>E-posta:<\/strong>&nbsp;halifaxrefugeeclinic@gmail.com<\/li>\n\n\n\n<li><strong><a href=\"https:\/\/halifaxrefugeeclinic.org\/contact\/\" target=\"_blank\" rel=\"noreferrer noopener\">Web sitesi<\/a><\/strong><\/li>\n\n\n\n<li><strong>Adres: <\/strong>5538 Macara Street, Halifax, Nova Scotia, B3K 1V9<\/li>\n\n\n\n<li><strong>\u00c7al\u0131\u015fma saatleri:<\/strong>&nbsp;Pazartesi-Cuma, 09.00 &#8211; 17.00<\/li>\n<\/ul>\n","protected":false},"excerpt":{"rendered":"<p>Halifax M\u00fclteci Klini\u011fi Halifax M\u00fclteci Hizmetleri, \u00f6zel avukat tutamayacak durumda olan s\u0131\u011f\u0131nma ba\u015fvurusu sahiplerine e\u011fitim, hukuk ve yerle\u015fim hizmetleri sa\u011flamaktad\u0131r.<\/p>\n","protected":false},"author":24,"featured_media":0,"parent":1484,"menu_order":10,"comment_status":"closed","ping_status":"closed","template":"","meta":{"_acf_changed":false,"footnotes":""},"class_list":["post-1490","page","type-page","status-publish","hentry"],"acf":[],"_links":{"self":[{"href":"https:\/\/help.unhcr.org\/canada\/tr\/wp-json\/wp\/v2\/pages\/1490","targetHints":{"allow":["GET"]}}],"collection":[{"href":"https:\/\/help.unhcr.org\/canada\/tr\/wp-json\/wp\/v2\/pages"}],"about":[{"href":"https:\/\/help.unhcr.org\/canada\/tr\/wp-json\/wp\/v2\/types\/page"}],"author":[{"embeddable":true,"href":"https:\/\/help.unhcr.org\/canada\/tr\/wp-json\/wp\/v2\/users\/24"}],"replies":[{"embeddable":true,"href":"https:\/\/help.unhcr.org\/canada\/tr\/wp-json\/wp\/v2\/comments?post=1490"}],"version-history":[{"count":3,"href":"https:\/\/help.unhcr.org\/canada\/tr\/wp-json\/wp\/v2\/pages\/1490\/revisions"}],"predecessor-version":[{"id":1951,"href":"https:\/\/help.unhcr.org\/canada\/tr\/wp-json\/wp\/v2\/pages\/1490\/revisions\/1951"}],"up":[{"embeddable":true,"href":"https:\/\/help.unhcr.org\/canada\/tr\/wp-json\/wp\/v2\/pages\/1484"}],"wp:attachment":[{"href":"https:\/\/help.unhcr.org\/canada\/tr\/wp-json\/wp\/v2\/media?parent=1490"}],"curies":[{"name":"wp","href":"https:\/\/api.w.org\/{rel}","templated":true}]}}