{"id":1484,"date":"2022-06-28T18:20:21","date_gmt":"2022-06-28T18:20:21","guid":{"rendered":"https:\/\/help.unhcr.org\/canada\/resources-for-asylum-seekers\/"},"modified":"2025-07-09T15:07:48","modified_gmt":"2025-07-09T15:07:48","slug":"resources-for-asylum-seekers","status":"publish","type":"page","link":"https:\/\/help.unhcr.org\/canada\/tr\/resources-for-asylum-seekers\/","title":{"rendered":"S\u0131\u011f\u0131nmac\u0131lar i\u00e7in yard\u0131m kurulu\u015flar\u0131"},"content":{"rendered":"\n<p class=\"has-background\" style=\"background-color:#fdf799\">Kanada kara s\u0131n\u0131r\u0131nda s\u0131\u011f\u0131nma talebinde bulunma konusunda daha fazla bilgi ve yard\u0131m i\u00e7in <a href=\"https:\/\/canadaborderclinic.org\/\">Kanada-ABD S\u0131n\u0131r Haklar\u0131 Klini\u011fi\u2019nin<\/a> web sitesini ziyaret edin.<\/p>\n\n\n\n<p class=\"has-text-align-center has-background\" style=\"background-color:#cce3f2\"><strong>\u2b07\ufe0f <strong>Daha fazla bilgi i\u00e7in bir il se\u00e7in<\/strong><\/strong>\u2b07\ufe0f<\/p>\n","protected":false},"excerpt":{"rendered":"<p>Kanada kara s\u0131n\u0131r\u0131nda s\u0131\u011f\u0131nma talebinde bulunma konusunda daha fazla bilgi ve yard\u0131m i\u00e7in Kanada-ABD S\u0131n\u0131r Haklar\u0131 Klini\u011fi\u2019nin web sitesini ziyaret edin. \u2b07\ufe0f Daha fazla bilgi i\u00e7in bir il se\u00e7in\u2b07\ufe0f<\/p>\n","protected":false},"author":24,"featured_media":0,"parent":0,"menu_order":2,"comment_status":"closed","ping_status":"closed","template":"page-templates\/listing_page.php","meta":{"_acf_changed":false,"footnotes":""},"class_list":["post-1484","page","type-page","status-publish","hentry"],"acf":[],"_links":{"self":[{"href":"https:\/\/help.unhcr.org\/canada\/tr\/wp-json\/wp\/v2\/pages\/1484","targetHints":{"allow":["GET"]}}],"collection":[{"href":"https:\/\/help.unhcr.org\/canada\/tr\/wp-json\/wp\/v2\/pages"}],"about":[{"href":"https:\/\/help.unhcr.org\/canada\/tr\/wp-json\/wp\/v2\/types\/page"}],"author":[{"embeddable":true,"href":"https:\/\/help.unhcr.org\/canada\/tr\/wp-json\/wp\/v2\/users\/24"}],"replies":[{"embeddable":true,"href":"https:\/\/help.unhcr.org\/canada\/tr\/wp-json\/wp\/v2\/comments?post=1484"}],"version-history":[{"count":16,"href":"https:\/\/help.unhcr.org\/canada\/tr\/wp-json\/wp\/v2\/pages\/1484\/revisions"}],"predecessor-version":[{"id":2619,"href":"https:\/\/help.unhcr.org\/canada\/tr\/wp-json\/wp\/v2\/pages\/1484\/revisions\/2619"}],"wp:attachment":[{"href":"https:\/\/help.unhcr.org\/canada\/tr\/wp-json\/wp\/v2\/media?parent=1484"}],"curies":[{"name":"wp","href":"https:\/\/api.w.org\/{rel}","templated":true}]}}