{"id":1476,"date":"2022-06-28T18:18:21","date_gmt":"2022-06-28T18:18:21","guid":{"rendered":"https:\/\/help.unhcr.org\/canada\/how-to-apply-for-asylum-new\/who-is-involved\/"},"modified":"2025-07-09T17:58:18","modified_gmt":"2025-07-09T17:58:18","slug":"who-is-involved","status":"publish","type":"page","link":"https:\/\/help.unhcr.org\/canada\/tr\/how-to-apply-for-asylum-new\/who-is-involved\/","title":{"rendered":"S\u00fcrece kimler dahildir?"},"content":{"rendered":"\n<p>S\u0131\u011f\u0131nma s\u00fcrecinde \u00fc\u00e7 devlet kurumu yer almaktad\u0131r:<\/p>\n","protected":false},"excerpt":{"rendered":"<p>S\u0131\u011f\u0131nma s\u00fcrecinde \u00fc\u00e7 devlet kurumu yer almaktad\u0131r:<\/p>\n","protected":false},"author":24,"featured_media":0,"parent":1442,"menu_order":5,"comment_status":"closed","ping_status":"closed","template":"page-templates\/sectioned.php","meta":{"_acf_changed":false,"footnotes":""},"class_list":["post-1476","page","type-page","status-publish","hentry"],"acf":[],"_links":{"self":[{"href":"https:\/\/help.unhcr.org\/canada\/tr\/wp-json\/wp\/v2\/pages\/1476","targetHints":{"allow":["GET"]}}],"collection":[{"href":"https:\/\/help.unhcr.org\/canada\/tr\/wp-json\/wp\/v2\/pages"}],"about":[{"href":"https:\/\/help.unhcr.org\/canada\/tr\/wp-json\/wp\/v2\/types\/page"}],"author":[{"embeddable":true,"href":"https:\/\/help.unhcr.org\/canada\/tr\/wp-json\/wp\/v2\/users\/24"}],"replies":[{"embeddable":true,"href":"https:\/\/help.unhcr.org\/canada\/tr\/wp-json\/wp\/v2\/comments?post=1476"}],"version-history":[{"count":8,"href":"https:\/\/help.unhcr.org\/canada\/tr\/wp-json\/wp\/v2\/pages\/1476\/revisions"}],"predecessor-version":[{"id":2657,"href":"https:\/\/help.unhcr.org\/canada\/tr\/wp-json\/wp\/v2\/pages\/1476\/revisions\/2657"}],"up":[{"embeddable":true,"href":"https:\/\/help.unhcr.org\/canada\/tr\/wp-json\/wp\/v2\/pages\/1442"}],"wp:attachment":[{"href":"https:\/\/help.unhcr.org\/canada\/tr\/wp-json\/wp\/v2\/media?parent=1476"}],"curies":[{"name":"wp","href":"https:\/\/api.w.org\/{rel}","templated":true}]}}