{"id":1463,"date":"2022-06-28T18:05:15","date_gmt":"2022-06-28T18:05:15","guid":{"rendered":"https:\/\/help.unhcr.org\/canada\/how-to-apply-for-asylum-new\/what-happens-after-you-claim-asylum\/"},"modified":"2025-07-09T19:02:43","modified_gmt":"2025-07-09T19:02:43","slug":"what-happens-after-you-claim-asylum","status":"publish","type":"page","link":"https:\/\/help.unhcr.org\/canada\/tr\/how-to-apply-for-asylum-new\/what-happens-after-you-claim-asylum\/","title":{"rendered":"S\u0131\u011f\u0131nma talebinde bulunduktan sonra ne olur?"},"content":{"rendered":"\n<p><strong>L\u00fctfen Kanada G\u00f6\u00e7menlik ve M\u00fclteci Kurulu\u2019nun (IRB) rollerini anlamak i\u00e7in <a href=\"https:\/\/irb-cisr.gc.ca\/en\/stay-connected\/Pages\/video-gallery.aspx\">be\u015f b\u00f6l\u00fcml\u00fck video <\/a>serisini izleyin.<\/strong><\/p>\n\n\n\n<figure class=\"wp-block-embed is-type-video is-provider-youtube wp-block-embed-youtube wp-embed-aspect-16-9 wp-has-aspect-ratio\"><div class=\"wp-block-embed__wrapper\">\n<iframe loading=\"lazy\" title=\"Introducing our videos\" width=\"640\" height=\"360\" src=\"https:\/\/www.youtube.com\/embed\/0j3x1FpSUPg?feature=oembed\" frameborder=\"0\" allow=\"accelerometer; autoplay; clipboard-write; encrypted-media; gyroscope; picture-in-picture; web-share\" referrerpolicy=\"strict-origin-when-cross-origin\" allowfullscreen><\/iframe>\n<\/div><\/figure>\n","protected":false},"excerpt":{"rendered":"<p>L\u00fctfen Kanada G\u00f6\u00e7menlik ve M\u00fclteci Kurulu\u2019nun (IRB) rollerini anlamak i\u00e7in be\u015f b\u00f6l\u00fcml\u00fck video serisini izleyin.<\/p>\n","protected":false},"author":24,"featured_media":0,"parent":1442,"menu_order":4,"comment_status":"closed","ping_status":"closed","template":"page-templates\/sectioned.php","meta":{"_acf_changed":false,"footnotes":""},"class_list":["post-1463","page","type-page","status-publish","hentry"],"acf":[],"_links":{"self":[{"href":"https:\/\/help.unhcr.org\/canada\/tr\/wp-json\/wp\/v2\/pages\/1463","targetHints":{"allow":["GET"]}}],"collection":[{"href":"https:\/\/help.unhcr.org\/canada\/tr\/wp-json\/wp\/v2\/pages"}],"about":[{"href":"https:\/\/help.unhcr.org\/canada\/tr\/wp-json\/wp\/v2\/types\/page"}],"author":[{"embeddable":true,"href":"https:\/\/help.unhcr.org\/canada\/tr\/wp-json\/wp\/v2\/users\/24"}],"replies":[{"embeddable":true,"href":"https:\/\/help.unhcr.org\/canada\/tr\/wp-json\/wp\/v2\/comments?post=1463"}],"version-history":[{"count":13,"href":"https:\/\/help.unhcr.org\/canada\/tr\/wp-json\/wp\/v2\/pages\/1463\/revisions"}],"predecessor-version":[{"id":2705,"href":"https:\/\/help.unhcr.org\/canada\/tr\/wp-json\/wp\/v2\/pages\/1463\/revisions\/2705"}],"up":[{"embeddable":true,"href":"https:\/\/help.unhcr.org\/canada\/tr\/wp-json\/wp\/v2\/pages\/1442"}],"wp:attachment":[{"href":"https:\/\/help.unhcr.org\/canada\/tr\/wp-json\/wp\/v2\/media?parent=1463"}],"curies":[{"name":"wp","href":"https:\/\/api.w.org\/{rel}","templated":true}]}}