{"id":1455,"date":"2022-06-28T17:53:50","date_gmt":"2022-06-28T17:53:50","guid":{"rendered":"https:\/\/help.unhcr.org\/canada\/how-to-apply-for-asylum-new\/where-to-claim-asylum\/"},"modified":"2025-07-09T15:09:15","modified_gmt":"2025-07-09T15:09:15","slug":"where-to-claim-asylum","status":"publish","type":"page","link":"https:\/\/help.unhcr.org\/canada\/tr\/how-to-apply-for-asylum-new\/where-to-claim-asylum\/","title":{"rendered":"S\u0131\u011f\u0131nma talebi nerede yap\u0131l\u0131r?"},"content":{"rendered":"","protected":false},"excerpt":{"rendered":"","protected":false},"author":24,"featured_media":0,"parent":1442,"menu_order":3,"comment_status":"closed","ping_status":"closed","template":"page-templates\/sectioned.php","meta":{"_acf_changed":false,"footnotes":""},"class_list":["post-1455","page","type-page","status-publish","hentry"],"acf":[],"_links":{"self":[{"href":"https:\/\/help.unhcr.org\/canada\/tr\/wp-json\/wp\/v2\/pages\/1455","targetHints":{"allow":["GET"]}}],"collection":[{"href":"https:\/\/help.unhcr.org\/canada\/tr\/wp-json\/wp\/v2\/pages"}],"about":[{"href":"https:\/\/help.unhcr.org\/canada\/tr\/wp-json\/wp\/v2\/types\/page"}],"author":[{"embeddable":true,"href":"https:\/\/help.unhcr.org\/canada\/tr\/wp-json\/wp\/v2\/users\/24"}],"replies":[{"embeddable":true,"href":"https:\/\/help.unhcr.org\/canada\/tr\/wp-json\/wp\/v2\/comments?post=1455"}],"version-history":[{"count":8,"href":"https:\/\/help.unhcr.org\/canada\/tr\/wp-json\/wp\/v2\/pages\/1455\/revisions"}],"predecessor-version":[{"id":2618,"href":"https:\/\/help.unhcr.org\/canada\/tr\/wp-json\/wp\/v2\/pages\/1455\/revisions\/2618"}],"up":[{"embeddable":true,"href":"https:\/\/help.unhcr.org\/canada\/tr\/wp-json\/wp\/v2\/pages\/1442"}],"wp:attachment":[{"href":"https:\/\/help.unhcr.org\/canada\/tr\/wp-json\/wp\/v2\/media?parent=1455"}],"curies":[{"name":"wp","href":"https:\/\/api.w.org\/{rel}","templated":true}]}}