{"id":1442,"date":"2022-06-01T13:54:23","date_gmt":"2022-06-01T13:54:23","guid":{"rendered":"https:\/\/help.unhcr.org\/canada\/how-to-apply-for-asylum-new\/"},"modified":"2024-02-22T04:02:08","modified_gmt":"2024-02-22T04:02:08","slug":"how-to-apply-for-asylum-new","status":"publish","type":"page","link":"https:\/\/help.unhcr.org\/canada\/tr\/how-to-apply-for-asylum-new\/","title":{"rendered":"S\u0131\u011f\u0131nma ba\u015fvurusu nas\u0131l yap\u0131l\u0131r?"},"content":{"rendered":"\n<div class=\"wp-block-group\"><div class=\"wp-block-group__inner-container is-layout-flow wp-block-group-is-layout-flow\">\n<p class=\"has-text-align-center has-background\" style=\"background-color:#cce3f2\">\u2b07\ufe0f<strong> Kanada&#8217;da s\u0131\u011f\u0131nma talebinde bulunma hakk\u0131nda daha fazla bilgi edinmek i\u00e7in a\u015fa\u011f\u0131daki simgelerden birini se\u00e7in<\/strong> \u2b07\ufe0f<\/p>\n<\/div><\/div>\n","protected":false},"excerpt":{"rendered":"<p>\u2b07\ufe0f Kanada&#8217;da s\u0131\u011f\u0131nma talebinde bulunma hakk\u0131nda daha fazla bilgi edinmek i\u00e7in a\u015fa\u011f\u0131daki simgelerden birini se\u00e7in \u2b07\ufe0f<\/p>\n","protected":false},"author":24,"featured_media":0,"parent":0,"menu_order":1,"comment_status":"closed","ping_status":"closed","template":"page-templates\/listing_page.php","meta":{"_acf_changed":false,"footnotes":""},"class_list":["post-1442","page","type-page","status-publish","hentry"],"acf":[],"_links":{"self":[{"href":"https:\/\/help.unhcr.org\/canada\/tr\/wp-json\/wp\/v2\/pages\/1442","targetHints":{"allow":["GET"]}}],"collection":[{"href":"https:\/\/help.unhcr.org\/canada\/tr\/wp-json\/wp\/v2\/pages"}],"about":[{"href":"https:\/\/help.unhcr.org\/canada\/tr\/wp-json\/wp\/v2\/types\/page"}],"author":[{"embeddable":true,"href":"https:\/\/help.unhcr.org\/canada\/tr\/wp-json\/wp\/v2\/users\/24"}],"replies":[{"embeddable":true,"href":"https:\/\/help.unhcr.org\/canada\/tr\/wp-json\/wp\/v2\/comments?post=1442"}],"version-history":[{"count":2,"href":"https:\/\/help.unhcr.org\/canada\/tr\/wp-json\/wp\/v2\/pages\/1442\/revisions"}],"predecessor-version":[{"id":1828,"href":"https:\/\/help.unhcr.org\/canada\/tr\/wp-json\/wp\/v2\/pages\/1442\/revisions\/1828"}],"wp:attachment":[{"href":"https:\/\/help.unhcr.org\/canada\/tr\/wp-json\/wp\/v2\/media?parent=1442"}],"curies":[{"name":"wp","href":"https:\/\/api.w.org\/{rel}","templated":true}]}}