{"id":1420,"date":"2023-11-03T19:29:12","date_gmt":"2023-11-03T19:29:12","guid":{"rendered":"https:\/\/help.unhcr.org\/canada\/anti-fraud\/"},"modified":"2024-03-05T17:32:39","modified_gmt":"2024-03-05T17:32:39","slug":"anti-fraud","status":"publish","type":"page","link":"https:\/\/help.unhcr.org\/canada\/tr\/anti-fraud\/","title":{"rendered":"Doland\u0131r\u0131c\u0131l\u0131kla M\u00fccadele"},"content":{"rendered":"\n<p>BMMYK Kanada Ofisi, Kanada&#8217;ya yerle\u015ftirilecek m\u00fcltecileri se\u00e7mez ve bir ki\u015finin m\u00fclteci olarak kabul edilip edilemeyece\u011fini veya bir m\u00fcltecinin Kanada&#8217;ya yerle\u015ftirilip yerle\u015ftirilemeyece\u011fini belirleme s\u00fcrecine m\u00fcdahale edemez veya bu s\u00fcreci etkileyemez. Kanada gibi \u00fclkeler taraf\u0131ndan yerle\u015ftirme yerleri teklif edildi\u011finde, m\u00fcltecilerin s\u0131\u011f\u0131nma \u00fclkelerindeki d\u00fcnyan\u0131n d\u00f6rt bir yan\u0131ndaki di\u011fer BMMYK ofisleri risk alt\u0131ndaki ki\u015fileri belirleyecek ve ba\u015fvurular\u0131n\u0131 bu yerle\u015ftirme \u00fclkelerine sunacakt\u0131r. Yerle\u015ftirme \u00fclkeleri, bir m\u00fcltecinin \u00fclkelerine kabul edilip edilmeyece\u011fi konusunda nihai karar\u0131 verir.<\/p>\n\n\n\n<p><strong>Size para ya da ba\u015fka menfaatler kar\u015f\u0131l\u0131\u011f\u0131nda yerle\u015ftirme, mali ya da di\u011fer t\u00fcrden yard\u0131mlar, sahte belgeler ya da sahte hak talepleri teklif eden doland\u0131r\u0131c\u0131lara kar\u015f\u0131 dikkatli olun ve bunlar\u0131 ihbar edin.<\/strong><\/p>\n\n\n\n<p><strong>T\u00fcm BMMYK hizmetleri \u00fccretsizdir. BMMYK veya ortaklar\u0131n\u0131n hizmetleri i\u00e7in sizden \u00f6deme yapman\u0131z\u0131 isteyen hi\u00e7 kimseye veya hi\u00e7bir kurulu\u015fa g\u00fcvenmeyin.<\/strong><\/p>\n\n\n\n<p><strong>Yararl\u0131 ba\u011flant\u0131lar:<\/strong><\/p>\n\n\n\n<ul class=\"wp-block-list\">\n<li><a href=\"https:\/\/www.unhcr.org\/about-unhcr\/governance-and-oversight\/inspector-generals-office-igo\/reporting-misconduct\" target=\"_blank\" rel=\"noreferrer noopener\">Suistimallerin raporlanmas\u0131 | BMMYK<\/a><\/li>\n\n\n\n<li><a href=\"https:\/\/www.unhcr.org\/contact-us\/report-fraudulent-site-or-cyber-security-issue\" target=\"_blank\" rel=\"noreferrer noopener\">Sahte bir siteyi veya siber g\u00fcvenlik sorununu bildirin | BMMYK<\/a><\/li>\n\n\n\n<li><a href=\"https:\/\/www.unhcr.org\/how-avoid-scams-and-fraudulent-job-offers\" target=\"_blank\" rel=\"noreferrer noopener\">Doland\u0131r\u0131c\u0131l\u0131ktan ve sahte i\u015f tekliflerinden nas\u0131l ka\u00e7\u0131n\u0131l\u0131r | BMMYK<\/a><\/li>\n\n\n\n<li><a href=\"https:\/\/www.antifraudcentre-centreantifraude.ca\/index-eng.htm\" target=\"_blank\" rel=\"noreferrer noopener\">Kanada Doland\u0131r\u0131c\u0131l\u0131kla M\u00fccadele Merkezi (antifraudcentre-centreantifraude.ca)<\/a><\/li>\n<\/ul>\n","protected":false},"excerpt":{"rendered":"<p>BMMYK Kanada Ofisi, Kanada&#8217;ya yerle\u015ftirilecek m\u00fcltecileri se\u00e7mez ve bir ki\u015finin m\u00fclteci olarak kabul edilip edilemeyece\u011fini veya bir m\u00fcltecinin Kanada&#8217;ya yerle\u015ftirilip yerle\u015ftirilemeyece\u011fini belirleme s\u00fcrecine m\u00fcdahale edemez veya bu s\u00fcreci etkileyemez. Kanada gibi \u00fclkeler taraf\u0131ndan yerle\u015ftirme yerleri teklif edildi\u011finde, m\u00fcltecilerin s\u0131\u011f\u0131nma \u00fclkelerindeki d\u00fcnyan\u0131n d\u00f6rt bir yan\u0131ndaki di\u011fer BMMYK ofisleri risk alt\u0131ndaki ki\u015fileri belirleyecek ve ba\u015fvurular\u0131n\u0131 bu yerle\u015ftirme [&hellip;]<\/p>\n","protected":false},"author":24,"featured_media":0,"parent":0,"menu_order":8,"comment_status":"closed","ping_status":"closed","template":"","meta":{"_acf_changed":false,"footnotes":""},"class_list":["post-1420","page","type-page","status-publish","hentry"],"acf":[],"_links":{"self":[{"href":"https:\/\/help.unhcr.org\/canada\/tr\/wp-json\/wp\/v2\/pages\/1420","targetHints":{"allow":["GET"]}}],"collection":[{"href":"https:\/\/help.unhcr.org\/canada\/tr\/wp-json\/wp\/v2\/pages"}],"about":[{"href":"https:\/\/help.unhcr.org\/canada\/tr\/wp-json\/wp\/v2\/types\/page"}],"author":[{"embeddable":true,"href":"https:\/\/help.unhcr.org\/canada\/tr\/wp-json\/wp\/v2\/users\/24"}],"replies":[{"embeddable":true,"href":"https:\/\/help.unhcr.org\/canada\/tr\/wp-json\/wp\/v2\/comments?post=1420"}],"version-history":[{"count":4,"href":"https:\/\/help.unhcr.org\/canada\/tr\/wp-json\/wp\/v2\/pages\/1420\/revisions"}],"predecessor-version":[{"id":1919,"href":"https:\/\/help.unhcr.org\/canada\/tr\/wp-json\/wp\/v2\/pages\/1420\/revisions\/1919"}],"wp:attachment":[{"href":"https:\/\/help.unhcr.org\/canada\/tr\/wp-json\/wp\/v2\/media?parent=1420"}],"curies":[{"name":"wp","href":"https:\/\/api.w.org\/{rel}","templated":true}]}}