{"id":2655,"date":"2025-07-09T17:53:40","date_gmt":"2025-07-09T17:53:40","guid":{"rendered":"https:\/\/help.unhcr.org\/canada\/?page_id=2655"},"modified":"2025-07-09T17:53:40","modified_gmt":"2025-07-09T17:53:40","slug":"imigrasyon-ekonomik-refijye-kalifye-yo","status":"publish","type":"page","link":"https:\/\/help.unhcr.org\/canada\/ht\/imigrasyon-ekonomik-refijye-kalifye-yo\/","title":{"rendered":"Imigrasyon ekonomik refijye kalifye yo"},"content":{"rendered":"\n<figure class=\"wp-block-embed is-type-video is-provider-youtube wp-block-embed-youtube wp-embed-aspect-16-9 wp-has-aspect-ratio\"><div class=\"wp-block-embed__wrapper\">\n<iframe loading=\"lazy\" title=\"Working abroad can help refugees rebuild their lives\" width=\"640\" height=\"360\" src=\"https:\/\/www.youtube.com\/embed\/N1cFJsczTaw?list=PLtPw-Y91GlmWxaKz9pIll_8ccdGKPi5F9\" frameborder=\"0\" allow=\"accelerometer; autoplay; clipboard-write; encrypted-media; gyroscope; picture-in-picture; web-share\" referrerpolicy=\"strict-origin-when-cross-origin\" allowfullscreen><\/iframe>\n<\/div><\/figure>\n\n\n\n<p>Mobilite travay refijye yo retire bary\u00e8 ki anpeche refijye yo demenaje nan yon l\u00f2t peyi pou travay. Nan peyi Kanada, refijye yo ka aplike pou yo imigre selon konpetans oswa eksperyans travay yo atrav\u00e8 pwogram imigrasyon regilye yo. Aplikasyon atrav\u00e8 Economic Mobility Pathways Pilot (EMPP) (Pil\u00f2t Chemen Mobilite Ekonomik) fasilite travay refijye yo ak l\u00f2t moun ki bezwen pwoteksyon ent\u00e8nasyonal, l\u00e8 yo anile s\u00e8ten kondisyon (pa egzanp, gen yon pasp\u00f2 valab). Kandida EMPP yo dwe aplike andey\u00f2 Kanada.<\/p>\n\n\n\n<p>Gen k\u00e8k <a href=\"https:\/\/www.canada.ca\/en\/immigration-refugees-citizenship\/services\/refugees\/economic-mobility-pathways-pilot\/immigrate\/apply.html\">ONG ki gen yon ak\u00f2 av\u00e8k IRCC<\/a> pou yo idantifye kandida refijye ki kalifye pou p\u00f2s travay ki disponib nan peyi Kanada. Yo p ap mande refijye yo peman pou s\u00e8vis yo. De (2) nan ONG sa yo (Talent Beyond Boundaries ak TalentLift) gen yon baz done sou ent\u00e8n\u00e8t kote refijye ki enterese yo ka kreye yon pwofil ki gen ladan konpetans ak eksperyans travay yo. Talent Beyond Boundaries ak TalentLift gade nan baz done sa yo l\u00e8 y ap f\u00e8 rekritman pou w\u00f2l espesifik pou anplway\u00e8 Kanadyen yo. Se anplway\u00e8 yo ki deside ki moun pou yo rekrite.&nbsp;<\/p>\n\n\n\n<ul class=\"wp-block-list\">\n<li>Pou ou enskri nan Talent Beyond Boundaries, gade nan <a href=\"https:\/\/eur02.safelinks.protection.outlook.com\/?url=https%3A%2F%2Fwww.talentbeyondboundaries.org%2Ftalentcatalog%2Fregister&amp;data=05%7C01%7Celgersma%40unhcr.org%7C8c41bf2cc7cd4aeddf3508da6b338e46%7Ce5c37981666441348a0c6543d2af80be%7C0%7C0%7C637940166407341991%7CUnknown%7CTWFpbGZsb3d8eyJWIjoiMC4wLjAwMDAiLCJQIjoiV2luMzIiLCJBTiI6Ik1haWwiLCJXVCI6Mn0%3D%7C3000%7C%7C%7C&amp;sdata=hYfJDDczF%2BVEq6ek5qnFHqBhhjJ2QakVTTgMsxG3x3E%3D&amp;reserved=0\" target=\"_blank\" rel=\"noreferrer noopener\">https:\/\/www.talentbeyondboundaries.org\/talentcatalog\/register<\/a>\u00a0<\/li>\n\n\n\n<li>Pou ou enskri ak TalentLift, ale sou <a href=\"https:\/\/eur02.safelinks.protection.outlook.com\/?url=https%3A%2F%2Fplatform.talentlift.ca%2F&amp;data=05%7C01%7Celgersma%40unhcr.org%7C8c41bf2cc7cd4aeddf3508da6b338e46%7Ce5c37981666441348a0c6543d2af80be%7C0%7C0%7C637940166407341991%7CUnknown%7CTWFpbGZsb3d8eyJWIjoiMC4wLjAwMDAiLCJQIjoiV2luMzIiLCJBTiI6Ik1haWwiLCJXVCI6Mn0%3D%7C3000%7C%7C%7C&amp;sdata=GQKocXzEPrHLcNq5MtTnGfjUhs8oK92nMqAgB0EEz90%3D&amp;reserved=0\" target=\"_blank\" rel=\"noreferrer noopener\">https:\/\/platform.talentlift.ca\/<\/a>\u00a0<\/li>\n\n\n\n<li>Kandida ki kalifye yo kapab aplike tou pou yo imigre nan peyi Kanada poukont yo. Ou ka jwenn plis enf\u00f2masyon nan <a href=\"https:\/\/www.canada.ca\/en\/immigration-refugees-citizenship\/services\/refugees\/economic-mobility-pathways-pilot.html\">Pwogram Pil\u00f2t Chemen Mobilite Ekonomik &#8211; Canada.ca<\/a>.<\/li>\n\n\n\n<li>Anpil \u00f2ganizasyon nan tout peyi Kanada ap travay pou ede imigran yo (ki gen ladan kandida EMPP yo ak fanmi yo) ak etablisman yo l\u00e8 yo bay yon div\u00e8s kalite s\u00e8vis tankou oryantasyon kiltir\u00e8l, f\u00f2masyon nan lang ak f\u00f2masyon pwofesyon\u00e8l, ansanm ak pwogram pou ankouraje aks\u00e8 nan edikasyon ak travay. <a href=\"https:\/\/ircc.canada.ca\/english\/newcomers\/services\/index.asp\">Si w ap ch\u00e8che enf\u00f2masyon sou s\u00e8vis entegrasyon nan peyi Kanada, tanpri ale sou sitw\u00e8b IRCC a.<\/a><\/li>\n<\/ul>\n","protected":false},"excerpt":{"rendered":"<p>Mobilite travay refijye yo retire bary\u00e8 ki anpeche refijye yo demenaje nan yon l\u00f2t peyi pou travay. Nan peyi Kanada, refijye yo ka aplike pou yo imigre selon konpetans oswa eksperyans travay yo atrav\u00e8 pwogram imigrasyon regilye yo. Aplikasyon atrav\u00e8 Economic Mobility Pathways Pilot (EMPP) (Pil\u00f2t Chemen Mobilite Ekonomik) fasilite travay refijye yo ak l\u00f2t [&hellip;]<\/p>\n","protected":false},"author":24,"featured_media":0,"parent":0,"menu_order":9,"comment_status":"closed","ping_status":"closed","template":"","meta":{"_acf_changed":false,"footnotes":""},"class_list":["post-2655","page","type-page","status-publish","hentry"],"acf":[],"_links":{"self":[{"href":"https:\/\/help.unhcr.org\/canada\/ht\/wp-json\/wp\/v2\/pages\/2655","targetHints":{"allow":["GET"]}}],"collection":[{"href":"https:\/\/help.unhcr.org\/canada\/ht\/wp-json\/wp\/v2\/pages"}],"about":[{"href":"https:\/\/help.unhcr.org\/canada\/ht\/wp-json\/wp\/v2\/types\/page"}],"author":[{"embeddable":true,"href":"https:\/\/help.unhcr.org\/canada\/ht\/wp-json\/wp\/v2\/users\/24"}],"replies":[{"embeddable":true,"href":"https:\/\/help.unhcr.org\/canada\/ht\/wp-json\/wp\/v2\/comments?post=2655"}],"version-history":[{"count":1,"href":"https:\/\/help.unhcr.org\/canada\/ht\/wp-json\/wp\/v2\/pages\/2655\/revisions"}],"predecessor-version":[{"id":2656,"href":"https:\/\/help.unhcr.org\/canada\/ht\/wp-json\/wp\/v2\/pages\/2655\/revisions\/2656"}],"wp:attachment":[{"href":"https:\/\/help.unhcr.org\/canada\/ht\/wp-json\/wp\/v2\/media?parent=2655"}],"curies":[{"name":"wp","href":"https:\/\/api.w.org\/{rel}","templated":true}]}}