{"id":2504,"date":"2025-06-16T19:20:25","date_gmt":"2025-06-16T19:20:25","guid":{"rendered":"https:\/\/help.unhcr.org\/canada\/?page_id=2504"},"modified":"2025-06-16T19:24:01","modified_gmt":"2025-06-16T19:24:01","slug":"risk-ki-genyen-le-w-travese-fwontye-a-san-otorizasyon","status":"publish","type":"page","link":"https:\/\/help.unhcr.org\/canada\/ht\/enfomasyon-enpotan-sou-sekirite\/risk-ki-genyen-le-w-travese-fwontye-a-san-otorizasyon\/","title":{"rendered":"Risk ki genyen l\u00e8 w trav\u00e8se fwonty\u00e8 a san otorizasyon"},"content":{"rendered":"\n<p class=\"has-background\" style=\"background-color:#fdf799\"><strong>Av\u00e8tisman: <\/strong>Li ka danjere anpil si w chwazi trav\u00e8se fwonty\u00e8 Etazini ak Kanada a andey\u00f2 p\u00f2s ofisy\u00e8l kote moun sipoze trav\u00e8se fwonty\u00e8 a. Gen moun ki mouri oswa ki blese akoz move tan oswa l\u00f2t danje nan sezon iv\u00e8, prentan, ete ak sezon ot\u00f2n. Tanperati Kanada a ka f\u00e8 fr\u00e8t anpil oswa li ka f\u00e8 cho anpil. Epitou kapab genyen inondasyon oswa glisman t\u00e8 nan s\u00e8ten moman nan ane a. Anba a gen k\u00e8k nan risk ou ta ka f\u00e8 fas ak yo.<\/p>\n\n\n\n<p><strong>Risk pou sante:<\/strong><\/p>\n\n\n\n<ul class=\"wp-block-list\">\n<li><strong>Ipot\u00e8mi<\/strong>: se l\u00e8 k\u00f2 w vin tw\u00f2 fr\u00e8t epi li pa ka rete cho ase pou l fonksyone byen. Sa a ka rive l\u00e8 gen fredi oubyen si ou te nan dlo fr\u00e8t. Si li pa trete, li ka lak\u00f2z lanm\u00f2.<\/li>\n<\/ul>\n\n\n\n<ul class=\"wp-block-list\">\n<li><strong>Jeli<\/strong>: se l\u00e8 po w ak pati nan k\u00f2 w vin jele akoz yo tw\u00f2 fr\u00e8t pandan tw\u00f2 lontan, epi sa a ka lak\u00f2z ou p\u00e8di yon pati nan k\u00f2 a.<\/li>\n<\/ul>\n\n\n\n<ul class=\"wp-block-list\">\n<li><strong>Gwo fatig fizik<\/strong> : Akoz move tan depase, t\u00e8ren difisil, l\u00e8 w pase tw\u00f2p tan dey\u00f2, oswa ou travay tw\u00f2 di, ou ka vin fatige anpil oswa ou ka menm tonbe.<\/li>\n<\/ul>\n\n\n\n<ul class=\"wp-block-list\">\n<li><strong>Gwo fatig akoz chal\u00e8<\/strong> se l\u00e8 k\u00f2 w vin tw\u00f2 cho akoz sol\u00e8y la oswa l\u00e8 li chofe pandan tw\u00f2p tan, epi sa a lak\u00f2z febl\u00e8s, swe, ak t\u00e8tvire.<\/li>\n<\/ul>\n\n\n\n<ul class=\"wp-block-list\">\n<li><strong>Dezidratasyon:<\/strong> se l\u00e8 k\u00f2 w pa genyen ase dlo, epi sa a f\u00e8 w santi w fatige, ou swaf, epi ou f\u00e8b.<\/li>\n<\/ul>\n\n\n\n<p><strong>Risk ki gen pou w<\/strong>\u00e8 <strong>av\u00e8k anviw\u00f2nman ak move tan:<\/strong><\/p>\n\n\n\n<p><strong>Sezon Iv\u00e8:<\/strong><strong><\/strong><\/p>\n\n\n\n<ul class=\"wp-block-list\">\n<li><strong>Tanperati glasyal pi ba pase -35\u00b0C (-31\u00b0F)<\/strong><\/li>\n<\/ul>\n\n\n\n<ul class=\"wp-block-list\">\n<li><strong>Tanp\u00e8t n\u00e8j av\u00e8k anpil n\u00e8j epi n\u00e8j av\u00e8k gwo van:<\/strong> Vizibilite ki redwi ak move tan danjere ka f\u00e8 w p\u00e8di wout ou oswa ou ka rete bloke nan fredi a.<\/li>\n<\/ul>\n\n\n\n<p><strong>Sezon Prentan ak Ot\u00f2n:<\/strong><\/p>\n\n\n\n<ul class=\"wp-block-list\">\n<li><strong>Gwo lapli ak inondasyon<\/strong>: Ka lak\u00f2z t\u00e8 glise, dlo ki kouri vit epi ki danjere, oswa glisman t\u00e8ren, epi sa a ka ogmante risk aksidan.<\/li>\n<\/ul>\n\n\n\n<ul class=\"wp-block-list\">\n<li><strong>Tanperati ki bese toudenkou:<\/strong> Ka lak\u00f2z ipot\u00e8mi.<\/li>\n<\/ul>\n\n\n\n<ul class=\"wp-block-list\">\n<li><strong>Nwaye<\/strong>: Plis risk pandan inondasyon, gwo lapli.<\/li>\n<\/ul>\n\n\n\n<p><strong>Sezon Ete:<\/strong><strong><\/strong><\/p>\n\n\n\n<ul class=\"wp-block-list\">\n<li><strong>Vag Chal\u00e8<\/strong> : Ekspozisyon pwolonje nan chal\u00e8 depase ka lak\u00f2z kout chal\u00e8 ak dezidratasyon.<\/li>\n<\/ul>\n\n\n\n<ul class=\"wp-block-list\">\n<li><strong>Nwaye<\/strong> nan rivy\u00e8 oswa lak.<\/li>\n<\/ul>\n\n\n\n<ul class=\"wp-block-list\">\n<li><strong>Gwo fatig fizik<\/strong> : Pery\u00f2d aktivite pwolonje nan chal\u00e8 ka lak\u00f2z fatig, dezidratasyon, oswa menm maladi ki gen rap\u00f2 ak chal\u00e8 yo.<\/li>\n<\/ul>\n\n\n\n<p><strong>L\u00f2t risk pandan tout ane a:<\/strong><\/p>\n\n\n\n<ul class=\"wp-block-list\">\n<li><strong>Atak b\u00e8t sovaj.<\/strong><\/li>\n<\/ul>\n\n\n\n<ul class=\"wp-block-list\">\n<li><strong>Z\u00f2n ki gen anpil pyebwa oswa ki pa gen anpil moun<\/strong>: Plis danje pou ou p\u00e8di oswa pou ou rankontre b\u00e8t sovaj.<\/li>\n<\/ul>\n\n\n\n<ul class=\"wp-block-list\">\n<li><strong>Risk pou nwaye: <\/strong>Akoz rivy\u00e8 k ap kouri vit, inondasyon oswa ou ka tonbe nan glas ki mens.<\/li>\n<\/ul>\n\n\n\n<p><strong>Si gen yon ijans \u2013 Rele 911 si ou menm oswa yon l\u00f2t moun nan yon danje imedya.<\/strong><\/p>\n\n\n\n<p>Sa a se yon nimewo ijans gratis ou ka rele pou ou mande \u00e8d. Y ap av\u00e8ti s\u00e8vis sante ijans yo, lapolis oswa s\u00e8vis ponpye yo.<\/p>\n\n\n\n<p><\/p>\n","protected":false},"excerpt":{"rendered":"<p>Av\u00e8tisman: Li ka danjere anpil si w chwazi trav\u00e8se fwonty\u00e8 Etazini ak Kanada a andey\u00f2 p\u00f2s ofisy\u00e8l kote moun sipoze trav\u00e8se fwonty\u00e8 a. Gen moun ki mouri oswa ki blese akoz move tan oswa l\u00f2t danje nan sezon iv\u00e8, prentan, ete ak sezon ot\u00f2n. Tanperati Kanada a ka f\u00e8 fr\u00e8t anpil oswa li ka f\u00e8 [&hellip;]<\/p>\n","protected":false},"author":24,"featured_media":0,"parent":2549,"menu_order":0,"comment_status":"closed","ping_status":"closed","template":"","meta":{"_acf_changed":false,"footnotes":""},"class_list":["post-2504","page","type-page","status-publish","hentry"],"acf":[],"_links":{"self":[{"href":"https:\/\/help.unhcr.org\/canada\/ht\/wp-json\/wp\/v2\/pages\/2504","targetHints":{"allow":["GET"]}}],"collection":[{"href":"https:\/\/help.unhcr.org\/canada\/ht\/wp-json\/wp\/v2\/pages"}],"about":[{"href":"https:\/\/help.unhcr.org\/canada\/ht\/wp-json\/wp\/v2\/types\/page"}],"author":[{"embeddable":true,"href":"https:\/\/help.unhcr.org\/canada\/ht\/wp-json\/wp\/v2\/users\/24"}],"replies":[{"embeddable":true,"href":"https:\/\/help.unhcr.org\/canada\/ht\/wp-json\/wp\/v2\/comments?post=2504"}],"version-history":[{"count":1,"href":"https:\/\/help.unhcr.org\/canada\/ht\/wp-json\/wp\/v2\/pages\/2504\/revisions"}],"predecessor-version":[{"id":2506,"href":"https:\/\/help.unhcr.org\/canada\/ht\/wp-json\/wp\/v2\/pages\/2504\/revisions\/2506"}],"up":[{"embeddable":true,"href":"https:\/\/help.unhcr.org\/canada\/ht\/wp-json\/wp\/v2\/pages\/2549"}],"wp:attachment":[{"href":"https:\/\/help.unhcr.org\/canada\/ht\/wp-json\/wp\/v2\/media?parent=2504"}],"curies":[{"name":"wp","href":"https:\/\/api.w.org\/{rel}","templated":true}]}}