{"id":2477,"date":"2025-06-11T13:36:07","date_gmt":"2025-06-11T13:36:07","guid":{"rendered":"https:\/\/help.unhcr.org\/canada\/?page_id=2477"},"modified":"2025-12-10T21:47:24","modified_gmt":"2025-12-10T21:47:24","slug":"sponso-prive-pou-refijye-yo","status":"publish","type":"page","link":"https:\/\/help.unhcr.org\/canada\/ht\/sponso-prive-pou-refijye-yo\/","title":{"rendered":"Patwonaj prive pou refijye"},"content":{"rendered":"\n<p class=\"has-background\" style=\"background-color:#fdf799\"><strong>Avi:<\/strong>\u00a0Imigrasyon, Refijye ak Sitway\u00e8nte Kanada (IRCC) te sispann aksepte nouvo aplikasyon pou yon ti tan nan men\u00a0<a href=\"https:\/\/eur02.safelinks.protection.outlook.com\/?url=https%3A%2F%2Fwww.canada.ca%2Fen%2Fimmigration-refugees-citizenship%2Fservices%2Frefugees%2Fsponsor-refugee%2Fprivate-sponsorship-program%2Fgroups-five.html&amp;data=05%7C02%7C%7Cf9afbfcbe043452fa69308dd1baa1a5b%7C2f436130bd914cfbb216a9127020e559%7C0%7C0%7C638697140359715118%7CUnknown%7CTWFpbGZsb3d8eyJFbXB0eU1hcGkiOnRydWUsIlYiOiIwLjAuMDAwMCIsIlAiOiJXaW4zMiIsIkFOIjoiTWFpbCIsIldUIjoyfQ%3D%3D%7C0%7C%7C%7C&amp;sdata=CB%2BL3kV3f7E1gZ4aaQJDj7gIbsxY0m575As1zif0cyI%3D&amp;reserved=0\">gwoup senk<\/a>\u00a0ak\u00a0<a href=\"https:\/\/eur02.safelinks.protection.outlook.com\/?url=https%3A%2F%2Fwww.canada.ca%2Fen%2Fimmigration-refugees-citizenship%2Fservices%2Frefugees%2Fsponsor-refugee%2Fprivate-sponsorship-program%2Fcommunity-sponsors.html&amp;data=05%7C02%7C%7Cf9afbfcbe043452fa69308dd1baa1a5b%7C2f436130bd914cfbb216a9127020e559%7C0%7C0%7C638697140359737575%7CUnknown%7CTWFpbGZsb3d8eyJFbXB0eU1hcGkiOnRydWUsIlYiOiIwLjAuMDAwMCIsIlAiOiJXaW4zMiIsIkFOIjoiTWFpbCIsIldUIjoyfQ%3D%3D%7C0%7C%7C%7C&amp;sdata=bfICyfIYdeNF6QBO7JQOcpdoctB%2FQbtWxGOII8p5YCs%3D&amp;reserved=0\">moun ki ap sip\u00f2te kominote yo<\/a>\u00a0anba Pwogram PSR apati 29 Novanm 2024. Mezi sa a ap rete an vig\u00e8 jiska 31 desanm 2026. Pou plis enf\u00f2masyon, tanpri vizite:\u00a0\u00a0<a href=\"https:\/\/www.canada.ca\/en\/immigration-refugees-citizenship\/news\/notices\/temporary-pause-extended-refugee-sponsorship-applications-groups-five.html\">Temporary Pause Extended on Intake of Refugee Sponsorship Applications From Groups of Five and Community Sponsors &#8211; Canada.ca<\/a><\/p>\n\n\n\n<p>Kanada gen diferan pwogram pou reyentegre refijye yo. Anplis pwogram pou ede Refijye Gouv\u00e8nman an Finanse (Government-Assisted Refugees, GAR) ak pwogram Viza Miks Biwo a Refere (Blended Visa Office-Referred, BVOR), sitwayen Kanadyen ak rezidan p\u00e8manan yo kapab ede refijye yo k\u00f2manse yon nouvo lavi nan Kanada atrav\u00e8 <a href=\"https:\/\/www.canada.ca\/en\/immigration-refugees-citizenship\/services\/refugees\/help-outside-canada\/private-sponsorship-program.html\">pwogram Parennaj Prive pou Refijye yo (Private Sponsorship of Refugees, PSR) la<\/a>. Pwogram PSR la p\u00e8m\u00e8t Kanadyen yo reyenstale moun oswa fanmi espesifik ki kalifye k\u00f2m refijye anba pwogram refijye ak imanit\u00e8 Kanada a. Yo apwouve refijye yo patwone an prive yo andey\u00f2 Kanada grasa ofisye viza Kanadyen yo epi yo vin rezidan p\u00e8manan l\u00e8 yo rive nan peyi Kanada. Esponns\u00f2 prive yo se gwoup volont\u00e8 Kanadyen oswa \u00f2ganizasyon, tankou asosyasyon ki baze sou relijyon, gwoup etnokiltir\u00e8l oswa \u00f2ganizasyon pou reyentegrasyon yo. Gwoup parennaj yo responsab pou bay refijye yo \u00e8d pou enstale yo, sip\u00f2 matery\u00e8l ak finansye ki neses\u00e8 pou dire pery\u00f2d parennaj la \u2013 anjeneral jiska yon ane apati dat yo rive nan peyi Kanada, ansanm ak sip\u00f2 sosyal, emosyon\u00e8l ak sip\u00f2 pou yo enstale yo. Yo ka patwone refijye anba youn nan twa pwogram sa yo:<br><\/p>\n\n\n\n<ul class=\"wp-block-list\">\n<li><a href=\"https:\/\/www.canada.ca\/en\/immigration-refugees-citizenship\/services\/refugees\/help-outside-canada\/private-sponsorship-program\/groups-five.html\">Gwoup Senk (Groups of Five, G5)<\/a> : Senk sitwayen Kanadyen oswa plis oswa rezidan p\u00e8manan ki gen kapasite finansy\u00e8 ak kapasite pou yo enstale yo pou satisf\u00e8 egzijans parennaj ki f\u00e8 aranjman ansanm pou parennaj yon refijye k ap viv aletranje pou akeyi yo nan kominote yo a.<\/li>\n\n\n\n<li><a href=\"https:\/\/www.canada.ca\/en\/immigration-refugees-citizenship\/services\/refugees\/help-outside-canada\/private-sponsorship-program\/community-sponsors.html\">Esponns\u00f2 Kominot\u00e8<\/a> : \u00d2ganizasyon, asosyasyon oswa biznis ki chita nan kominote kote refijye yo pral reyentegre a, ki gen kapasite finansy\u00e8 ak kapasite pou enstalasyon pou satisf\u00e8 egzijans parennaj yo.<\/li>\n\n\n\n<li><a href=\"https:\/\/www.canada.ca\/en\/immigration-refugees-citizenship\/services\/refugees\/help-outside-canada\/private-sponsorship-program\/agreement-holders.html\">Moun ki gen Ak\u00f2 Parennaj (SAH)<\/a> : \u00d2ganizasyon enk\u00f2pore ki siyen yon ak\u00f2 av\u00e8k Imigrasyon, Refijye ak Sitway\u00e8nte Kanada (Immigration, Refugees and Citizenship Canada, IRCC) epi ki pran responsablite jeneral pou jesyon parennaj yo. SAH yo kapab otorize Gwoup Konstityan ( Constituent Group, CG) ki nan kominote a tou pou yo patwone refijye yo anba ak\u00f2 yo a.<\/li>\n<\/ul>\n\n\n\n<p>Moun ki patwone yo souvan angaje yo nan pwosesis sa a pou refijye ki gen istwa zanmi, manm kominote a, fanmi oswa kontak l\u00f2t b\u00f2 dlo te rakonte yo. Si ou vle patwone yon refijye atrav\u00e8 pwogram PSR la, ou ta dwe premyeman konsidere si wi ou non moun nan kalifye anba pwogram. Pa egzanp, se s\u00e8lman refijye UNHCR oswa yon Eta rekon\u00e8t ki kalifye pou Gwoup Senk la oswa Parennaj Kominot\u00e8 a. Aprann plis bagay sou pwogram Parennaj Prive pou Refijye (PSR) a sou <a href=\"https:\/\/www.canada.ca\/en\/immigration-refugees-citizenship\/services\/refugees\/help-outside-canada\/private-sponsorship-program.html\">sitw\u00e8b Imigrasyon, Refijye ak Sitway\u00e8nte Kanada<\/a> ak sou <a href=\"https:\/\/www.rstp.ca\/en\/\">sitw\u00e8b Pwogram F\u00f2masyon Parennaj Refijye a.<\/a><\/p>\n\n\n\n<p>Pwovens Keb\u00e8k la resevwa epi apwouve pw\u00f2p demann li yo pou parennaj prive. Aprann plis sou parennaj prive nan Qu\u00e9bec sou <a href=\"https:\/\/www.canada.ca\/en\/immigration-refugees-citizenship\/corporate\/publications-manuals\/operational-bulletins-manuals\/refugee-protection\/resettlement\/private-sponsorship\/quebec.html\">sitw\u00e8b Immigration, Refugees and Citizenship Canada<\/a> ak sou sitw\u00e8b <a href=\"https:\/\/www.immigration-quebec.gouv.qc.ca\/en\/immigrate-settle\/humanitarian-immigration\/collective-sponsorship\/index.html\">Minist\u00e8re de l&#8217;Immigration, de la Francisation et de l&#8217;Int\u00e9gration du Qu\u00e9bec<\/a>.<\/p>\n\n\n\n<p><br><\/p>\n","protected":false},"excerpt":{"rendered":"<p>Avi:\u00a0Imigrasyon, Refijye ak Sitway\u00e8nte Kanada (IRCC) te sispann aksepte nouvo aplikasyon pou yon ti tan nan men\u00a0gwoup senk\u00a0ak\u00a0moun ki ap sip\u00f2te kominote yo\u00a0anba Pwogram PSR apati 29 Novanm 2024. Mezi sa a ap rete an vig\u00e8 jiska 31 desanm 2026. Pou plis enf\u00f2masyon, tanpri vizite:\u00a0\u00a0Temporary Pause Extended on Intake of Refugee Sponsorship Applications From Groups [&hellip;]<\/p>\n","protected":false},"author":24,"featured_media":0,"parent":0,"menu_order":8,"comment_status":"closed","ping_status":"closed","template":"","meta":{"_acf_changed":false,"footnotes":""},"class_list":["post-2477","page","type-page","status-publish","hentry"],"acf":[],"_links":{"self":[{"href":"https:\/\/help.unhcr.org\/canada\/ht\/wp-json\/wp\/v2\/pages\/2477","targetHints":{"allow":["GET"]}}],"collection":[{"href":"https:\/\/help.unhcr.org\/canada\/ht\/wp-json\/wp\/v2\/pages"}],"about":[{"href":"https:\/\/help.unhcr.org\/canada\/ht\/wp-json\/wp\/v2\/types\/page"}],"author":[{"embeddable":true,"href":"https:\/\/help.unhcr.org\/canada\/ht\/wp-json\/wp\/v2\/users\/24"}],"replies":[{"embeddable":true,"href":"https:\/\/help.unhcr.org\/canada\/ht\/wp-json\/wp\/v2\/comments?post=2477"}],"version-history":[{"count":3,"href":"https:\/\/help.unhcr.org\/canada\/ht\/wp-json\/wp\/v2\/pages\/2477\/revisions"}],"predecessor-version":[{"id":2723,"href":"https:\/\/help.unhcr.org\/canada\/ht\/wp-json\/wp\/v2\/pages\/2477\/revisions\/2723"}],"wp:attachment":[{"href":"https:\/\/help.unhcr.org\/canada\/ht\/wp-json\/wp\/v2\/media?parent=2477"}],"curies":[{"name":"wp","href":"https:\/\/api.w.org\/{rel}","templated":true}]}}