{"id":2455,"date":"2025-06-11T15:32:07","date_gmt":"2025-06-11T15:32:07","guid":{"rendered":"https:\/\/help.unhcr.org\/canada\/?page_id=2455"},"modified":"2025-06-11T15:32:07","modified_gmt":"2025-06-11T15:32:07","slug":"dokiman-vwayaj-pou-refijye-yo","status":"publish","type":"page","link":"https:\/\/help.unhcr.org\/canada\/ht\/dokiman-vwayaj-pou-refijye-yo\/","title":{"rendered":"Dokiman Vwayaj pou Refijye yo"},"content":{"rendered":"\n<p>Refijye yo souvan pa gen yon pasp\u00f2 nasyonal oswa yo pa ka itilize pasp\u00f2 nasyonal yo san danje pou plizy\u00e8 rezon ki gen rap\u00f2 ak sitiyasyon v\u00f2l yo oswa pwoteksyon yo. L\u00e8 yon pasp\u00f2 pa disponib oswa san danje pou itilize, yon dokiman vwayaj refijye ka bay yon solisyon.<\/p>\n\n\n\n<hr class=\"wp-block-separator has-alpha-channel-opacity\" \/>\n\n\n\n<p><strong>Pou plis enf\u00f2masyon jeneral sou dokiman vwayaj refijye yo ak travay defans UNHCR nan dom\u00e8n sa a, tcheke <\/strong><a href=\"https:\/\/help.unhcr.org\/faq\/how-can-we-help-you\/travel-documents\/\"><strong>https:\/\/help.unhcr.org\/faq\/how-can-we-help-you\/travel-documents\/<\/strong><\/a><strong>&nbsp; <\/strong><\/p>\n\n\n\n<p><\/p>\n","protected":false},"excerpt":{"rendered":"<p>Refijye yo souvan pa gen yon pasp\u00f2 nasyonal oswa yo pa ka itilize pasp\u00f2 nasyonal yo san danje pou plizy\u00e8 rezon ki gen rap\u00f2 ak sitiyasyon v\u00f2l yo oswa pwoteksyon yo. L\u00e8 yon pasp\u00f2 pa disponib oswa san danje pou itilize, yon dokiman vwayaj refijye ka bay yon solisyon. Pou plis enf\u00f2masyon jeneral sou dokiman [&hellip;]<\/p>\n","protected":false},"author":24,"featured_media":0,"parent":0,"menu_order":0,"comment_status":"closed","ping_status":"closed","template":"page-templates\/sectioned.php","meta":{"_acf_changed":false,"footnotes":""},"class_list":["post-2455","page","type-page","status-publish","hentry"],"acf":[],"_links":{"self":[{"href":"https:\/\/help.unhcr.org\/canada\/ht\/wp-json\/wp\/v2\/pages\/2455","targetHints":{"allow":["GET"]}}],"collection":[{"href":"https:\/\/help.unhcr.org\/canada\/ht\/wp-json\/wp\/v2\/pages"}],"about":[{"href":"https:\/\/help.unhcr.org\/canada\/ht\/wp-json\/wp\/v2\/types\/page"}],"author":[{"embeddable":true,"href":"https:\/\/help.unhcr.org\/canada\/ht\/wp-json\/wp\/v2\/users\/24"}],"replies":[{"embeddable":true,"href":"https:\/\/help.unhcr.org\/canada\/ht\/wp-json\/wp\/v2\/comments?post=2455"}],"version-history":[{"count":3,"href":"https:\/\/help.unhcr.org\/canada\/ht\/wp-json\/wp\/v2\/pages\/2455\/revisions"}],"predecessor-version":[{"id":2479,"href":"https:\/\/help.unhcr.org\/canada\/ht\/wp-json\/wp\/v2\/pages\/2455\/revisions\/2479"}],"wp:attachment":[{"href":"https:\/\/help.unhcr.org\/canada\/ht\/wp-json\/wp\/v2\/media?parent=2455"}],"curies":[{"name":"wp","href":"https:\/\/api.w.org\/{rel}","templated":true}]}}