{"id":1301,"date":"2023-11-03T19:29:12","date_gmt":"2023-11-03T19:29:12","guid":{"rendered":"https:\/\/help.unhcr.org\/canada\/anti-fraud\/"},"modified":"2024-03-05T17:30:28","modified_gmt":"2024-03-05T17:30:28","slug":"anti-fraud","status":"publish","type":"page","link":"https:\/\/help.unhcr.org\/canada\/ht\/anti-fraud\/","title":{"rendered":"Anti-Fw\u00f2d"},"content":{"rendered":"\n<p>UNHCR Kanada pa chwazi refijye ki pral reyenstale yo Okanada epi li pa kapab ent\u00e8vni oswa enfliyanse pwosesis pou det\u00e8mine si wi oswa non yo ka konsidere yon moun k\u00f2m yon refijye oswa si yon refijye ka reyenstale Okanada. L\u00e8 peyi tankou Kanada ofri plas pou reyentegrasyon, l\u00f2t biwo UNHCR nan lemond &nbsp;antye nan peyi azil kote refijye yo ye pral idantifye moun ki sou risk epi soum\u00e8t aplikasyon yo nan peyi sa yo pou reyentegrasyon yo. Se Peyi reyentegrasyon yo ki pran desizyon final la pou konnen si wi oswa non yo pral aksepte yon refijye nan peyi yo.<\/p>\n\n\n\n<p><strong>Rete vijilan epi pote rap\u00f2 pou raket\u00e8 k ap ofri w \u00e8d reyentegrasyon, \u00e8d finansye oswa l\u00f2t kalite \u00e8d, fo dokiman oswa fo reklamasyon pou lajan oswa l\u00f2t fav\u00e8.<\/strong><\/p>\n\n\n\n<p><strong>Tout s\u00e8vis UNHCR yo gratis. Pa f\u00e8 okenn moun oswa okenn \u00f2ganizasyon k ap mande w pou peye pou s\u00e8vis UNHCR oswa patn\u00e8 li yo konfyans.<\/strong><\/p>\n\n\n\n<p><strong>Lyen ki itil:<\/strong><\/p>\n\n\n\n<ul class=\"wp-block-list\">\n<li><a href=\"https:\/\/www.unhcr.org\/fr\/en-bref\/gouvernance-et-supervision\/bureau-de-linspecteur-general\/pour-signaler-un-cas-de-mauvaise\" target=\"_blank\" rel=\"noreferrer noopener\">Rap\u00f2te move konduit | UNHCR<\/a><\/li>\n\n\n\n<li><a href=\"https:\/\/www.unhcr.org\/contact-us\/report-fraudulent-site-or-cyber-security-issue\" target=\"_blank\" rel=\"noreferrer noopener\">Rap\u00f2te yon sit ent\u00e8n\u00e8t fwod oswa pwobl\u00e8m sekirite sou ent\u00e8n\u00e8t | UNHCR<\/a><\/li>\n\n\n\n<li><a href=\"https:\/\/www.unhcr.org\/fr\/en-bref\/gouvernance-et-supervision\/bureau-de-linspecteur-general\/pour-signaler-un-cas-de-mauvaise\" target=\"_blank\" rel=\"noreferrer noopener\">Kijan pou evite fwod ak \u00f2f travay fwod | UNHCR<\/a><\/li>\n\n\n\n<li><a href=\"https:\/\/www.antifraudcentre-centreantifraude.ca\/index-fra.htm\" target=\"_blank\" rel=\"noreferrer noopener\">Canadian Anti-Fraud Centre (antifraudcentre-centreantifraude.ca)<\/a><\/li>\n<\/ul>\n","protected":false},"excerpt":{"rendered":"<p>UNHCR Kanada pa chwazi refijye ki pral reyenstale yo Okanada epi li pa kapab ent\u00e8vni oswa enfliyanse pwosesis pou det\u00e8mine si wi oswa non yo ka konsidere yon moun k\u00f2m yon refijye oswa si yon refijye ka reyenstale Okanada. L\u00e8 peyi tankou Kanada ofri plas pou reyentegrasyon, l\u00f2t biwo UNHCR nan lemond &nbsp;antye nan peyi [&hellip;]<\/p>\n","protected":false},"author":24,"featured_media":0,"parent":0,"menu_order":8,"comment_status":"closed","ping_status":"closed","template":"","meta":{"_acf_changed":false,"footnotes":""},"class_list":["post-1301","page","type-page","status-publish","hentry"],"acf":[],"_links":{"self":[{"href":"https:\/\/help.unhcr.org\/canada\/ht\/wp-json\/wp\/v2\/pages\/1301","targetHints":{"allow":["GET"]}}],"collection":[{"href":"https:\/\/help.unhcr.org\/canada\/ht\/wp-json\/wp\/v2\/pages"}],"about":[{"href":"https:\/\/help.unhcr.org\/canada\/ht\/wp-json\/wp\/v2\/types\/page"}],"author":[{"embeddable":true,"href":"https:\/\/help.unhcr.org\/canada\/ht\/wp-json\/wp\/v2\/users\/24"}],"replies":[{"embeddable":true,"href":"https:\/\/help.unhcr.org\/canada\/ht\/wp-json\/wp\/v2\/comments?post=1301"}],"version-history":[{"count":7,"href":"https:\/\/help.unhcr.org\/canada\/ht\/wp-json\/wp\/v2\/pages\/1301\/revisions"}],"predecessor-version":[{"id":1916,"href":"https:\/\/help.unhcr.org\/canada\/ht\/wp-json\/wp\/v2\/pages\/1301\/revisions\/1916"}],"wp:attachment":[{"href":"https:\/\/help.unhcr.org\/canada\/ht\/wp-json\/wp\/v2\/media?parent=1301"}],"curies":[{"name":"wp","href":"https:\/\/api.w.org\/{rel}","templated":true}]}}