{"id":1080,"date":"2018-02-08T10:40:51","date_gmt":"2018-02-08T10:40:51","guid":{"rendered":"https:\/\/help.unhcr.org\/canada\/about-unhcr-in-canada\/"},"modified":"2023-08-10T15:18:22","modified_gmt":"2023-08-10T15:18:22","slug":"about-unhcr-in-canada","status":"publish","type":"page","link":"https:\/\/help.unhcr.org\/canada\/ht\/about-unhcr-in-canada\/","title":{"rendered":"Sa w Dwe Konnen sou UNHCR o Kanada"},"content":{"rendered":"\n<h3 class=\"wp-block-heading\">UNHCR, Ajans Refijye Nasyonzini an, se yon \u00f2ganizasyon mondyal ki la l pou sove lavi, pwoteje dwa epi asire yon pi bon avni pou refijye yo, kominote yo f\u00f2se deplase yo ak moun ki pa gen peyi yo. UNHCR gen aktivite nan plis pase 140 peyi.<\/h3>\n\n\n\n<p>Pandan plizy\u00e8 diz\u00e8n ane, UNHCR f\u00e8 fas av\u00e8k kriz nan anpil peyi. Nou te bay asistans pou sove lavi moun k ap ch\u00e8che azil, refijye, moun ki deplase anndan peyi yo ak moun ki pa gen peyi. UNHCR sove lavi epi asire yon pi bon avni pou plizy\u00e8 milyon moun yo f\u00f2se soti kite lakay yo.<\/p>\n\n\n\n<p>Konvansyon 1951 pou Refijye a se dokiman legal kle ki f\u00f2me baz travay nou. Dokiman sa ki te gen 145 eta Pati ki te ratifye l, pami yo Kanada, defini t\u00e8m &#8216;refijye&#8217; a epi li endike dwa moun ki deplase yo, ansanm av\u00e8k obligasyon legal Eta yo genyen pou pwoteje yo.\u00a0<\/p>\n\n\n\n<h4 class=\"wp-block-heading\">Biwo nou an o Kanada te ouvri p\u00f2t li an 1976 epi li travay nan kat z\u00f2n kle:\u00a0<\/h4>\n\n\n\n<p><\/p>\n\n\n\n<ul class=\"has-white-color has-text-color has-background wp-block-list\" style=\"background-color:#0072bc\">\n<li><strong>Proteksyon<\/strong>: Nou obs\u00e8ve pratik ak politik azil Kanadyen yo yon fason pou ankouraje pi wo estanda pwoteksyon pou refijye ak moun k ap ch\u00e8che azil.&nbsp;<\/li>\n\n\n\n<li><strong>Solisyon<\/strong>: Nou jwenn solisyon dirab ki p\u00e8m\u00e8t refijye yo viv lavi yo nan diyite ak lap\u00e8. Yo ka gen ladan rapatriman volont\u00e8, reyenstalasyon, ak entegrasyon.&nbsp;<\/li>\n\n\n\n<li><strong>Kominikasyon<\/strong>: Nou enf\u00f2me epi edike Kanadyen yo sou sitiyasyon refijye yo ak l\u00f2t moun ki deplase yo, e sou travay UNHCR sou t\u00e8ren an.&nbsp;<\/li>\n\n\n\n<li><strong>Levedfon<\/strong>: Nou ankouraje piblik Kanadyen an ak Gouv\u00e8nman Kanada a pou yo bay pwogram UNHCR atrav\u00e8 lemond \u00e8d finansye.&nbsp;<\/li>\n<\/ul>\n\n\n\n<p><\/p>\n\n\n\n<p><strong>Kontakte nou! <\/strong>Si w gen kesyon sou dosye espesifik ou a oswa sou pwosesis demann azil la, tanpri kontakte nou pa im\u00e8l nan <a href=\"mailto:canotinq@unhcr.org\">canotinq@unhcr.org<\/a>.<\/p>\n\n\n\n<p>Tanpri sonje o Kanada UNHCR pa patisipe nan div\u00e8s pwosesis ki gen rap\u00f2 av\u00e8k ka endividy\u00e8l yo. Ou ta dwe ch\u00e8che asistans nan men youn nan anpil \u00f2ganizasyon ki nan lis nan gid sa a si w bezwen \u00e8d av\u00e8k demann azil ou a.<\/p>\n\n\n\n<p>UNHCR Kanada pa ofri s\u00e8vis dir\u00e8k pou moun k ap ch\u00e8che azil epi l ap refere w nan l\u00f2t s\u00e8vis ki disponib Kanada pou asistans si w kontakte biwo nou yo.<\/p>\n\n\n\n<h4 class=\"wp-block-heading\">Biwo prensipal nou an o Kanada se nan Ottawa li ye:\u00a0<\/h4>\n\n\n\n<ul class=\"wp-block-list\">\n<li>Adr\u00e8s: <a href=\"https:\/\/www.google.com\/maps\/place\/280+Albert+St+%23401,+Ottawa,+ON+K1P+5G8\/@45.4191846,-75.7040375,17z\/data=!3m1!4b1!4m6!3m5!1s0x4cce045466748291:0x995c98f6c0c7417e!8m2!3d45.4191809!4d-75.7014626!16s%2Fg%2F11qqn6ws_q?entry=ttu\" target=\"_blank\" rel=\"noreferrer noopener\">280 Albert St #401, Ottawa, ON K1P 5G<\/a>8\u00a0<\/li>\n\n\n\n<li>Telef\u00f2n:&nbsp;+1-613-232-0909&nbsp;<\/li>\n<\/ul>\n\n\n\n<h4 class=\"wp-block-heading\">Epitou nou genyen yon biwo satelit nan Monreyal, Quebec:\u00a0<\/h4>\n\n\n\n<ul class=\"wp-block-list\">\n<li>Adr\u00e8s: <a href=\"https:\/\/www.google.com\/maps\/place\/200+Boulevard+Ren%C3%A9-L%C3%A9vesque+O,+Montr%C3%A9al,+QC+H2Z+1X4\/@45.5070316,-73.5650805,17z\/data=!3m1!4b1!4m6!3m5!1s0x4cc91a5024e3b7bf:0x57ce10e606452a14!8m2!3d45.5070279!4d-73.5625056!16s%2Fg%2F11bw3xq4pd?entry=ttu\" target=\"_blank\" rel=\"noreferrer noopener\">200 Boulevard Ren\u00e9-L\u00e9vesque O, Montr\u00e9al, QC H2Z 1X4\u00a0<\/a><\/li>\n\n\n\n<li>Telef\u00f2n:&nbsp;1-514-496-1637&nbsp;<\/li>\n<\/ul>\n\n\n\n<p><a href=\"https:\/\/www.unhcr.ca\/fr\/?_gl=1%2Ah25j9o%2A_rup_ga%2ANTEyMTExMDMuMTY0NjU5OTI2NA..%2A_rup_ga_EVDQTJ4LMY%2AMTY5MTUxNzQ1Ni40Mi4xLjE2OTE1MjMwNDcuMC4wLjA.\" target=\"_blank\" rel=\"noreferrer noopener\">Sit ent\u00e8n\u00e8t<\/a><\/p>\n","protected":false},"excerpt":{"rendered":"<p>UNHCR, Ajans Refijye Nasyonzini an, se yon \u00f2ganizasyon mondyal ki la l pou sove lavi, pwoteje dwa epi asire yon pi bon avni pou refijye yo, kominote yo f\u00f2se deplase yo ak moun ki pa gen peyi yo. UNHCR gen aktivite nan plis pase 140 peyi. Pandan plizy\u00e8 diz\u00e8n ane, UNHCR f\u00e8 fas av\u00e8k kriz [&hellip;]<\/p>\n","protected":false},"author":1,"featured_media":0,"parent":0,"menu_order":10,"comment_status":"closed","ping_status":"closed","template":"","meta":{"_acf_changed":false,"footnotes":""},"class_list":["post-1080","page","type-page","status-publish","hentry"],"acf":[],"_links":{"self":[{"href":"https:\/\/help.unhcr.org\/canada\/ht\/wp-json\/wp\/v2\/pages\/1080","targetHints":{"allow":["GET"]}}],"collection":[{"href":"https:\/\/help.unhcr.org\/canada\/ht\/wp-json\/wp\/v2\/pages"}],"about":[{"href":"https:\/\/help.unhcr.org\/canada\/ht\/wp-json\/wp\/v2\/types\/page"}],"author":[{"embeddable":true,"href":"https:\/\/help.unhcr.org\/canada\/ht\/wp-json\/wp\/v2\/users\/1"}],"replies":[{"embeddable":true,"href":"https:\/\/help.unhcr.org\/canada\/ht\/wp-json\/wp\/v2\/comments?post=1080"}],"version-history":[{"count":1,"href":"https:\/\/help.unhcr.org\/canada\/ht\/wp-json\/wp\/v2\/pages\/1080\/revisions"}],"predecessor-version":[{"id":1082,"href":"https:\/\/help.unhcr.org\/canada\/ht\/wp-json\/wp\/v2\/pages\/1080\/revisions\/1082"}],"wp:attachment":[{"href":"https:\/\/help.unhcr.org\/canada\/ht\/wp-json\/wp\/v2\/media?parent=1080"}],"curies":[{"name":"wp","href":"https:\/\/api.w.org\/{rel}","templated":true}]}}