{"id":1052,"date":"2022-06-28T18:41:07","date_gmt":"2022-06-28T18:41:07","guid":{"rendered":"https:\/\/help.unhcr.org\/canada\/resources-for-asylum-seekers\/manitoba\/"},"modified":"2023-08-10T15:18:07","modified_gmt":"2023-08-10T15:18:07","slug":"manitoba","status":"publish","type":"page","link":"https:\/\/help.unhcr.org\/canada\/ht\/resources-for-asylum-seekers\/manitoba\/","title":{"rendered":"Manitoba"},"content":{"rendered":"\n<h3 class=\"wp-block-heading has-white-color has-text-color has-background\" style=\"background-color:#0072bc\">Legal Aid Manitoba<\/h3>\n\n\n\n<p>Legal Aid Manitoba bay s\u00e8vis legal pou adilt ak j\u00e8n ki pa gen gwo lajan nan Manitoba ki kalifye finansy\u00e8man epi ki gen yon ka ki byen fonde. Li gen ladan s\u00e8vis pou moun k ap ch\u00e8che azil yo. Yo ka ede w jwenn \u00e8d finansye pou peye pou yon avoka reprezante w nan odyans ou devan Komisyon Imigrasyon ak Refijye Kanada (IRB).<\/p>\n\n\n\n<ul class=\"wp-block-list\">\n<li><strong>Telef\u00f2n:<\/strong>\u00a0+1-800-261-2960<\/li>\n\n\n\n<li><strong>Imel: <\/strong><a href=\"mailto:info@legalaid.mb.ca\">info@legalaid.mb.ca<\/a> <\/li>\n\n\n\n<li><strong><a rel=\"noreferrer noopener\" href=\"https:\/\/www.legalaid.mb.ca\/\" target=\"_blank\">Sit ent\u00e8n\u00e8t<\/a><\/strong><\/li>\n\n\n\n<li><strong>Adr\u00e8s:<\/strong>\u00a0<a href=\"https:\/\/www.google.com\/maps\/place\/287+Broadway+%23100,+Winnipeg,+MB+R3C+0R9\/@49.8881555,-97.1419974,17z\/data=!3m1!4b1!4m6!3m5!1s0x52ea71513bccdb33:0x2e3674502af22e4d!8m2!3d49.8881555!4d-97.1394171!16s%2Fg%2F11qqn8502y?entry=ttu\" target=\"_blank\" rel=\"noreferrer noopener\">100 \u2013 287 Broadway, Winnipeg, Manitoba, R3C 0R9<\/a><\/li>\n\n\n\n<li><strong>L\u00e8 yo ouv\u00e8:<\/strong>\n<ul class=\"wp-block-list\">\n<li>lendi ak madi soti 12:30 nan apr\u00e8midi rive 4:00 nan apr\u00e8midi<\/li>\n\n\n\n<li>m\u00e8kredi ak jedi soti 1:30 nan apr\u00e8midi rive 4:00 nan apr\u00e8midi<\/li>\n<\/ul>\n<\/li>\n<\/ul>\n\n\n\n<h3 class=\"wp-block-heading has-white-color has-text-color has-background\" style=\"background-color:#0072bc\">Naomi House<\/h3>\n\n\n\n<p>Bay lojman ak sip\u00f2 pou refijye ki f\u00e8k rive ak moun k ap ch\u00e8che azil pou jiska 6 mwa nan vil Winnipeg.<\/p>\n\n\n\n<ul class=\"wp-block-list\">\n<li><strong>Telef\u00f2n:<\/strong>\u00a0+1-431-336-4308<\/li>\n\n\n\n<li><strong>Imel:<\/strong>\u00a0<a href=\"mailto:director.nhouse@gmail.com\">director.nhouse@gmail.com<\/a><\/li>\n\n\n\n<li><strong><a rel=\"noreferrer noopener\" href=\"https:\/\/naomihouse.info\/\" target=\"_blank\">Sit ent\u00e8n\u00e8t<\/a><\/strong><\/li>\n<\/ul>\n","protected":false},"excerpt":{"rendered":"<p>Legal Aid Manitoba Legal Aid Manitoba bay s\u00e8vis legal pou adilt ak j\u00e8n ki pa gen gwo lajan nan Manitoba ki kalifye finansy\u00e8man epi ki gen yon ka ki byen fonde. Li gen ladan s\u00e8vis pou moun k ap ch\u00e8che azil yo. Yo ka ede w jwenn \u00e8d finansye pou peye pou yon avoka reprezante [&hellip;]<\/p>\n","protected":false},"author":24,"featured_media":0,"parent":1024,"menu_order":60,"comment_status":"closed","ping_status":"closed","template":"","meta":{"_acf_changed":false,"footnotes":""},"class_list":["post-1052","page","type-page","status-publish","hentry"],"acf":[],"_links":{"self":[{"href":"https:\/\/help.unhcr.org\/canada\/ht\/wp-json\/wp\/v2\/pages\/1052","targetHints":{"allow":["GET"]}}],"collection":[{"href":"https:\/\/help.unhcr.org\/canada\/ht\/wp-json\/wp\/v2\/pages"}],"about":[{"href":"https:\/\/help.unhcr.org\/canada\/ht\/wp-json\/wp\/v2\/types\/page"}],"author":[{"embeddable":true,"href":"https:\/\/help.unhcr.org\/canada\/ht\/wp-json\/wp\/v2\/users\/24"}],"replies":[{"embeddable":true,"href":"https:\/\/help.unhcr.org\/canada\/ht\/wp-json\/wp\/v2\/comments?post=1052"}],"version-history":[{"count":3,"href":"https:\/\/help.unhcr.org\/canada\/ht\/wp-json\/wp\/v2\/pages\/1052\/revisions"}],"predecessor-version":[{"id":1056,"href":"https:\/\/help.unhcr.org\/canada\/ht\/wp-json\/wp\/v2\/pages\/1052\/revisions\/1056"}],"up":[{"embeddable":true,"href":"https:\/\/help.unhcr.org\/canada\/ht\/wp-json\/wp\/v2\/pages\/1024"}],"wp:attachment":[{"href":"https:\/\/help.unhcr.org\/canada\/ht\/wp-json\/wp\/v2\/media?parent=1052"}],"curies":[{"name":"wp","href":"https:\/\/api.w.org\/{rel}","templated":true}]}}