{"id":1048,"date":"2022-06-28T18:39:53","date_gmt":"2022-06-28T18:39:53","guid":{"rendered":"https:\/\/help.unhcr.org\/canada\/resources-for-asylum-seekers\/british-columbia\/"},"modified":"2023-08-10T15:17:59","modified_gmt":"2023-08-10T15:17:59","slug":"british-columbia","status":"publish","type":"page","link":"https:\/\/help.unhcr.org\/canada\/ht\/resources-for-asylum-seekers\/british-columbia\/","title":{"rendered":"British Columbia"},"content":{"rendered":"\n<h3 class=\"wp-block-heading has-white-color has-text-color has-background\" style=\"background-color:#0072bc\">Legal Services Society: Legal Aid BC<\/h3>\n\n\n\n<p>Legal Services Society (LSS) se yon \u00f2ganizasyon san objektif pou f\u00e8 lajan yo kreye pou bay s\u00e8vis enf\u00f2masyon, kons\u00e8y, ak reprezantasyon legal bay moun ki pa gen gwo lajan, tankou moun k ap ch\u00e8che azil, nan pwovens Kolonbya Britanik. Yo ka ede w jwenn \u00e8d finansye pou peye pou yon avoka reprezante w nan odyans ou an devan Komisyon Imigrasyon ak Refijye Kanada (IRB).<\/p>\n\n\n\n<ul class=\"wp-block-list\">\n<li><strong>Telef\u00f2n:<\/strong>\u00a0+1-866-577-2525<\/li>\n\n\n\n<li><strong><a rel=\"noreferrer noopener\" href=\"https:\/\/www.lss.bc.ca\/\" target=\"_blank\">Sit ent\u00e8n\u00e8t<\/a><\/strong><\/li>\n\n\n\n<li><strong>Adr\u00e8s:<\/strong>\u00a0<a href=\"https:\/\/www.google.com\/maps\/place\/510+Burrard+St+%2325,+Vancouver,+BC+V6C+3A8\/@49.285991,-123.1201493,17z\/data=!3m1!4b1!4m5!3m4!1s0x548671823ec27441:0x171d89f249fb440d!8m2!3d49.285991!4d-123.117569?entry=ttu\" target=\"_blank\" rel=\"noreferrer noopener\">425 \u2013 510 Burrard Street, Vancouver, British Columbia V6C 3A8<\/a><\/li>\n\n\n\n<li><strong>L\u00e8 yo ouv\u00e8:<\/strong>\n<ul class=\"wp-block-list\">\n<li>Lendi, madi, jedi, ak vandredi \u2014 9\u00e8 nan maten rive 4\u00e8 nan apr\u00e8midi<\/li>\n\n\n\n<li>m\u00e8kredi \u2014 9\u00e8 nan maten rive 2\u00e8 30 nan apr\u00e8midi<\/li>\n<\/ul>\n<\/li>\n<\/ul>\n\n\n\n<h3 class=\"wp-block-heading has-white-color has-text-color has-background\" style=\"background-color:#0072bc\">Kinbrace<\/h3>\n\n\n\n<p>Kominote Kinbrace la ede moun ki f\u00e8 demann azil yo av\u00e8k lojman, edikasyon, ak sip\u00f2. Ou ka konsilte <a href=\"https:\/\/refugeeclaim.ca\/en\/\" target=\"_blank\" rel=\"noreferrer noopener\">gid Demann Azil Mwen Kinbrace<\/a> pibliye pou aprann plis sou pwosesis azil la.<\/p>\n\n\n\n<ul class=\"wp-block-list\">\n<li><strong>Telef\u00f2n:<\/strong> +1-604-255-9691<\/li>\n\n\n\n<li><strong>Imel:<\/strong> <a href=\"mailto:info@kinbrace.ca\">info@kinbrace.ca<\/a><\/li>\n\n\n\n<li><strong><a rel=\"noreferrer noopener\" href=\"https:\/\/kinbrace.ca\/\" target=\"_blank\">Sit ent\u00e8n\u00e8t<\/a><\/strong><\/li>\n<\/ul>\n\n\n\n<h2 class=\"wp-block-heading has-white-color has-text-color has-background\" style=\"background-color:#0072bc\">Immigration &amp; Refugee Legal Clinic<\/h2>\n\n\n\n<p>Klinik Legal Imigrasyon &amp; Refijye a bay kons\u00e8y legal ak reprezantasyon, ak s\u00e8vis ent\u00e8pretasyon gratis pou moun ki pa gen gwo lajan atrav\u00e8 BC. Klinik la aji k\u00f2m yon fil\u00e8 sekirite pou moun ak fanmi, ki gen ka yo ki pa kouvri oswa ki fasil pou s\u00e8vi nan sist\u00e8m \u00e8d legal tradisyon\u00e8l la..<\/p>\n\n\n\n<ul class=\"wp-block-list\">\n<li><strong>Telef\u00f2n:<\/strong> +1-778-372-6583<\/li>\n\n\n\n<li><strong>Imel:<\/strong> <a href=\"mailto:info@irlc.ca\">info@irlc.ca<\/a><\/li>\n\n\n\n<li><strong><a rel=\"noreferrer noopener\" href=\"https:\/\/www.irlc.ca\/\" target=\"_blank\">Sit ent\u00e8n\u00e8t<\/a><\/strong><\/li>\n<\/ul>\n","protected":false},"excerpt":{"rendered":"<p>Legal Services Society: Legal Aid BC Legal Services Society (LSS) se yon \u00f2ganizasyon san objektif pou f\u00e8 lajan yo kreye pou bay s\u00e8vis enf\u00f2masyon, kons\u00e8y, ak reprezantasyon legal bay moun ki pa gen gwo lajan, tankou moun k ap ch\u00e8che azil, nan pwovens Kolonbya Britanik. Yo ka ede w jwenn \u00e8d finansye pou peye pou [&hellip;]<\/p>\n","protected":false},"author":24,"featured_media":0,"parent":1024,"menu_order":50,"comment_status":"closed","ping_status":"closed","template":"","meta":{"_acf_changed":false,"footnotes":""},"class_list":["post-1048","page","type-page","status-publish","hentry"],"acf":[],"_links":{"self":[{"href":"https:\/\/help.unhcr.org\/canada\/ht\/wp-json\/wp\/v2\/pages\/1048","targetHints":{"allow":["GET"]}}],"collection":[{"href":"https:\/\/help.unhcr.org\/canada\/ht\/wp-json\/wp\/v2\/pages"}],"about":[{"href":"https:\/\/help.unhcr.org\/canada\/ht\/wp-json\/wp\/v2\/types\/page"}],"author":[{"embeddable":true,"href":"https:\/\/help.unhcr.org\/canada\/ht\/wp-json\/wp\/v2\/users\/24"}],"replies":[{"embeddable":true,"href":"https:\/\/help.unhcr.org\/canada\/ht\/wp-json\/wp\/v2\/comments?post=1048"}],"version-history":[{"count":2,"href":"https:\/\/help.unhcr.org\/canada\/ht\/wp-json\/wp\/v2\/pages\/1048\/revisions"}],"predecessor-version":[{"id":1051,"href":"https:\/\/help.unhcr.org\/canada\/ht\/wp-json\/wp\/v2\/pages\/1048\/revisions\/1051"}],"up":[{"embeddable":true,"href":"https:\/\/help.unhcr.org\/canada\/ht\/wp-json\/wp\/v2\/pages\/1024"}],"wp:attachment":[{"href":"https:\/\/help.unhcr.org\/canada\/ht\/wp-json\/wp\/v2\/media?parent=1048"}],"curies":[{"name":"wp","href":"https:\/\/api.w.org\/{rel}","templated":true}]}}