{"id":1044,"date":"2022-06-28T18:38:15","date_gmt":"2022-06-28T18:38:15","guid":{"rendered":"https:\/\/help.unhcr.org\/canada\/resources-for-asylum-seekers\/alberta\/"},"modified":"2023-08-10T15:17:54","modified_gmt":"2023-08-10T15:17:54","slug":"alberta","status":"publish","type":"page","link":"https:\/\/help.unhcr.org\/canada\/ht\/resources-for-asylum-seekers\/alberta\/","title":{"rendered":"Alberta"},"content":{"rendered":"\n<h3 class=\"wp-block-heading has-white-color has-text-color has-background\" style=\"background-color:#0072bc\">Legal Aid Alberta<\/h3>\n\n\n\n<p>Legal Aid Alberta ede kliyan ki kalifye nan zaf\u00e8 demann azil. L\u00e8 w kontakte Sant S\u00e8vis Legal Legal Aid Alberta, y ap f\u00e8 yon evalyasyon pou det\u00e8mine pi bon opsyon s\u00e8vis pou pwobl\u00e8m legal ou a. Si pwobl\u00e8m legal ou a kalifye pou resevwa s\u00e8vis yon avoka, Legal Aid Alberta ap nonmen yon avoka.<\/p>\n\n\n\n<ul class=\"wp-block-list\">\n<li><strong>Telef\u00f2n:\u00a0<\/strong>+1-866-845-3425<\/li>\n\n\n\n<li><strong><a rel=\"noreferrer noopener\" href=\"http:\/\/www.legalaid.ab.ca\/Pages\/default.aspx\" target=\"_blank\">Sit ent\u00e8n\u00e8t<\/a><\/strong><\/li>\n\n\n\n<li><strong>Adr\u00e8s:<\/strong>\n<ul class=\"wp-block-list\">\n<li><strong>Edmonton<\/strong>:\u00a0Revillon Building, Suite 600, <a href=\"https:\/\/www.google.com\/maps\/place\/10320+102+Ave+NW,+Edmonton,+AB+T5J+4A1\/@53.5435431,-113.5012583,17z\/data=!3m1!4b1!4m6!3m5!1s0x53a02248eff86385:0xcab8c418eb7b29d2!8m2!3d53.5435431!4d-113.498678!16s%2Fg%2F11bw40lvmw?entry=ttu\" target=\"_blank\" rel=\"noreferrer noopener\">10320 102 Avenue, Edmonton, Alberta\u00a0T5J 4A1<\/a><\/li>\n\n\n\n<li><strong>Calgary<\/strong>: <a href=\"https:\/\/www.google.com\/maps\/place\/Dominion+Centre\/@51.0472075,-114.0840905,17z\/data=!3m1!4b1!4m6!3m5!1s0x53716fe69f0160af:0xb9d020eb86985a5e!8m2!3d51.0472075!4d-114.0815102!16s%2Fg%2F11f3xhcg_r?entry=ttu\" target=\"_blank\" rel=\"noreferrer noopener\">1100 Dominion Centre,\u00a0665 \u2013 8 Street SW, Calgary, Alberta\u00a0T2P 3K7<\/a><\/li>\n<\/ul>\n<\/li>\n\n\n\n<li><strong>L\u00e8 yo Ouv\u00e8:\u00a0<\/strong>lendi a vandredi soti 8:15 nan maten rive 4:15 nan apr\u00e8midi<\/li>\n<\/ul>\n\n\n\n<h3 class=\"wp-block-heading has-white-color has-text-color has-background\" style=\"background-color:#0072bc\">Calgary Legal Guidance<\/h3>\n\n\n\n<p>Calgary Legal Guidance ofri kons\u00e8y ak asistans legal pou moun ki f\u00e8k vini k ap ch\u00e8che \u00e8d nan plizy\u00e8 zaf\u00e8 lwa imigrasyon nan vil Calgary. Pwoj\u00e8 Lwa Imigrasyon an ka ede w av\u00e8k: f\u00e8 yon demann azil, prepare ak ranpli aplikasyon pou rezidans p\u00e8manan, aplike pou p\u00e8mi travay, viza rezidan tanpor\u00e8 ak p\u00e8mi etid, pwobl\u00e8m parennaj fanmi, reprezantasyon nan ka yo konsidere k\u00f2m espesyal yo.<\/p>\n\n\n\n<ul class=\"wp-block-list\">\n<li><strong>Telef\u00f2n:<\/strong>\u00a0+1-866-845-3425<\/li>\n\n\n\n<li><strong>Imel:<\/strong>\u00a0<a href=\"mailto:clg@clg.ab.ca\">clg@clg.ab.ca<\/a><\/li>\n\n\n\n<li><strong><a rel=\"noreferrer noopener\" href=\"http:\/\/clg.ab.ca\/programs-services\/immigration-law-program\/\" target=\"_blank\">Sit ent\u00e8n\u00e8t<\/a><\/strong><\/li>\n\n\n\n<li><strong>Adr\u00e8s:<\/strong>\u00a0<a href=\"https:\/\/www.google.com\/maps\/place\/840+7+Ave+SW+%23100,+Calgary,+AB+T2P+3G2\/@51.0471161,-114.082543,17z\/data=!3m1!4b1!4m6!3m5!1s0x53716fe4198e2ce3:0xbe18752bfb929fe9!8m2!3d51.0471161!4d-114.0799627!16s%2Fg%2F11ll_xj8bq?entry=ttu\" target=\"_blank\" rel=\"noreferrer noopener\">100, 840 \u2013 7th Avenue SW, Calgary, Alberta, T2P 3G2<\/a><\/li>\n\n\n\n<li><strong>L\u00e8 yo ouv\u00e8:<\/strong>\n<ul class=\"wp-block-list\">\n<li>Lendi a jedi: 8:30 nan maten rive 4:30 nan apr\u00e8midi<\/li>\n\n\n\n<li>Vandredi: 9:00 nan maten pou rive 3:00 nan apr\u00e8midi\u00a0<\/li>\n\n\n\n<li>F\u00e8men 12:00 apr\u00e8midi rive 1:00 apr\u00e8midi chak jou\u00a0<\/li>\n<\/ul>\n<\/li>\n<\/ul>\n","protected":false},"excerpt":{"rendered":"<p>Legal Aid Alberta Legal Aid Alberta ede kliyan ki kalifye nan zaf\u00e8 demann azil. L\u00e8 w kontakte Sant S\u00e8vis Legal Legal Aid Alberta, y ap f\u00e8 yon evalyasyon pou det\u00e8mine pi bon opsyon s\u00e8vis pou pwobl\u00e8m legal ou a. Si pwobl\u00e8m legal ou a kalifye pou resevwa s\u00e8vis yon avoka, Legal Aid Alberta ap nonmen [&hellip;]<\/p>\n","protected":false},"author":24,"featured_media":0,"parent":1024,"menu_order":40,"comment_status":"closed","ping_status":"closed","template":"","meta":{"_acf_changed":false,"footnotes":""},"class_list":["post-1044","page","type-page","status-publish","hentry"],"acf":[],"_links":{"self":[{"href":"https:\/\/help.unhcr.org\/canada\/ht\/wp-json\/wp\/v2\/pages\/1044","targetHints":{"allow":["GET"]}}],"collection":[{"href":"https:\/\/help.unhcr.org\/canada\/ht\/wp-json\/wp\/v2\/pages"}],"about":[{"href":"https:\/\/help.unhcr.org\/canada\/ht\/wp-json\/wp\/v2\/types\/page"}],"author":[{"embeddable":true,"href":"https:\/\/help.unhcr.org\/canada\/ht\/wp-json\/wp\/v2\/users\/24"}],"replies":[{"embeddable":true,"href":"https:\/\/help.unhcr.org\/canada\/ht\/wp-json\/wp\/v2\/comments?post=1044"}],"version-history":[{"count":2,"href":"https:\/\/help.unhcr.org\/canada\/ht\/wp-json\/wp\/v2\/pages\/1044\/revisions"}],"predecessor-version":[{"id":1047,"href":"https:\/\/help.unhcr.org\/canada\/ht\/wp-json\/wp\/v2\/pages\/1044\/revisions\/1047"}],"up":[{"embeddable":true,"href":"https:\/\/help.unhcr.org\/canada\/ht\/wp-json\/wp\/v2\/pages\/1024"}],"wp:attachment":[{"href":"https:\/\/help.unhcr.org\/canada\/ht\/wp-json\/wp\/v2\/media?parent=1044"}],"curies":[{"name":"wp","href":"https:\/\/api.w.org\/{rel}","templated":true}]}}