{"id":1039,"date":"2022-06-28T18:35:34","date_gmt":"2022-06-28T18:35:34","guid":{"rendered":"https:\/\/help.unhcr.org\/canada\/resources-for-asylum-seekers\/quebec\/"},"modified":"2023-08-10T15:17:47","modified_gmt":"2023-08-10T15:17:47","slug":"quebec","status":"publish","type":"page","link":"https:\/\/help.unhcr.org\/canada\/ht\/resources-for-asylum-seekers\/quebec\/","title":{"rendered":"Qu\u00e9bec"},"content":{"rendered":"\n<h3 class=\"wp-block-heading has-white-color has-text-color has-background\" style=\"background-color:#0072bc\">PRAIDA<\/h3>\n\n\n\n<p>Pwogram Rejyonal pou Enstalasyon ak Entegrasyon Moun k ap Ch\u00e8che Azil (PRAIDA) bay sip\u00f2 pou moun ki f\u00e8 demann azil ak enf\u00f2masyon pou ede w navige pwosesis demann azil ou nan Quebec. Epitou, yo ofri s\u00e8vis sante, s\u00e8vis sosyal, ak abri tanpor\u00e8.<\/p>\n\n\n\n<ul class=\"wp-block-list\">\n<li><strong>Telef\u00f2n:\u00a0:\u00a0<\/strong> +1-514-484-7878 ekstansyon 64500<\/li>\n\n\n\n<li><strong><a href=\"https:\/\/www.ciussscentreouest.ca\/programmes-et-services\/praida-programme-regional-daccueil-et-dintegration-des-demandeurs-dasile\/\" target=\"_blank\" rel=\"noreferrer noopener\">Sit ent\u00e8n\u00e8t<\/a><\/strong><\/li>\n\n\n\n<li><strong>Adr\u00e8s:\u00a0<\/strong><a href=\"https:\/\/www.google.com\/maps\/place\/35+Rue+de+Port-Royal+E,+Montr%C3%A9al,+QC+H3L+3T1\/@45.5471227,-73.6595813,17z\/data=!3m1!4b1!4m6!3m5!1s0x4cc918ea8bfff8e5:0x3086892a669f9a60!8m2!3d45.5471227!4d-73.657001!16s%2Fg%2F11b8v5k8kk?entry=ttu\" target=\"_blank\" rel=\"noreferrer noopener\">35 Rue de Port-Royal E, Montr\u00e9al, QC H3L 3T1<\/a><\/li>\n\n\n\n<li><strong>L\u00e8 yo ouv\u00e8:\u00a0<\/strong>lendi a vandredi soti 9:00 nan maten rive 4:30 nan apr\u00e8midi<\/li>\n<\/ul>\n\n\n\n<h3 class=\"wp-block-heading has-white-color has-text-color has-background\" style=\"background-color:#0072bc\">Biwo \u00c8d Legal nan lwa imigrasyon<\/h3>\n\n\n\n<p>Avoka \u00e8d legal ak imigrasyon ka ede w av\u00e8k demann azil ou a oswa ba w kons\u00e8y legal. \u00c8d legal se yon s\u00e8vis legal gouv\u00e8nman an ofri bay moun ki satisf\u00e8 s\u00e8ten krit\u00e8 kalifikasyon finansye epi ki aplike pou s\u00e8vis la. Yo bay \u00e8d legal gratis oswa av\u00e8k yon kontribisyon moun ki resevwa s\u00e8vis la bay.<\/p>\n\n\n\n<ul class=\"wp-block-list\">\n<li><strong>Telef\u00f2n:<\/strong>\u00a0+1-514-864-2111, extension 6050<\/li>\n\n\n\n<li><strong>Adr\u00e8s:<\/strong>\u00a0<a href=\"https:\/\/www.google.com\/maps\/place\/440+Boul.+de+Maisonneuve+Ouest+Bureau++400,+Montr%C3%A9al,+QC+H3A+1L4\/@45.5059382,-73.5724252,17z\/data=!3m1!4b1!4m5!3m4!1s0x4cc91a45f938e8d5:0x6756bfbb73b20d18!8m2!3d45.5059382!4d-73.5698449?entry=ttu\" target=\"_blank\" rel=\"noreferrer noopener\">440, boulevard boul. de Maisonneuve Ouest, Bureau 400 Montr\u00e9al, Qu\u00e9bec<\/a><\/li>\n\n\n\n<li><strong>Estasyon ki pi pre a:\u00a0<\/strong>Place-des-Arts metro station<\/li>\n\n\n\n<li><strong>L\u00e8 yo ouv\u00e8:<\/strong>\u00a0lendi a vandredi soti 8:30 nan maten rive 4:30 nan apr\u00e8midi<\/li>\n<\/ul>\n\n\n\n<h3 class=\"wp-block-heading has-white-color has-text-color has-background\" style=\"background-color:#0072bc\">S\u00e8vis referans Barreau de Montr\u00e9al<\/h3>\n\n\n\n<p>\u00d2ganizasyon sa a pral sijere yon avoka ou ka kontakte pou jwenn \u00e8d nan Monreyal.<\/p>\n\n\n\n<ul class=\"wp-block-list\">\n<li><strong>Telef\u00f2n:<\/strong>\u00a0+1-514 866-2490<\/li>\n\n\n\n<li><strong>Imel: <\/strong><a rel=\"noreferrer noopener\" href=\"mailto:reference@barreaudemontreal.qc.ca\" target=\"_blank\">reference@barreaudemontreal.qc.ca<\/a><\/li>\n\n\n\n<li><strong>L\u00e8 yo ouv\u00e8:<\/strong>\u00a0lendi a vandredi soti 9:00 nan maten rive 4:00 nan apr\u00e8midi.<\/li>\n<\/ul>\n\n\n\n<h3 class=\"wp-block-heading has-white-color has-text-color has-background\" style=\"background-color:#0072bc\">YMCA Residence<\/h3>\n\n\n\n<p>Rezidans YMCA a bay moun k ap ch\u00e8che azil yo lojman pou ijans tanpor\u00e8 l\u00e8 PRAIDA refere yo. Se yon pwogram rejyonal pou ak\u00e8y ak entegrasyon moun k ap ch\u00e8che azil yo. Gen plizy\u00e8 s\u00e8vis kominot\u00e8, sesyon enf\u00f2masyon ak aktivite ki disponib pandan tan w pase nan Rezidans YMCA a pou akeyi w ak sip\u00f2te w.<\/p>\n\n\n\n<ul class=\"wp-block-list\">\n<li><strong>Telef\u00f2n:<\/strong>\u00a0+1-514 932-5353<\/li>\n<\/ul>\n\n\n\n<p><\/p>\n","protected":false},"excerpt":{"rendered":"<p>PRAIDA Pwogram Rejyonal pou Enstalasyon ak Entegrasyon Moun k ap Ch\u00e8che Azil (PRAIDA) bay sip\u00f2 pou moun ki f\u00e8 demann azil ak enf\u00f2masyon pou ede w navige pwosesis demann azil ou nan Quebec. Epitou, yo ofri s\u00e8vis sante, s\u00e8vis sosyal, ak abri tanpor\u00e8. Biwo \u00c8d Legal nan lwa imigrasyon Avoka \u00e8d legal ak imigrasyon ka [&hellip;]<\/p>\n","protected":false},"author":24,"featured_media":0,"parent":1024,"menu_order":30,"comment_status":"closed","ping_status":"closed","template":"","meta":{"_acf_changed":false,"footnotes":""},"class_list":["post-1039","page","type-page","status-publish","hentry"],"acf":[],"_links":{"self":[{"href":"https:\/\/help.unhcr.org\/canada\/ht\/wp-json\/wp\/v2\/pages\/1039","targetHints":{"allow":["GET"]}}],"collection":[{"href":"https:\/\/help.unhcr.org\/canada\/ht\/wp-json\/wp\/v2\/pages"}],"about":[{"href":"https:\/\/help.unhcr.org\/canada\/ht\/wp-json\/wp\/v2\/types\/page"}],"author":[{"embeddable":true,"href":"https:\/\/help.unhcr.org\/canada\/ht\/wp-json\/wp\/v2\/users\/24"}],"replies":[{"embeddable":true,"href":"https:\/\/help.unhcr.org\/canada\/ht\/wp-json\/wp\/v2\/comments?post=1039"}],"version-history":[{"count":3,"href":"https:\/\/help.unhcr.org\/canada\/ht\/wp-json\/wp\/v2\/pages\/1039\/revisions"}],"predecessor-version":[{"id":1043,"href":"https:\/\/help.unhcr.org\/canada\/ht\/wp-json\/wp\/v2\/pages\/1039\/revisions\/1043"}],"up":[{"embeddable":true,"href":"https:\/\/help.unhcr.org\/canada\/ht\/wp-json\/wp\/v2\/pages\/1024"}],"wp:attachment":[{"href":"https:\/\/help.unhcr.org\/canada\/ht\/wp-json\/wp\/v2\/media?parent=1039"}],"curies":[{"name":"wp","href":"https:\/\/api.w.org\/{rel}","templated":true}]}}