{"id":1033,"date":"2023-07-11T18:11:32","date_gmt":"2023-07-11T18:11:32","guid":{"rendered":"https:\/\/help.unhcr.org\/canada\/resources-for-asylum-seekers\/new-brunswick\/"},"modified":"2023-08-10T15:17:28","modified_gmt":"2023-08-10T15:17:28","slug":"new-brunswick","status":"publish","type":"page","link":"https:\/\/help.unhcr.org\/canada\/ht\/resources-for-asylum-seekers\/new-brunswick\/","title":{"rendered":"New Brunswick"},"content":{"rendered":"\n<h3 class=\"wp-block-heading has-white-color has-text-color has-background\" style=\"background-color:#0072bc\">New Brunswick Refugee Clinic<\/h3>\n\n\n\n<p>S\u00e8vis Refijye New Brunswick bay s\u00e8vis legal bileng gratis pou moun ki f\u00e8 demann azil nan New Brunswick ki pa gen mwayen lajan pou peye yon avoka prive. Menm jan an tou, klinik lan ede moun ki arisk ak aplikasyon pou rezidans p\u00e8manan pou rezon imanit\u00e8 ak konpasyon.<\/p>\n\n\n\n<ul class=\"wp-block-list\">\n<li><strong>Telef\u00f2n:<\/strong> 506-204-5781<\/li>\n\n\n\n<li><strong>Imel:<\/strong>\u00a0<a href=\"mailto:info@nbrc-crnb.ca\">info@nbrc-crnb.ca<\/a><\/li>\n\n\n\n<li><strong><a href=\"https:\/\/nbrc-crnb.ca\/\" target=\"_blank\" rel=\"noreferrer noopener\">Sit Ent\u00e8n\u00e8t<\/a><\/strong><\/li>\n\n\n\n<li><strong>Adr\u00e8s: <\/strong><a href=\"https:\/\/www.google.com\/maps\/place\/327+Rue+St.+George+%23204,+Moncton,+NB+E1C+1W8\/@46.090466,-64.7872034,17z\/data=!3m1!4b1!4m5!3m4!1s0x4ca0b924bb8b2151:0xd5445deebca99abf!8m2!3d46.090466!4d-64.7872034?entry=ttu\" target=\"_blank\" rel=\"noreferrer noopener\">327 St George Street, Suite 204, Moncton, New Brunswick<\/a><\/li>\n\n\n\n<li><strong>L\u00e8 yo ouv\u00e8:<\/strong>\u00a0Lendi pou rive Vandredi, 9am rive 5pm<\/li>\n<\/ul>\n","protected":false},"excerpt":{"rendered":"<p>New Brunswick Refugee Clinic S\u00e8vis Refijye New Brunswick bay s\u00e8vis legal bileng gratis pou moun ki f\u00e8 demann azil nan New Brunswick ki pa gen mwayen lajan pou peye yon avoka prive. Menm jan an tou, klinik lan ede moun ki arisk ak aplikasyon pou rezidans p\u00e8manan pou rezon imanit\u00e8 ak konpasyon.<\/p>\n","protected":false},"author":24,"featured_media":0,"parent":1024,"menu_order":0,"comment_status":"closed","ping_status":"closed","template":"","meta":{"_acf_changed":false,"footnotes":""},"class_list":["post-1033","page","type-page","status-publish","hentry"],"acf":[],"_links":{"self":[{"href":"https:\/\/help.unhcr.org\/canada\/ht\/wp-json\/wp\/v2\/pages\/1033","targetHints":{"allow":["GET"]}}],"collection":[{"href":"https:\/\/help.unhcr.org\/canada\/ht\/wp-json\/wp\/v2\/pages"}],"about":[{"href":"https:\/\/help.unhcr.org\/canada\/ht\/wp-json\/wp\/v2\/types\/page"}],"author":[{"embeddable":true,"href":"https:\/\/help.unhcr.org\/canada\/ht\/wp-json\/wp\/v2\/users\/24"}],"replies":[{"embeddable":true,"href":"https:\/\/help.unhcr.org\/canada\/ht\/wp-json\/wp\/v2\/comments?post=1033"}],"version-history":[{"count":1,"href":"https:\/\/help.unhcr.org\/canada\/ht\/wp-json\/wp\/v2\/pages\/1033\/revisions"}],"predecessor-version":[{"id":1034,"href":"https:\/\/help.unhcr.org\/canada\/ht\/wp-json\/wp\/v2\/pages\/1033\/revisions\/1034"}],"up":[{"embeddable":true,"href":"https:\/\/help.unhcr.org\/canada\/ht\/wp-json\/wp\/v2\/pages\/1024"}],"wp:attachment":[{"href":"https:\/\/help.unhcr.org\/canada\/ht\/wp-json\/wp\/v2\/media?parent=1033"}],"curies":[{"name":"wp","href":"https:\/\/api.w.org\/{rel}","templated":true}]}}