{"id":1026,"date":"2023-07-11T18:02:59","date_gmt":"2023-07-11T18:02:59","guid":{"rendered":"https:\/\/help.unhcr.org\/canada\/resources-for-asylum-seekers\/__trashed-2\/"},"modified":"2023-08-10T15:17:36","modified_gmt":"2023-08-10T15:17:36","slug":"__trashed-2","status":"publish","type":"page","link":"https:\/\/help.unhcr.org\/canada\/ht\/resources-for-asylum-seekers\/__trashed-2\/","title":{"rendered":"Nova Scotia"},"content":{"rendered":"\n<h3 class=\"wp-block-heading has-white-color has-text-color has-background\" style=\"background-color:#0072bc\">Halifax Refugee Clinic<\/h3>\n\n\n\n<p>S\u00e8vis pou Refijye Halifax yo bay moun k ap f\u00e8 demann azil ki pa ka peye yon avoka prive s\u00e8vis edikasyon, s\u00e8vis legal, ak s\u00e8vis enstalasyon.<\/p>\n\n\n\n<ul class=\"wp-block-list\">\n<li><strong>Telef\u00f2n: <\/strong>+ 1 (902) 422-6736<\/li>\n\n\n\n<li><strong>Imel:<\/strong>\u00a0halifaxrefugeeclinic@gmail.com<\/li>\n\n\n\n<li><strong><a rel=\"noreferrer noopener\" href=\"https:\/\/halifaxrefugeeclinic.org\/\" target=\"_blank\">Sit Ent\u00e8n\u00e8t<\/a><\/strong><\/li>\n\n\n\n<li><strong>Adr\u00e8s\u00a0: <\/strong><a href=\"https:\/\/www.google.com\/maps\/place\/5538+Macara+St,+Halifax,+NS+B3K+1V9\/@44.6603897,-63.5996295,17z\/data=!3m1!4b1!4m6!3m5!1s0x4b5a2170751728c9:0x243f338cc6dbd0ce!8m2!3d44.6603897!4d-63.5970492!16s%2Fg%2F11c4sd94qz?entry=ttu\" target=\"_blank\" rel=\"noreferrer noopener\">5538 Macara Street, Halifax, Nova Scotia, B3K 1V9<\/a><\/li>\n\n\n\n<li><strong>L\u00e8 yo ouv\u00e8:<\/strong>\u00a0Lendi pou rive Vandredi, 9am rive 5pm<\/li>\n<\/ul>\n","protected":false},"excerpt":{"rendered":"<p>Halifax Refugee Clinic S\u00e8vis pou Refijye Halifax yo bay moun k ap f\u00e8 demann azil ki pa ka peye yon avoka prive s\u00e8vis edikasyon, s\u00e8vis legal, ak s\u00e8vis enstalasyon.<\/p>\n","protected":false},"author":24,"featured_media":0,"parent":1024,"menu_order":10,"comment_status":"closed","ping_status":"closed","template":"","meta":{"_acf_changed":false,"footnotes":""},"class_list":["post-1026","page","type-page","status-publish","hentry"],"acf":[],"_links":{"self":[{"href":"https:\/\/help.unhcr.org\/canada\/ht\/wp-json\/wp\/v2\/pages\/1026","targetHints":{"allow":["GET"]}}],"collection":[{"href":"https:\/\/help.unhcr.org\/canada\/ht\/wp-json\/wp\/v2\/pages"}],"about":[{"href":"https:\/\/help.unhcr.org\/canada\/ht\/wp-json\/wp\/v2\/types\/page"}],"author":[{"embeddable":true,"href":"https:\/\/help.unhcr.org\/canada\/ht\/wp-json\/wp\/v2\/users\/24"}],"replies":[{"embeddable":true,"href":"https:\/\/help.unhcr.org\/canada\/ht\/wp-json\/wp\/v2\/comments?post=1026"}],"version-history":[{"count":1,"href":"https:\/\/help.unhcr.org\/canada\/ht\/wp-json\/wp\/v2\/pages\/1026\/revisions"}],"predecessor-version":[{"id":1028,"href":"https:\/\/help.unhcr.org\/canada\/ht\/wp-json\/wp\/v2\/pages\/1026\/revisions\/1028"}],"up":[{"embeddable":true,"href":"https:\/\/help.unhcr.org\/canada\/ht\/wp-json\/wp\/v2\/pages\/1024"}],"wp:attachment":[{"href":"https:\/\/help.unhcr.org\/canada\/ht\/wp-json\/wp\/v2\/media?parent=1026"}],"curies":[{"name":"wp","href":"https:\/\/api.w.org\/{rel}","templated":true}]}}