{"id":1024,"date":"2022-06-28T18:20:21","date_gmt":"2022-06-28T18:20:21","guid":{"rendered":"https:\/\/help.unhcr.org\/canada\/resources-for-asylum-seekers\/"},"modified":"2025-07-09T13:19:36","modified_gmt":"2025-07-09T13:19:36","slug":"resources-for-asylum-seekers","status":"publish","type":"page","link":"https:\/\/help.unhcr.org\/canada\/ht\/resources-for-asylum-seekers\/","title":{"rendered":"Resous pou moun k ap ch\u00e8che azil"},"content":{"rendered":"\n<p class=\"has-background\" style=\"background-color:#fdf799\">Konsilte sit ent\u00e8n\u00e8t <a href=\"https:\/\/canadaborderclinic.org\/\">Canada-US Border Rights Clinic<\/a> pou plis enf\u00f2masyon ak asistans sou fason pou mande azil sou fwonty\u00e8 t\u00e8 Kanady\u00e8n nan.<\/p>\n\n\n\n<p class=\"has-text-align-center has-background\" style=\"background-color:#cce3f2\"><strong>\u2b07\ufe0f Chwazi yon pwovens pou plis enf\u00f2masyon<\/strong>\u2b07\ufe0f<\/p>\n","protected":false},"excerpt":{"rendered":"<p>Konsilte sit ent\u00e8n\u00e8t Canada-US Border Rights Clinic pou plis enf\u00f2masyon ak asistans sou fason pou mande azil sou fwonty\u00e8 t\u00e8 Kanady\u00e8n nan. \u2b07\ufe0f Chwazi yon pwovens pou plis enf\u00f2masyon\u2b07\ufe0f<\/p>\n","protected":false},"author":24,"featured_media":0,"parent":0,"menu_order":2,"comment_status":"closed","ping_status":"closed","template":"page-templates\/listing_page.php","meta":{"_acf_changed":false,"footnotes":""},"class_list":["post-1024","page","type-page","status-publish","hentry"],"acf":[],"_links":{"self":[{"href":"https:\/\/help.unhcr.org\/canada\/ht\/wp-json\/wp\/v2\/pages\/1024","targetHints":{"allow":["GET"]}}],"collection":[{"href":"https:\/\/help.unhcr.org\/canada\/ht\/wp-json\/wp\/v2\/pages"}],"about":[{"href":"https:\/\/help.unhcr.org\/canada\/ht\/wp-json\/wp\/v2\/types\/page"}],"author":[{"embeddable":true,"href":"https:\/\/help.unhcr.org\/canada\/ht\/wp-json\/wp\/v2\/users\/24"}],"replies":[{"embeddable":true,"href":"https:\/\/help.unhcr.org\/canada\/ht\/wp-json\/wp\/v2\/comments?post=1024"}],"version-history":[{"count":8,"href":"https:\/\/help.unhcr.org\/canada\/ht\/wp-json\/wp\/v2\/pages\/1024\/revisions"}],"predecessor-version":[{"id":2616,"href":"https:\/\/help.unhcr.org\/canada\/ht\/wp-json\/wp\/v2\/pages\/1024\/revisions\/2616"}],"wp:attachment":[{"href":"https:\/\/help.unhcr.org\/canada\/ht\/wp-json\/wp\/v2\/media?parent=1024"}],"curies":[{"name":"wp","href":"https:\/\/api.w.org\/{rel}","templated":true}]}}