{"id":1008,"date":"2022-06-28T17:40:00","date_gmt":"2022-06-28T17:40:00","guid":{"rendered":"https:\/\/help.unhcr.org\/canada\/how-to-apply-for-asylum-new\/who-can-get-refugee-protection-in-canada\/"},"modified":"2024-08-14T16:42:39","modified_gmt":"2024-08-14T16:42:39","slug":"who-can-get-refugee-protection-in-canada","status":"publish","type":"page","link":"https:\/\/help.unhcr.org\/canada\/ht\/how-to-apply-for-asylum-new\/who-can-get-refugee-protection-in-canada\/","title":{"rendered":"Kiy\u00e8s ki ka jwenn pwoteksyon k\u00f2m refijye o Kanada?"},"content":{"rendered":"\n<p>Pou jwenn pwoteksyon k\u00f2m refijye, ou bezwen pwouve ou pa ka tounen nan peyi nasyonalite w oswa rezidans ou paske ou p\u00e8 p\u00e8sikisyon akoz youn nan rezon ki vini annapr\u00e8 yo (gen egzanp anba chak tit) :&nbsp;<\/p>\n\n\n\n<h3 class=\"wp-block-heading\"><strong>Ras oswa nasyonalite&nbsp;<\/strong><\/h3>\n\n\n\n<p>Pa egzanp, ou p\u00e8 p\u00e8sikisyon paske ou se manm yon gwoup relijyon minorit\u00e8 oswa ou kouv\u00e8ti nan yon l\u00f2t relijyon.&nbsp;<\/p>\n\n\n\n<p><\/p>\n\n\n\n<h3 class=\"wp-block-heading\"><strong><strong>Relijyon<\/strong><\/strong><\/h3>\n\n\n\n<p>Pa egzanp, ou p\u00e8 p\u00e8sikisyon paske ou se manm yon gwoup etnik oswa yon gwoup lengistik minorit\u00e8.<\/p>\n\n\n\n<p><\/p>\n\n\n\n<h3 class=\"wp-block-heading\"><strong>Manm yon gwoup sosyal espesyal<\/strong><\/h3>\n\n\n\n<p>Pa egzanp, ou sibi vyolans akoz oryantasyon seksy\u00e8l ou oswa s\u00e8ks ou, oswa paske w p\u00e8 p\u00e8sikisyon akoz lyen familyal ou.<\/p>\n\n\n\n<p><\/p>\n\n\n\n<h3 class=\"wp-block-heading\"><strong>Opinyon politik<\/strong><\/h3>\n\n\n\n<p>Pa egzanp, ou se yon jounalis oswa yon blog\u00e8, yon militan dwazimen, oswa ou se oubyen yo w\u00e8 w tankou yon opozan gouv\u00e8nman an.<\/p>\n\n\n\n<p><\/p>\n\n\n\n<h3 class=\"wp-block-heading\"><strong>Risk pou lavi w oswa tretman malouk yon moun pa dwe sibi<\/strong><\/h3>\n\n\n\n<p>W ap f\u00e8 fas ak yon risk p\u00e8son\u00e8l ke popilasyon an anjeneral pap konfronte. Pa egzanp, ou rap\u00f2te aktivite krimin\u00e8l bay lapolis ki nan z\u00f2n ou an epi kounye a krimin\u00e8l yo ap ch\u00e8che w.<\/p>\n\n\n\n<p><\/p>\n\n\n\n<h3 class=\"wp-block-heading\"><strong>Risk pou itilizasyon vyolans<\/strong><\/h3>\n\n\n\n<p>Ou te sibi oswa ou te sou risk pou sibi abi fizik ou mantal grav nan men otorite nan gouv\u00e8nman an (sou l\u00f2d yo oswa av\u00e8k konsantman yo), pou jwenn enf\u00f2masyon nan men w oswa pou yo bay pinisyon.<\/p>\n\n\n\n<p class=\"has-text-align-center\"><strong>Paj kap vini an:<\/strong> <a href=\"https:\/\/help.unhcr.org\/canada\/ht\/how-to-apply-for-asylum-new\/where-to-claim-asylum\/\" data-type=\"page\" data-id=\"1012\">Ki kote pou f\u00e8 demann azil?<\/a><\/p>\n\n\n\n<pre id=\"tw-target-text\" class=\"wp-block-preformatted\"><\/pre>\n","protected":false},"excerpt":{"rendered":"<p>Pou jwenn pwoteksyon k\u00f2m refijye, ou bezwen pwouve ou pa ka tounen nan peyi nasyonalite w oswa rezidans ou paske ou p\u00e8 p\u00e8sikisyon akoz youn nan rezon ki vini annapr\u00e8 yo (gen egzanp anba chak tit) :&nbsp; Ras oswa nasyonalite&nbsp; Pa egzanp, ou p\u00e8 p\u00e8sikisyon paske ou se manm yon gwoup relijyon minorit\u00e8 oswa ou [&hellip;]<\/p>\n","protected":false},"author":24,"featured_media":0,"parent":1005,"menu_order":2,"comment_status":"closed","ping_status":"closed","template":"","meta":{"_acf_changed":false,"footnotes":""},"class_list":["post-1008","page","type-page","status-publish","hentry"],"acf":[],"_links":{"self":[{"href":"https:\/\/help.unhcr.org\/canada\/ht\/wp-json\/wp\/v2\/pages\/1008","targetHints":{"allow":["GET"]}}],"collection":[{"href":"https:\/\/help.unhcr.org\/canada\/ht\/wp-json\/wp\/v2\/pages"}],"about":[{"href":"https:\/\/help.unhcr.org\/canada\/ht\/wp-json\/wp\/v2\/types\/page"}],"author":[{"embeddable":true,"href":"https:\/\/help.unhcr.org\/canada\/ht\/wp-json\/wp\/v2\/users\/24"}],"replies":[{"embeddable":true,"href":"https:\/\/help.unhcr.org\/canada\/ht\/wp-json\/wp\/v2\/comments?post=1008"}],"version-history":[{"count":2,"href":"https:\/\/help.unhcr.org\/canada\/ht\/wp-json\/wp\/v2\/pages\/1008\/revisions"}],"predecessor-version":[{"id":2049,"href":"https:\/\/help.unhcr.org\/canada\/ht\/wp-json\/wp\/v2\/pages\/1008\/revisions\/2049"}],"up":[{"embeddable":true,"href":"https:\/\/help.unhcr.org\/canada\/ht\/wp-json\/wp\/v2\/pages\/1005"}],"wp:attachment":[{"href":"https:\/\/help.unhcr.org\/canada\/ht\/wp-json\/wp\/v2\/media?parent=1008"}],"curies":[{"name":"wp","href":"https:\/\/api.w.org\/{rel}","templated":true}]}}