{"id":1001,"date":"2017-11-22T16:07:37","date_gmt":"2017-11-22T16:07:37","guid":{"rendered":"https:\/\/help.unhcr.org\/canada\/welcome\/"},"modified":"2026-03-27T19:09:27","modified_gmt":"2026-03-27T19:09:27","slug":"welcome","status":"publish","type":"page","link":"https:\/\/help.unhcr.org\/canada\/ht\/","title":{"rendered":"Ak\u00e8y"},"content":{"rendered":"\n<h4 class=\"wp-block-heading has-text-align-left has-background\" style=\"background-color:#fdf799\"><strong>\ud83d\udea8Enp\u00f2tan: Gwo chanjman f\u00e8t nan sist\u00e8m tretman demann azil Kanada a \ud83d\udea8<br><br>Nan dat 26 mas 2026, peyi Kanada te f\u00e8 k\u00e8k <a href=\"https:\/\/www.canada.ca\/en\/immigration-refugees-citizenship\/news\/2026\/03\/new-immigration-and-asylum-measures-from-bill-c-12-the-strengthening-canadas-immigration-system-and-borders-act-have-become-law.html\" data-type=\"link\" data-id=\"https:\/\/www.canada.ca\/en\/immigration-refugees-citizenship\/news\/2026\/03\/new-immigration-and-asylum-measures-from-bill-c-12-the-strengthening-canadas-immigration-system-and-borders-act-have-become-law.html\">gwo chanjman <\/a>nan sist\u00e8m tretman demann azil li a. N ap bay plis detay pou ou nan jou k ap vini yo.<br><br>Chanjman sa yo kons\u00e8ne ki kalite moun ki ka aplike pou mande azil, fason y ap trete dosye yo, ak dat limit ki dwe respekte. Pou plis enf\u00f2masyon, tanpri vizite <a href=\"https:\/\/www.canada.ca\/en\/immigration-refugees-citizenship\/services\/refugees\/protection.html\" data-type=\"link\" data-id=\"https:\/\/www.canada.ca\/en\/immigration-refugees-citizenship\/services\/refugees\/protection.html\">sit ent\u00e8n\u00e8t <\/a>gouv\u00e8nman Kanada a.<br><br>Si w ap panse mande azil nan Kanada, asire w ou jwenn kons\u00e8y legal ak bon jan enf\u00f2masyon ki ajou, epi verifye tout nouvo enf\u00f2masyon yo. <br><br>N ap mete paj sa a ajou l\u00e8 nou gen plis detay.<\/strong><\/h4>\n\n\n\n<p><\/p>\n\n\n\n<p>Si w ap kouri kite peyi w paske ou p\u00e8 p\u00e8sikisyon oswa paske lavi w an danje, ou ka aplike pou azil o Kanada. Si yo ba w azil, ou ka resevwa estati k\u00f2m refijye ak dwa pou rete. Pou f\u00e8 demann azil, ou dwe prezan fizikman o Kanada oswa w ap ch\u00e8che antre nan peyi a nan yon p\u00f2s antre (ayewop\u00f2, fonty\u00e8 t\u00e8r\u00e8s oswa p\u00f2 maritim).<\/p>\n\n\n\n<p>Sou sit ent\u00e8n\u00e8t sa a, w ap jwenn resous k ap ede w konprann sist\u00e8m azil Kanadyen an.&nbsp;<\/p>\n\n\n\n<h3 class=\"wp-block-heading has-white-color has-text-color has-background\" style=\"background-color:#0072bc\">Sou sit ent\u00e8n\u00e8t sa a, w ap jwenn resous k ap ede w konprann sist\u00e8m azil Kanadyen an:<\/h3>\n\n\n\n<ul style=\"background-color:#f0f0f1\" class=\"wp-block-list has-background\">\n<li><strong><a href=\"https:\/\/help.unhcr.org\/canada\/ht\/how-to-apply-for-asylum-new\/\">Kijan pou f\u00e8 demann azil?<\/a><\/strong><\/li>\n\n\n\n<li><strong><a href=\"https:\/\/help.unhcr.org\/canada\/ht\/resources-for-asylum-seekers\/\">Resous pou moun k ap ch\u00e8che azil<\/a><\/strong><\/li>\n\n\n\n<li><strong><a href=\"https:\/\/help.unhcr.org\/canada\/ht\/rights-and-duties-3\/\">Dwa ak Devwa<\/a><\/strong><\/li>\n\n\n\n<li><strong><a href=\"https:\/\/help.unhcr.org\/canada\/ht\/family-reunification\/\">Reyinifikasyon familyal<\/a><\/strong><\/li>\n\n\n\n<li><strong><a href=\"https:\/\/help.unhcr.org\/canada\/ht\/anti-fraud\/\">Anti-Fw\u00f2d<\/a><\/strong><\/li>\n\n\n\n<li><strong><a href=\"https:\/\/help.unhcr.org\/canada\/ht\/about-unhcr-in-canada\/\">Sa w Dwe Konnen sou UNHCR o Kanada<\/a><\/strong><\/li>\n<\/ul>\n\n\n\n<p><strong>Ou dwe itilize enf\u00f2masyon sa yo tankou yon gid; yo pa kons\u00e8y legal. Si w gen kesyon, tanpri ch\u00e8che asistans legal.<\/strong><\/p>\n\n\n\n<p class=\"has-background\" style=\"background-color:#fdf499\">Al\u00e8t fw\u00f2d: Gen moun k ap montre nimewo telef\u00f2n UNHCR Kanada (613-232-0909) pou bay moun yo yon fo lide pou yo rete an echanj lajan. Moun sa yo se moun k ap f\u00e8 fw\u00f2d epi yo pa reprezante UNHCR. S\u00e8vis UNHCR yo toujou gratis.<\/p>\n\n\n\n<p><\/p>\n","protected":false},"excerpt":{"rendered":"<p>\ud83d\udea8Enp\u00f2tan: Gwo chanjman f\u00e8t nan sist\u00e8m tretman demann azil Kanada a \ud83d\udea8 Nan dat 26 mas 2026, peyi Kanada te f\u00e8 k\u00e8k gwo chanjman nan sist\u00e8m tretman demann azil li a. N ap bay plis detay pou ou nan jou k ap vini yo. Chanjman sa yo kons\u00e8ne ki kalite moun ki ka aplike pou [&hellip;]<\/p>\n","protected":false},"author":1,"featured_media":0,"parent":0,"menu_order":0,"comment_status":"closed","ping_status":"closed","template":"","meta":{"_acf_changed":false,"footnotes":""},"class_list":["post-1001","page","type-page","status-publish","hentry"],"acf":[],"_links":{"self":[{"href":"https:\/\/help.unhcr.org\/canada\/ht\/wp-json\/wp\/v2\/pages\/1001","targetHints":{"allow":["GET"]}}],"collection":[{"href":"https:\/\/help.unhcr.org\/canada\/ht\/wp-json\/wp\/v2\/pages"}],"about":[{"href":"https:\/\/help.unhcr.org\/canada\/ht\/wp-json\/wp\/v2\/types\/page"}],"author":[{"embeddable":true,"href":"https:\/\/help.unhcr.org\/canada\/ht\/wp-json\/wp\/v2\/users\/1"}],"replies":[{"embeddable":true,"href":"https:\/\/help.unhcr.org\/canada\/ht\/wp-json\/wp\/v2\/comments?post=1001"}],"version-history":[{"count":19,"href":"https:\/\/help.unhcr.org\/canada\/ht\/wp-json\/wp\/v2\/pages\/1001\/revisions"}],"predecessor-version":[{"id":2755,"href":"https:\/\/help.unhcr.org\/canada\/ht\/wp-json\/wp\/v2\/pages\/1001\/revisions\/2755"}],"wp:attachment":[{"href":"https:\/\/help.unhcr.org\/canada\/ht\/wp-json\/wp\/v2\/media?parent=1001"}],"curies":[{"name":"wp","href":"https:\/\/api.w.org\/{rel}","templated":true}]}}