{"id":754,"date":"2018-02-08T10:40:51","date_gmt":"2018-02-08T10:40:51","guid":{"rendered":"https:\/\/help.unhcr.org\/canada\/about-unhcr-in-canada\/"},"modified":"2023-07-21T19:48:14","modified_gmt":"2023-07-21T19:48:14","slug":"about-unhcr-in-canada","status":"publish","type":"page","link":"https:\/\/help.unhcr.org\/canada\/fr\/about-unhcr-in-canada\/","title":{"rendered":"\u00c0 propos du HCR au Canada"},"content":{"rendered":"\n<h3 class=\"wp-block-heading\">Le HCR, l\u2019Agence des Nations Unies pour les r\u00e9fugi\u00e9s, est un organisme mondial dont le mandat est de sauver des vies, de prot\u00e9ger les droits et de b\u00e2tir un avenir meilleur pour les personnes r\u00e9fugi\u00e9es, les communaut\u00e9s forc\u00e9es d\u2019\u00eatre d\u00e9plac\u00e9es et les personnes apatrides. Le HCR est pr\u00e9sent dans plus de 140&nbsp;pays \u00e0 travers le monde.<\/h3>\n\n\n\n<p>Depuis des d\u00e9cennies, le HCR fait face \u00e0 des crises dans de nombreux pays. Nous avons apport\u00e9 une aide vitale aux personnes r\u00e9fugi\u00e9es, aux demandeurs d\u2019asile, aux personnes d\u00e9plac\u00e9es internes et apatrides. Le HCR a aid\u00e9 \u00e0 sauver des vies et \u00e0 b\u00e2tir un avenir meilleur pour des millions de personnes forc\u00e9es de fuir leurs foyers.<\/p>\n\n\n\n<p>La Convention de&nbsp;1951 relative au statut des r\u00e9fugi\u00e9s est le document juridique cl\u00e9 qui constitue la base de notre travail. Ratifi\u00e9e par 145&nbsp;\u00c9tats parties, dont le Canada, elle d\u00e9finit le terme \u00ab&nbsp;r\u00e9fugi\u00e9&nbsp;\u00bb et \u00e9nonce les droits des personnes d\u00e9racin\u00e9es, ainsi que les obligations juridiques des \u00c9tats pour assurer leur protection.<\/p>\n\n\n\n<h4 class=\"wp-block-heading\"><strong>Notre bureau au Canada a ouvert ses portes en&nbsp;1976 et \u0153uvre dans quatre&nbsp;domaines principaux&nbsp;:<\/strong><\/h4>\n\n\n\n<p><\/p>\n\n\n\n<ul class=\"has-white-color has-text-color has-background wp-block-list\" style=\"background-color:#0072bc\">\n<li><strong>Protection&nbsp;<\/strong>: Nous respectons les pratiques et les politiques canadiennes en mati\u00e8re d\u2019asile afin de promouvoir les normes les plus \u00e9lev\u00e9es en mati\u00e8re de protection des r\u00e9fugi\u00e9s et des demandeurs d\u2019asile.<\/li>\n\n\n\n<li><strong>Solutions&nbsp;<\/strong>: Nous trouvons des solutions durables qui permettent aux personnes r\u00e9fugi\u00e9es de vivre leur vie dans la dignit\u00e9 et la paix. Ces solutions comprennent le rapatriement volontaire, la r\u00e9installation et l\u2019int\u00e9gration.<\/li>\n\n\n\n<li><strong>Communications<\/strong>&nbsp;: Nous informons et \u00e9duquons les Canadiens \u00e0 propos de la situation des personnes r\u00e9fugi\u00e9es et d\u00e9plac\u00e9es \u00e0 travers le monde, ainsi qu\u2019\u00e0 propos du travail du HCR sur le terrain.<\/li>\n\n\n\n<li><strong>Collecte de fonds<\/strong>&nbsp;: Nous encourageons la population canadienne et le gouvernement du Canada \u00e0 fournir une aide financi\u00e8re aux programmes du HCR partout dans le monde.<\/li>\n<\/ul>\n\n\n\n<p><strong>Communiquez avec nous! <\/strong>Si vous avez des questions concernant votre dossier pr\u00e9cis ou le processus de demande d\u2019asile, communiquez avec nous par courriel \u00e0 <a href=\"mailto:canotinq@unhcr.org\">canotinq@unhcr.org<\/a>.<\/p>\n\n\n\n<p>Veuillez noter que, au Canada, le HCR ne participe pas aux diff\u00e9rents processus li\u00e9s aux cas individuels. Si vous avez besoin d\u2019aide pour votre demande d\u2019asile, vous devez demander l\u2019aide d\u2019un des nombreux organismes \u00e9num\u00e9r\u00e9s dans ce guide.<\/p>\n\n\n\n<p>Le HCR Canada n\u2019offre pas de services directs aux demandeurs d\u2019asile et vous orientera vers d\u2019autres services disponibles au Canada pour obtenir de l\u2019aide si vous communiquez avec nos bureaux.<\/p>\n\n\n\n<h4 class=\"wp-block-heading\"><strong>Notre bureau principal au Canada est situ\u00e9 \u00e0 Ottawa&nbsp;:<\/strong><\/h4>\n\n\n\n<ul class=\"wp-block-list\">\n<li>Adresse&nbsp;: <a href=\"https:\/\/www.google.com\/maps\/place\/280+Albert+St+%23401,+Ottawa,+ON+K1P+5G8\/@45.4191846,-75.7040375,17z\/data=!3m1!4b1!4m6!3m5!1s0x4cce045466748291:0x995c98f6c0c7417e!8m2!3d45.4191809!4d-75.7014626!16s%2Fg%2F11qqn6ws_q?entry=ttu\" target=\"_blank\" rel=\"noreferrer noopener\">280, rue Albert, bureau&nbsp;401, Ottawa (Ontario) K1P&nbsp;5G8<\/a><\/li>\n\n\n\n<li>T\u00e9l\u00e9phone&nbsp;: +1-613-232-0909<\/li>\n<\/ul>\n\n\n\n<h4 class=\"wp-block-heading\"><strong>Nous avons \u00e9galement un bureau satellite \u00e0 Montr\u00e9al, au Qu\u00e9bec&nbsp;:<\/strong><\/h4>\n\n\n\n<ul class=\"wp-block-list\">\n<li>Adresse&nbsp;: <a href=\"https:\/\/www.google.com\/maps\/place\/200+Boulevard+Ren%C3%A9-L%C3%A9vesque+O,+Montr%C3%A9al,+QC+H2Z+1X4\/@45.5070316,-73.5650805,17z\/data=!3m1!4b1!4m6!3m5!1s0x4cc91a5024e3b7bf:0x57ce10e606452a14!8m2!3d45.5070279!4d-73.5625056!16s%2Fg%2F11bw3xq4pd?entry=ttu\" target=\"_blank\" rel=\"noreferrer noopener\">200, boulevard Ren\u00e9-L\u00e9vesque&nbsp;O., Montr\u00e9al (Qu\u00e9bec) H2Z&nbsp;1X4<\/a><\/li>\n\n\n\n<li>T\u00e9l\u00e9phone&nbsp;:&nbsp;1-514-496-1637<\/li>\n<\/ul>\n\n\n\n<p><a rel=\"noreferrer noopener\" href=\"https:\/\/www.unhcr.ca\/fr\/\" target=\"_blank\">Visitez notre site internet<\/a><\/p>\n","protected":false},"excerpt":{"rendered":"<p>Le HCR, l\u2019Agence des Nations Unies pour les r\u00e9fugi\u00e9s, est un organisme mondial dont le mandat est de sauver des vies, de prot\u00e9ger les droits et de b\u00e2tir un avenir meilleur pour les personnes r\u00e9fugi\u00e9es, les communaut\u00e9s forc\u00e9es d\u2019\u00eatre d\u00e9plac\u00e9es et les personnes apatrides. Le HCR est pr\u00e9sent dans plus de 140&nbsp;pays \u00e0 travers le [&hellip;]<\/p>\n","protected":false},"author":1,"featured_media":0,"parent":0,"menu_order":10,"comment_status":"closed","ping_status":"closed","template":"","meta":{"_acf_changed":false,"footnotes":""},"class_list":["post-754","page","type-page","status-publish","hentry"],"acf":[],"_links":{"self":[{"href":"https:\/\/help.unhcr.org\/canada\/fr\/wp-json\/wp\/v2\/pages\/754","targetHints":{"allow":["GET"]}}],"collection":[{"href":"https:\/\/help.unhcr.org\/canada\/fr\/wp-json\/wp\/v2\/pages"}],"about":[{"href":"https:\/\/help.unhcr.org\/canada\/fr\/wp-json\/wp\/v2\/types\/page"}],"author":[{"embeddable":true,"href":"https:\/\/help.unhcr.org\/canada\/fr\/wp-json\/wp\/v2\/users\/1"}],"replies":[{"embeddable":true,"href":"https:\/\/help.unhcr.org\/canada\/fr\/wp-json\/wp\/v2\/comments?post=754"}],"version-history":[{"count":4,"href":"https:\/\/help.unhcr.org\/canada\/fr\/wp-json\/wp\/v2\/pages\/754\/revisions"}],"predecessor-version":[{"id":999,"href":"https:\/\/help.unhcr.org\/canada\/fr\/wp-json\/wp\/v2\/pages\/754\/revisions\/999"}],"wp:attachment":[{"href":"https:\/\/help.unhcr.org\/canada\/fr\/wp-json\/wp\/v2\/media?parent=754"}],"curies":[{"name":"wp","href":"https:\/\/api.w.org\/{rel}","templated":true}]}}