{"id":748,"date":"2021-08-27T12:44:47","date_gmt":"2021-08-27T12:44:47","guid":{"rendered":"https:\/\/help.unhcr.org\/canada\/family-reunification\/"},"modified":"2025-01-07T21:02:37","modified_gmt":"2025-01-07T21:02:37","slug":"family-reunification","status":"publish","type":"page","link":"https:\/\/help.unhcr.org\/canada\/fr\/family-reunification\/","title":{"rendered":"R\u00e9unification des familles"},"content":{"rendered":"\n<p class=\"has-background\" style=\"background-color:#ffeb10\"><strong>Avis\u00a0: Dans le cadre de mesures sp\u00e9ciales pour l\u2019Afghanistan et l\u2019Ukraine, le Canada accorde la priorit\u00e9 \u00e0 la r\u00e9unification des familles des ressortissants afghans et ukrainiens<\/strong>.<strong> Pour de plus amples renseignements, veuillez consulter\u00a0: <\/strong><a href=\"https:\/\/www.canada.ca\/fr\/immigration-refugies-citoyennete\/organisation\/publications-guides\/bulletins-guides-operationnels\/mises-a-jour\/2021-afghanistan.html\" target=\"_blank\" rel=\"noreferrer noopener\"><strong>Mise \u00e0 jour concernant l\u2019ex\u00e9cution des programmes\u00a0: Mesures sp\u00e9ciales pour l\u2019Afghanistan \u2013 Canada.ca<\/strong><\/a><strong> et <\/strong><a href=\"https:\/\/www.canada.ca\/fr\/immigration-refugies-citoyennete\/organisation\/publications-guides\/bulletins-guides-operationnels\/prestation-services\/ukraine\/mesures-speciales.html\" target=\"_blank\" rel=\"noreferrer noopener\"><strong>l\u2019Ukraine\u00a0: Mesures sp\u00e9ciales propres au programme &#8211; Canada.ca<\/strong><\/a><\/p>\n\n\n\n<p>La protection de l\u2019unit\u00e9 familiale est un droit humain important. Si vous avez \u00e9t\u00e9 s\u00e9par\u00e9 de votre famille avant ou pendant votre vol, vous pouvez demander que votre famille vous rejoigne au <strong>Canada<\/strong>, dans des conditions pr\u00e9cises. Le fait que votre famille puisse vous rejoindre d\u00e9pend finalement du type de statut juridique qui vous est accord\u00e9 et de la nature de votre relation.<\/p>\n","protected":false},"excerpt":{"rendered":"<p>Avis\u00a0: Dans le cadre de mesures sp\u00e9ciales pour l\u2019Afghanistan et l\u2019Ukraine, le Canada accorde la priorit\u00e9 \u00e0 la r\u00e9unification des familles des ressortissants afghans et ukrainiens. Pour de plus amples renseignements, veuillez consulter\u00a0: Mise \u00e0 jour concernant l\u2019ex\u00e9cution des programmes\u00a0: Mesures sp\u00e9ciales pour l\u2019Afghanistan \u2013 Canada.ca et l\u2019Ukraine\u00a0: Mesures sp\u00e9ciales propres au programme &#8211; Canada.ca [&hellip;]<\/p>\n","protected":false},"author":24,"featured_media":0,"parent":0,"menu_order":4,"comment_status":"closed","ping_status":"closed","template":"page-templates\/sectioned.php","meta":{"_acf_changed":false,"footnotes":""},"class_list":["post-748","page","type-page","status-publish","hentry"],"acf":[],"_links":{"self":[{"href":"https:\/\/help.unhcr.org\/canada\/fr\/wp-json\/wp\/v2\/pages\/748","targetHints":{"allow":["GET"]}}],"collection":[{"href":"https:\/\/help.unhcr.org\/canada\/fr\/wp-json\/wp\/v2\/pages"}],"about":[{"href":"https:\/\/help.unhcr.org\/canada\/fr\/wp-json\/wp\/v2\/types\/page"}],"author":[{"embeddable":true,"href":"https:\/\/help.unhcr.org\/canada\/fr\/wp-json\/wp\/v2\/users\/24"}],"replies":[{"embeddable":true,"href":"https:\/\/help.unhcr.org\/canada\/fr\/wp-json\/wp\/v2\/comments?post=748"}],"version-history":[{"count":3,"href":"https:\/\/help.unhcr.org\/canada\/fr\/wp-json\/wp\/v2\/pages\/748\/revisions"}],"predecessor-version":[{"id":2101,"href":"https:\/\/help.unhcr.org\/canada\/fr\/wp-json\/wp\/v2\/pages\/748\/revisions\/2101"}],"wp:attachment":[{"href":"https:\/\/help.unhcr.org\/canada\/fr\/wp-json\/wp\/v2\/media?parent=748"}],"curies":[{"name":"wp","href":"https:\/\/api.w.org\/{rel}","templated":true}]}}