{"id":741,"date":"2022-06-28T18:41:07","date_gmt":"2022-06-28T18:41:07","guid":{"rendered":"https:\/\/help.unhcr.org\/canada\/resources-for-asylum-seekers\/manitoba\/"},"modified":"2023-07-19T20:38:38","modified_gmt":"2023-07-19T20:38:38","slug":"manitoba","status":"publish","type":"page","link":"https:\/\/help.unhcr.org\/canada\/fr\/resources-for-asylum-seekers\/manitoba\/","title":{"rendered":"Manitoba"},"content":{"rendered":"\n<h3 class=\"wp-block-heading has-white-color has-text-color has-background\" style=\"background-color:#0072bc\">Aide juridique du Manitoba<\/h3>\n\n\n\n<p>Aide juridique du Manitoba fournit des services juridiques aux adultes et aux jeunes \u00e0 faible revenu du Manitoba qui satisfont aux crit\u00e8res financiers et dont la cause est fond\u00e9e. Cela comprend des services aux demandeurs d\u2019asile. Aide juridique du Manitoba pourrait vous aider \u00e0 obtenir une aide financi\u00e8re pour payer un avocat qui vous repr\u00e9sentera lors de votre audience devant la Commission de l\u2019immigration et du statut de r\u00e9fugi\u00e9 du Canada&nbsp;(CISR).<\/p>\n\n\n\n<ul class=\"wp-block-list\">\n<li><strong>T\u00e9l\u00e9phone&nbsp;:<\/strong> +1-800-261-2960<\/li>\n\n\n\n<li><strong>Courriel&nbsp;:<\/strong> <a href=\"mailto:info@legalaid.mb.ca\">info@legalaid.mb.ca<\/a><\/li>\n\n\n\n<li><strong><a href=\"https:\/\/www.legalaid.mb.ca\/\" target=\"_blank\" rel=\"noreferrer noopener\">Visitez leur site internet<\/a><\/strong><\/li>\n\n\n\n<li><strong>Adresse&nbsp;:<\/strong> <a href=\"https:\/\/www.google.com\/maps\/place\/287+Broadway+%23100,+Winnipeg,+MB+R3C+0R9\/@49.8881555,-97.1419974,17z\/data=!3m1!4b1!4m6!3m5!1s0x52ea71513bccdb33:0x2e3674502af22e4d!8m2!3d49.8881555!4d-97.1394171!16s%2Fg%2F11qqn8502y?entry=ttu\" target=\"_blank\" rel=\"noreferrer noopener\">100 \u2013 287 Broadway, Winnipeg (Manitoba) R3C&nbsp;0R9<\/a><\/li>\n\n\n\n<li><strong>Heures d\u2019ouverture :<\/strong>\n<ul class=\"wp-block-list\">\n<li>Lundi et mardi de 12 h 30 \u00e0 16 h<\/li>\n\n\n\n<li>Mercredi et jeudi de 13&nbsp;h&nbsp;30 \u00e0 16&nbsp;h<\/li>\n<\/ul>\n<\/li>\n<\/ul>\n\n\n\n<h3 class=\"wp-block-heading has-white-color has-text-color has-background\" style=\"background-color:#0072bc\">Naomi House<\/h3>\n\n\n\n<p>Fournit un logement et du soutien aux r\u00e9fugi\u00e9s nouvellement arriv\u00e9s et aux demandeurs d\u2019asile pendant une p\u00e9riode maximale de six&nbsp;mois dans la ville de Winnipeg.<\/p>\n\n\n\n<ul class=\"wp-block-list\">\n<li><strong>T\u00e9l\u00e9phone&nbsp;: <\/strong>+1-431-336-4308<\/li>\n\n\n\n<li><strong>Courriel&nbsp;:<\/strong> <a href=\"mailto:director.nhouse@gmail.com\">director.nhouse@gmail.com<\/a><\/li>\n\n\n\n<li><a href=\"https:\/\/naomihouse.info\/\" target=\"_blank\" rel=\"noreferrer noopener\"><strong>Visitez leur site internet<\/strong><\/a><\/li>\n<\/ul>\n","protected":false},"excerpt":{"rendered":"<p>Aide juridique du Manitoba Aide juridique du Manitoba fournit des services juridiques aux adultes et aux jeunes \u00e0 faible revenu du Manitoba qui satisfont aux crit\u00e8res financiers et dont la cause est fond\u00e9e. Cela comprend des services aux demandeurs d\u2019asile. Aide juridique du Manitoba pourrait vous aider \u00e0 obtenir une aide financi\u00e8re pour payer un [&hellip;]<\/p>\n","protected":false},"author":24,"featured_media":0,"parent":713,"menu_order":60,"comment_status":"closed","ping_status":"closed","template":"","meta":{"_acf_changed":false,"footnotes":""},"class_list":["post-741","page","type-page","status-publish","hentry"],"acf":[],"_links":{"self":[{"href":"https:\/\/help.unhcr.org\/canada\/fr\/wp-json\/wp\/v2\/pages\/741","targetHints":{"allow":["GET"]}}],"collection":[{"href":"https:\/\/help.unhcr.org\/canada\/fr\/wp-json\/wp\/v2\/pages"}],"about":[{"href":"https:\/\/help.unhcr.org\/canada\/fr\/wp-json\/wp\/v2\/types\/page"}],"author":[{"embeddable":true,"href":"https:\/\/help.unhcr.org\/canada\/fr\/wp-json\/wp\/v2\/users\/24"}],"replies":[{"embeddable":true,"href":"https:\/\/help.unhcr.org\/canada\/fr\/wp-json\/wp\/v2\/comments?post=741"}],"version-history":[{"count":5,"href":"https:\/\/help.unhcr.org\/canada\/fr\/wp-json\/wp\/v2\/pages\/741\/revisions"}],"predecessor-version":[{"id":943,"href":"https:\/\/help.unhcr.org\/canada\/fr\/wp-json\/wp\/v2\/pages\/741\/revisions\/943"}],"up":[{"embeddable":true,"href":"https:\/\/help.unhcr.org\/canada\/fr\/wp-json\/wp\/v2\/pages\/713"}],"wp:attachment":[{"href":"https:\/\/help.unhcr.org\/canada\/fr\/wp-json\/wp\/v2\/media?parent=741"}],"curies":[{"name":"wp","href":"https:\/\/api.w.org\/{rel}","templated":true}]}}