{"id":737,"date":"2022-06-28T18:39:53","date_gmt":"2022-06-28T18:39:53","guid":{"rendered":"https:\/\/help.unhcr.org\/canada\/resources-for-asylum-seekers\/british-columbia\/"},"modified":"2023-07-19T20:37:27","modified_gmt":"2023-07-19T20:37:27","slug":"british-columbia","status":"publish","type":"page","link":"https:\/\/help.unhcr.org\/canada\/fr\/resources-for-asylum-seekers\/british-columbia\/","title":{"rendered":"Colombie-Britannique"},"content":{"rendered":"\n<h3 class=\"wp-block-heading has-white-color has-text-color has-background\" style=\"background-color:#0072bc\">Legal Services Society: Legal Aid BC<\/h3>\n\n\n\n<p>Legal Services Society est un organisme sans but lucratif cr\u00e9\u00e9 pour fournir de l\u2019information juridique, des conseils et des services de repr\u00e9sentation aux personnes \u00e0 faible revenu, y compris les demandeurs d\u2019asile, dans la province de la Colombie-Britannique. Legal Services Society pourrait vous aider \u00e0 obtenir une aide financi\u00e8re pour payer un avocat qui vous repr\u00e9sentera lors de votre audience devant la Commission de l\u2019immigration et du statut de r\u00e9fugi\u00e9 du Canada&nbsp;(CISR).<\/p>\n\n\n\n<ul class=\"wp-block-list\">\n<li><strong>T\u00e9l\u00e9phone&nbsp;: <\/strong>+1-866-577-2525<\/li>\n\n\n\n<li><strong><a href=\"https:\/\/www.lss.bc.ca\/\" target=\"_blank\" rel=\"noreferrer noopener\">Visitez leur site internet<\/a><\/strong><\/li>\n\n\n\n<li><strong>Adresse&nbsp;:<\/strong><a href=\"https:\/\/www.google.com\/maps\/place\/510+Burrard+St+%23425,+Vancouver,+BC+V6C+3A8\/@49.285991,-123.1201493,17z\/data=!3m1!4b1!4m5!3m4!1s0x548671823ec27441:0xe3625ffdc637bc6d!8m2!3d49.285991!4d-123.117569?entry=ttu\" target=\"_blank\" rel=\"noreferrer noopener\"> 425 \u2013 510, rue Burrard, Vancouver (Colombie-Britannique) V6C&nbsp;3A8<\/a><\/li>\n\n\n\n<li><strong>Heures d\u2019ouverture&nbsp;:<\/strong>&nbsp;Lundi, mardi, jeudi et vendredi \u2014 de 9&nbsp;h \u00e0 16&nbsp;h<br>Mercredi \u2014 9&nbsp;h \u00e0 14&nbsp;h&nbsp;30<\/li>\n<\/ul>\n\n\n\n<h3 class=\"wp-block-heading has-white-color has-text-color has-background\" style=\"background-color:#0072bc\">Kinbrace<\/h3>\n\n\n\n<p>La communaut\u00e9 Kinbrace accueille les demandeurs d\u2019asile en leur offrant logement, \u00e9ducation et soutien. Vous pouvez consulter le guide <em>My Refugee Claim<\/em> (Ma demande d\u2019asile) publi\u00e9 par Kinbrace pour en savoir plus sur le processus d\u2019asile.<\/p>\n\n\n\n<ul class=\"wp-block-list\">\n<li><strong>T\u00e9l\u00e9phone&nbsp;:<\/strong> +1-604-255-9691<\/li>\n\n\n\n<li><strong>Courriel&nbsp;:<\/strong> <a href=\"mailto:info@kinbrace.ca\">info@kinbrace.ca<\/a><\/li>\n\n\n\n<li><a href=\"https:\/\/kinbrace.ca\/\" target=\"_blank\" rel=\"noreferrer noopener\"><strong>Visitez leur site internet<\/strong><\/a><\/li>\n<\/ul>\n\n\n\n<h3 class=\"wp-block-heading has-white-color has-text-color has-background\" style=\"background-color:#0072bc\">Immigration and Refugee Legal Clinic<\/h3>\n\n\n\n<p>Immigration and Refugee Legal Clinic offre des conseils juridiques gratuits et des services de repr\u00e9sentation, ainsi que des services d\u2019interpr\u00e9tation, aux personnes \u00e0 faible revenu de la Colombie-Britannique. La clinique agit comme un filet de s\u00e9curit\u00e9 pour les personnes et les familles, dont les cas ne sont pas couverts ou faciles \u00e0 servir dans le syst\u00e8me traditionnel d\u2019aide juridique.<\/p>\n\n\n\n<ul class=\"wp-block-list\">\n<li><strong>T\u00e9l\u00e9phone&nbsp;:<\/strong> +1-778-372-6583<\/li>\n\n\n\n<li><strong>Courriel&nbsp;:<\/strong> <a href=\"mailto:info@irlc.ca\">info@irlc.ca<\/a><\/li>\n\n\n\n<li><a href=\"https:\/\/www.irlc.ca\/\" target=\"_blank\" rel=\"noreferrer noopener\"><strong>Visitez leur site internet<\/strong><\/a><\/li>\n<\/ul>\n","protected":false},"excerpt":{"rendered":"<p>Legal Services Society: Legal Aid BC Legal Services Society est un organisme sans but lucratif cr\u00e9\u00e9 pour fournir de l\u2019information juridique, des conseils et des services de repr\u00e9sentation aux personnes \u00e0 faible revenu, y compris les demandeurs d\u2019asile, dans la province de la Colombie-Britannique. Legal Services Society pourrait vous aider \u00e0 obtenir une aide financi\u00e8re [&hellip;]<\/p>\n","protected":false},"author":24,"featured_media":0,"parent":713,"menu_order":50,"comment_status":"closed","ping_status":"closed","template":"","meta":{"_acf_changed":false,"footnotes":""},"class_list":["post-737","page","type-page","status-publish","hentry"],"acf":[],"_links":{"self":[{"href":"https:\/\/help.unhcr.org\/canada\/fr\/wp-json\/wp\/v2\/pages\/737","targetHints":{"allow":["GET"]}}],"collection":[{"href":"https:\/\/help.unhcr.org\/canada\/fr\/wp-json\/wp\/v2\/pages"}],"about":[{"href":"https:\/\/help.unhcr.org\/canada\/fr\/wp-json\/wp\/v2\/types\/page"}],"author":[{"embeddable":true,"href":"https:\/\/help.unhcr.org\/canada\/fr\/wp-json\/wp\/v2\/users\/24"}],"replies":[{"embeddable":true,"href":"https:\/\/help.unhcr.org\/canada\/fr\/wp-json\/wp\/v2\/comments?post=737"}],"version-history":[{"count":5,"href":"https:\/\/help.unhcr.org\/canada\/fr\/wp-json\/wp\/v2\/pages\/737\/revisions"}],"predecessor-version":[{"id":941,"href":"https:\/\/help.unhcr.org\/canada\/fr\/wp-json\/wp\/v2\/pages\/737\/revisions\/941"}],"up":[{"embeddable":true,"href":"https:\/\/help.unhcr.org\/canada\/fr\/wp-json\/wp\/v2\/pages\/713"}],"wp:attachment":[{"href":"https:\/\/help.unhcr.org\/canada\/fr\/wp-json\/wp\/v2\/media?parent=737"}],"curies":[{"name":"wp","href":"https:\/\/api.w.org\/{rel}","templated":true}]}}