{"id":734,"date":"2022-06-28T18:38:15","date_gmt":"2022-06-28T18:38:15","guid":{"rendered":"https:\/\/help.unhcr.org\/canada\/resources-for-asylum-seekers\/alberta\/"},"modified":"2023-07-19T20:36:07","modified_gmt":"2023-07-19T20:36:07","slug":"alberta","status":"publish","type":"page","link":"https:\/\/help.unhcr.org\/canada\/fr\/resources-for-asylum-seekers\/alberta\/","title":{"rendered":"Alberta"},"content":{"rendered":"\n<h3 class=\"wp-block-heading has-white-color has-text-color has-background\" style=\"background-color:#0072bc\">Aide juridique de l\u2019Alberta<\/h3>\n\n\n\n<p>Aide juridique de l\u2019Alberta aide les clients admissibles concernant des questions relatives aux demandes d\u2019asile. Lorsque vous communiquez avec le Centre des services juridiques d\u2019Aide juridique de l\u2019Alberta, une \u00e9valuation sera effectu\u00e9e pour d\u00e9terminer la meilleure option de service pour votre probl\u00e8me juridique.&nbsp;Si votre probl\u00e8me juridique r\u00e9pond aux crit\u00e8res pour obtenir les services d\u2019un avocat, Aide juridique de l\u2019Alberta nommera un avocat.<\/p>\n\n\n\n<ul class=\"wp-block-list\">\n<li><strong>T\u00e9l\u00e9phone&nbsp;:<\/strong> +1-866-845-3425<\/li>\n\n\n\n<li><strong><a href=\"http:\/\/www.legalaid.ab.ca\/Pages\/default.aspx\" target=\"_blank\" rel=\"noreferrer noopener\">Visitez leur site internet<\/a><\/strong><\/li>\n\n\n\n<li><strong>Adresses :<\/strong>\n<ul class=\"wp-block-list\">\n<li><strong>Edmonton<\/strong>&nbsp;:&nbsp;\u00c9difice Revillon, bureau&nbsp;600, <a href=\"https:\/\/www.google.com\/maps\/place\/10320+102+Ave+NW,+Edmonton,+AB+T5J+4A1\/@53.5435431,-113.5012583,17z\/data=!3m1!4b1!4m6!3m5!1s0x53a02248eff86385:0xcab8c418eb7b29d2!8m2!3d53.5435431!4d-113.498678!16s%2Fg%2F11bw40lvmw?entry=ttu\" target=\"_blank\" rel=\"noreferrer noopener\">10320 102&nbsp;avenue, Edmonton (Alberta) T5J&nbsp;4A1<\/a><\/li>\n\n\n\n<li><strong>Calgary&nbsp;<\/strong>: <a href=\"https:\/\/www.google.com\/maps\/place\/Dominion+Centre\/@51.0472075,-114.0840905,17z\/data=!3m1!4b1!4m6!3m5!1s0x53716fe69f0160af:0xb9d020eb86985a5e!8m2!3d51.0472075!4d-114.0815102!16s%2Fg%2F11f3xhcg_r?entry=ttu\" target=\"_blank\" rel=\"noreferrer noopener\">1100 Dominion Centre, 665, 8 rue Sud-Ouest, Calgary (Alberta) T2P 3K7<\/a><\/li>\n<\/ul>\n<\/li>\n\n\n\n<li><strong>Heures d\u2019ouverture&nbsp;:&nbsp;<\/strong>Du lundi au vendredi de 8&nbsp;h&nbsp;15 \u00e0 16&nbsp;h&nbsp;15<\/li>\n<\/ul>\n\n\n\n<h3 class=\"wp-block-heading has-white-color has-text-color has-background\" style=\"background-color:#0072bc\">Calgary Legal Guidance<\/h3>\n\n\n\n<p>Calgary Legal Guidance offre des conseils juridiques aux nouveaux arrivants en mati\u00e8re d\u2019immigration dans la ville de Calgary. Leur clinique juridique en immigration peut vous aider \u00e0 pr\u00e9senter une demande d\u2019asile, \u00e0 pr\u00e9parer et d\u00e9poser des demandes de r\u00e9sidence permanente, \u00e0 pr\u00e9senter des demandes de permis de travail, de visas de r\u00e9sident temporaire et de permis d\u2019\u00e9tudes, \u00e0 traiter des questions de parrainage familial et \u00e0 obtenir une repr\u00e9sentation dans des cas sp\u00e9cialement vis\u00e9s.<\/p>\n\n\n\n<ul class=\"wp-block-list\">\n<li><strong>T\u00e9l\u00e9phone&nbsp;: <\/strong>+1-866-845-3425<\/li>\n\n\n\n<li><strong>Courriel<\/strong>&nbsp;: <a href=\"mailto:clg@clg.ab.ca\">clg@clg.ab.ca<\/a><\/li>\n\n\n\n<li><strong><a href=\"https:\/\/clg.ab.ca\/index.php\/programs\/immigration-law\/\" target=\"_blank\" rel=\"noreferrer noopener\">Visitez leur site internet<\/a><\/strong><\/li>\n\n\n\n<li><strong>Adresse&nbsp;:<\/strong>&nbsp;<a href=\"https:\/\/www.google.com\/maps\/place\/840+7+Ave+SW+%23100,+Calgary,+AB+T2P+3G2\/@51.0471161,-114.082543,17z\/data=!3m1!4b1!4m6!3m5!1s0x53716fe4198e2ce3:0xbe18752bfb929fe9!8m2!3d51.0471161!4d-114.0799627!16s%2Fg%2F11ll_xj8bq?entry=ttu\" target=\"_blank\" rel=\"noreferrer noopener\">100, 840 \u2013 7<sup>e<\/sup> avenue Sud-Ouest, Calgary (Alberta) T2P&nbsp;3G2<\/a><\/li>\n\n\n\n<li><strong>Heures d\u2019ouverture :<\/strong>\n<ul class=\"wp-block-list\">\n<li>Du lundi au jeudi : De 8 h 30 \u00e0 16 h 30<\/li>\n\n\n\n<li>Vendredi : De 9 h \u00e0 15 h<\/li>\n\n\n\n<li>Ferm\u00e9 de 12&nbsp;h \u00e0 13&nbsp;h tous les jours<\/li>\n<\/ul>\n<\/li>\n<\/ul>\n","protected":false},"excerpt":{"rendered":"<p>Aide juridique de l\u2019Alberta Aide juridique de l\u2019Alberta aide les clients admissibles concernant des questions relatives aux demandes d\u2019asile. Lorsque vous communiquez avec le Centre des services juridiques d\u2019Aide juridique de l\u2019Alberta, une \u00e9valuation sera effectu\u00e9e pour d\u00e9terminer la meilleure option de service pour votre probl\u00e8me juridique.&nbsp;Si votre probl\u00e8me juridique r\u00e9pond aux crit\u00e8res pour obtenir [&hellip;]<\/p>\n","protected":false},"author":24,"featured_media":0,"parent":713,"menu_order":40,"comment_status":"closed","ping_status":"closed","template":"","meta":{"_acf_changed":false,"footnotes":""},"class_list":["post-734","page","type-page","status-publish","hentry"],"acf":[],"_links":{"self":[{"href":"https:\/\/help.unhcr.org\/canada\/fr\/wp-json\/wp\/v2\/pages\/734","targetHints":{"allow":["GET"]}}],"collection":[{"href":"https:\/\/help.unhcr.org\/canada\/fr\/wp-json\/wp\/v2\/pages"}],"about":[{"href":"https:\/\/help.unhcr.org\/canada\/fr\/wp-json\/wp\/v2\/types\/page"}],"author":[{"embeddable":true,"href":"https:\/\/help.unhcr.org\/canada\/fr\/wp-json\/wp\/v2\/users\/24"}],"replies":[{"embeddable":true,"href":"https:\/\/help.unhcr.org\/canada\/fr\/wp-json\/wp\/v2\/comments?post=734"}],"version-history":[{"count":5,"href":"https:\/\/help.unhcr.org\/canada\/fr\/wp-json\/wp\/v2\/pages\/734\/revisions"}],"predecessor-version":[{"id":938,"href":"https:\/\/help.unhcr.org\/canada\/fr\/wp-json\/wp\/v2\/pages\/734\/revisions\/938"}],"up":[{"embeddable":true,"href":"https:\/\/help.unhcr.org\/canada\/fr\/wp-json\/wp\/v2\/pages\/713"}],"wp:attachment":[{"href":"https:\/\/help.unhcr.org\/canada\/fr\/wp-json\/wp\/v2\/media?parent=734"}],"curies":[{"name":"wp","href":"https:\/\/api.w.org\/{rel}","templated":true}]}}