{"id":731,"date":"2022-06-28T18:35:34","date_gmt":"2022-06-28T18:35:34","guid":{"rendered":"https:\/\/help.unhcr.org\/canada\/resources-for-asylum-seekers\/quebec\/"},"modified":"2025-01-07T21:44:36","modified_gmt":"2025-01-07T21:44:36","slug":"quebec","status":"publish","type":"page","link":"https:\/\/help.unhcr.org\/canada\/fr\/resources-for-asylum-seekers\/quebec\/","title":{"rendered":"Qu\u00e9bec"},"content":{"rendered":"\n<h3 class=\"wp-block-heading has-white-color has-text-color has-background\" style=\"background-color:#0072bc\">PRAIDA<\/h3>\n\n\n\n<p>Le Programme r\u00e9gional d\u2019accueil et d\u2019int\u00e9gration des demandeurs d\u2019asile&nbsp;(PRAIDA) offre du soutien aux demandeurs d\u2019asile ainsi que de l\u2019information pour vous aider dans le processus de demande d\u2019asile au Qu\u00e9bec. Le PRAIDA offre \u00e9galement des services de sant\u00e9, des services sociaux et un h\u00e9bergement temporaire.<\/p>\n\n\n\n<ul class=\"wp-block-list\">\n<li><strong>T\u00e9l\u00e9phone&nbsp;: <\/strong>+1-514-484-7878, poste 64500<\/li>\n\n\n\n<li><strong><a href=\"https:\/\/www.ciussscentreouest.ca\/programmes-et-services\/praida-programme-regional-daccueil-et-dintegration-des-demandeurs-dasile\/\" target=\"_blank\" rel=\"noreferrer noopener\">Visitez leur site internet<\/a>&nbsp;<\/strong><\/li>\n\n\n\n<li><strong>Adresse&nbsp;:&nbsp;<\/strong><a href=\"https:\/\/www.google.com\/maps\/place\/35+Rue+de+Port-Royal+E,+Montr%C3%A9al,+QC+H3L+3T1\/@45.5471227,-73.6595813,17z\/data=!3m1!4b1!4m6!3m5!1s0x4cc918ea8bfff8e5:0x3086892a669f9a60!8m2!3d45.5471227!4d-73.657001!16s%2Fg%2F11b8v5k8kk?entry=ttu\" target=\"_blank\" rel=\"noreferrer noopener\">35, rue de Port-Royal E., Montr\u00e9al (Qu\u00e9bec) H3L 3T1<\/a><\/li>\n\n\n\n<li><strong>Heures d\u2019ouverture&nbsp;:&nbsp;<\/strong>Du lundi au vendredi de 8h30 \u00e0 16h30<\/li>\n<\/ul>\n\n\n\n<h3 class=\"wp-block-heading has-white-color has-text-color has-background\" style=\"background-color:#0072bc\">Bureau d\u2019aide juridique en droit de l\u2019immigration<\/h3>\n\n\n\n<p>Les avocats de l\u2019aide juridique et de l\u2019immigration peuvent vous aider relativement \u00e0 votre demande d\u2019asile ou vous offrir des conseils juridiques. L\u2019aide juridique est un service juridique gouvernemental offert aux personnes qui r\u00e9pondent \u00e0 certains crit\u00e8res d\u2019admissibilit\u00e9 financi\u00e8re et qui en font la demande. L\u2019aide juridique est offerte gratuitement ou avec une contribution du b\u00e9n\u00e9ficiaire.<\/p>\n\n\n\n<ul class=\"wp-block-list\">\n<li><strong>T\u00e9l\u00e9phone&nbsp;:<\/strong> +1 514-864-2111, poste 6099<\/li>\n\n\n\n<li><strong>Adresse&nbsp;:<\/strong> <a href=\"https:\/\/www.google.com\/maps\/place\/440+Boul.+de+Maisonneuve+Ouest+Bureau++400,+Montr%C3%A9al,+QC+H3A+1L4\/@45.5059382,-73.5724252,17z\/data=!3m1!4b1!4m5!3m4!1s0x4cc91a45f938e8d5:0x6756bfbb73b20d18!8m2!3d45.5059382!4d-73.5698449?entry=ttu\" target=\"_blank\" rel=\"noreferrer noopener\">425, boul. de Maisonneuve Ouest, Bureau&nbsp;400, Montr\u00e9al<\/a> (Qu\u00e9bec)<\/li>\n\n\n\n<li><strong>Courriel<\/strong>: &nbsp;<a href=\"mailto:baj.immigration@ccjm.qc.ca\">baj.immigration@ccjm.qc.ca<\/a><\/li>\n\n\n\n<li><strong>Station la plus proche&nbsp;:&nbsp;<\/strong>Station de m\u00e9tro Place-des-Arts<\/li>\n\n\n\n<li><strong>Heures d\u2019ouverture&nbsp;:<\/strong>&nbsp;Du lundi au vendredi de 8&nbsp;h&nbsp;30 \u00e0 16&nbsp;h&nbsp;30<\/li>\n<\/ul>\n\n\n\n<h3 class=\"wp-block-heading has-white-color has-text-color has-background\" style=\"background-color:#0072bc\">Service de r\u00e9f\u00e9rence du Barreau de Montr\u00e9al<\/h3>\n\n\n\n<p>Cet organisme vous recommandera un avocat avec qui vous pouvez communiquer pour obtenir de l\u2019aide \u00e0 Montr\u00e9al.<\/p>\n\n\n\n<ul class=\"wp-block-list\">\n<li><strong>T\u00e9l\u00e9phone:<\/strong> +1-514-866-2490<\/li>\n\n\n\n<li><strong>Courriel&nbsp;: <\/strong><a href=\"mailto:reference@barreaudemontreal.qc.ca\">reference@barreaudemontreal.qc.ca<\/a><\/li>\n\n\n\n<li><strong>Heures d\u2019ouverture&nbsp;:<\/strong>&nbsp;Du lundi au vendredi de 9&nbsp;h \u00e0 16&nbsp;h<\/li>\n<\/ul>\n\n\n\n<p><\/p>\n\n\n\n<h3 class=\"wp-block-heading has-white-color has-text-color has-background\" style=\"background-color:#0072bc\">R\u00e9sidence YMCA<\/h3>\n\n\n\n<p><\/p>\n\n\n\n<p>La R\u00e9sidence YMCA offre un logement d\u2019urgence temporaire aux demandeurs d\u2019asile sur recommandation du PRAIDA, un programme r\u00e9gional d\u2019accueil et d\u2019int\u00e9gration des demandeurs d\u2019asile. Une vari\u00e9t\u00e9 de services communautaires, de s\u00e9ances d\u2019information et d\u2019activit\u00e9s sont offerts pendant votre s\u00e9jour \u00e0 la R\u00e9sidence YMCA pour vous accueillir et vous offrir du soutien :<br>eliers de conversation en fran\u00e7ais et en anglais;<\/p>\n\n\n\n<ul class=\"wp-block-list\">\n<li>des ateliers sur la recherche d&#8217;emploi et de logement, l&rsquo;aide financi\u00e8re et la sant\u00e9;<\/li>\n<\/ul>\n\n\n\n<ul class=\"wp-block-list\">\n<li>des s\u00e9ances d&rsquo;information avec la S\u00e9curit\u00e9 publique de Montr\u00e9al et des discussions avec le Haut Commissariat des Nations Unies pour les r\u00e9fugi\u00e9s (HCR);<\/li>\n<\/ul>\n\n\n\n<ul class=\"wp-block-list\">\n<li>un groupe de femmes, qui aide les participantes \u00e0 sortir de leur isolement et leur donne les moyens d&rsquo;agir gr\u00e2ce \u00e0 des r\u00e9unions hebdomadaires et \u00e0 des activit\u00e9s telles que l&rsquo;artisanat et la cuisine collective;<\/li>\n<\/ul>\n\n\n\n<ul class=\"wp-block-list\">\n<li>des activit\u00e9s pour les familles ;<\/li>\n<\/ul>\n\n\n\n<ul class=\"wp-block-list\">\n<li>des services de soutien psychosocial.<\/li>\n<\/ul>\n\n\n\n<p><\/p>\n\n\n\n<ul class=\"wp-block-list\">\n<li><strong>T\u00e9l\u00e9phone&nbsp;:<\/strong>&nbsp;+1-514-932-5353<\/li>\n<\/ul>\n","protected":false},"excerpt":{"rendered":"<p>PRAIDA Le Programme r\u00e9gional d\u2019accueil et d\u2019int\u00e9gration des demandeurs d\u2019asile&nbsp;(PRAIDA) offre du soutien aux demandeurs d\u2019asile ainsi que de l\u2019information pour vous aider dans le processus de demande d\u2019asile au Qu\u00e9bec. Le PRAIDA offre \u00e9galement des services de sant\u00e9, des services sociaux et un h\u00e9bergement temporaire. Bureau d\u2019aide juridique en droit de l\u2019immigration Les avocats [&hellip;]<\/p>\n","protected":false},"author":24,"featured_media":0,"parent":713,"menu_order":30,"comment_status":"closed","ping_status":"closed","template":"","meta":{"_acf_changed":false,"footnotes":""},"class_list":["post-731","page","type-page","status-publish","hentry"],"acf":[],"_links":{"self":[{"href":"https:\/\/help.unhcr.org\/canada\/fr\/wp-json\/wp\/v2\/pages\/731","targetHints":{"allow":["GET"]}}],"collection":[{"href":"https:\/\/help.unhcr.org\/canada\/fr\/wp-json\/wp\/v2\/pages"}],"about":[{"href":"https:\/\/help.unhcr.org\/canada\/fr\/wp-json\/wp\/v2\/types\/page"}],"author":[{"embeddable":true,"href":"https:\/\/help.unhcr.org\/canada\/fr\/wp-json\/wp\/v2\/users\/24"}],"replies":[{"embeddable":true,"href":"https:\/\/help.unhcr.org\/canada\/fr\/wp-json\/wp\/v2\/comments?post=731"}],"version-history":[{"count":8,"href":"https:\/\/help.unhcr.org\/canada\/fr\/wp-json\/wp\/v2\/pages\/731\/revisions"}],"predecessor-version":[{"id":2110,"href":"https:\/\/help.unhcr.org\/canada\/fr\/wp-json\/wp\/v2\/pages\/731\/revisions\/2110"}],"up":[{"embeddable":true,"href":"https:\/\/help.unhcr.org\/canada\/fr\/wp-json\/wp\/v2\/pages\/713"}],"wp:attachment":[{"href":"https:\/\/help.unhcr.org\/canada\/fr\/wp-json\/wp\/v2\/media?parent=731"}],"curies":[{"name":"wp","href":"https:\/\/api.w.org\/{rel}","templated":true}]}}