{"id":728,"date":"2022-06-28T18:33:09","date_gmt":"2022-06-28T18:33:09","guid":{"rendered":"https:\/\/help.unhcr.org\/canada\/resources-for-asylum-seekers\/ontario\/"},"modified":"2023-07-19T20:32:14","modified_gmt":"2023-07-19T20:32:14","slug":"ontario","status":"publish","type":"page","link":"https:\/\/help.unhcr.org\/canada\/fr\/resources-for-asylum-seekers\/ontario\/","title":{"rendered":"Ontario"},"content":{"rendered":"\n<h3 class=\"wp-block-heading has-white-color has-text-color has-background\" style=\"background-color:#0072bc\">Aide juridique Ontario<\/h3>\n\n\n\n<p>Aide juridique Ontario paie des avocats pour vous repr\u00e9senter \u00e0 l\u2019audience de votre demande d\u2019asile en remettant des certificats d\u2019avocats, qui peuvent \u00eatre \u00e9chang\u00e9s pour des services juridiques, si vous n\u2019avez pas les moyens d\u2019embaucher un avocat en Ontario. Vous pouvez pr\u00e9senter un certificat d\u2019aide juridique \u00e0 un avocat et l\u2019utiliser pour \u00ab&nbsp;payer&nbsp;\u00bb les services de cet avocat pendant un nombre donn\u00e9 d\u2019heures.<\/p>\n\n\n\n<ul class=\"wp-block-list\">\n<li><strong>T\u00e9l\u00e9phone&nbsp;:<\/strong> +1-800-668-8258<\/li>\n\n\n\n<li><strong>Courriel&nbsp;:<\/strong>&nbsp;<a href=\"mailto:info@lao.on.ca\">info@lao.on.ca<\/a><\/li>\n\n\n\n<li><strong><a href=\"http:\/\/www.legalaid.on.ca\/fr\/\" target=\"_blank\" rel=\"noreferrer noopener\">Visitez leur site internet<\/a><\/strong><\/li>\n\n\n\n<li><strong>Adresse&nbsp;:<\/strong>&nbsp;Atrium on Bay, <a href=\"https:\/\/www.google.com\/maps\/place\/40+Dundas+St+W+bureau++200,+Toronto,+ON+M7A+2C7\/@43.6561951,-79.3851441,17z\/data=!3m1!4b1!4m5!3m4!1s0x882b34cb1d13f8bb:0x39fbf8cb202b580a!8m2!3d43.6561951!4d-79.3825638?entry=ttu\" target=\"_blank\" rel=\"noreferrer noopener\">40, rue Dundas Ouest, bureau&nbsp;200<\/a><br>Toronto (Ontario) M5G 2H1<\/li>\n\n\n\n<li><strong>Heures d\u2019ouverture&nbsp;:&nbsp;<\/strong>Du lundi au vendredi de 9&nbsp;h \u00e0 17&nbsp;h<\/li>\n<\/ul>\n\n\n\n<h3 class=\"wp-block-heading has-white-color has-text-color has-background\" style=\"background-color:#0072bc\">Programme First Contact de la Croix Rouge Canadienne<\/h3>\n\n\n\n<p>La programme First Contact de la Croix Rouge Canadienne fourni des informations pr\u00e9cises sur les h\u00e9bergements d&rsquo;urgence, les services sociaux, les services juridiques et de sant\u00e9; guider pas \u00e0 pas les b\u00e9n\u00e9ficiaires dans leur orientation et au travers des informations g\u00e9n\u00e9rales, ce qui inclut un examen d\u00e9taill\u00e9 du processus de d\u00e9termination du statut de r\u00e9fugi\u00e9, du Programme f\u00e9d\u00e9ral de sant\u00e9 int\u00e9rimaire (PFSI), de l&rsquo;aide juridique, du syst\u00e8me de logement, des services sociaux, des cours d&rsquo;anglais, des permis de travail et plus encore; et fourni des informations t\u00e9l\u00e9phoniques et des services d&rsquo;orientation 24h \/ 24 et 7j \/ 7, ax\u00e9s principalement sur les recommandations apr\u00e8s les heures de bureau pour les demandeurs d&rsquo;asile nouvellement arriv\u00e9s.<\/p>\n\n\n\n<ul class=\"wp-block-list\">\n<li><strong>T\u00e9l\u00e9phone: <\/strong>416-480-2500 options 1 &amp;&nbsp;1<br>Sans frais: 1-866-902-4993<\/li>\n\n\n\n<li>Email:&nbsp;<a href=\"mailto:firstcontactontario@redcross.ca\">firstcontactontario@redcross.ca<\/a><\/li>\n\n\n\n<li><strong><a href=\"https:\/\/www.croixrouge.ca\/dans-votre-collectivite\/ontario\/services-aux-migrants-et-aux-refugies\/le-programme-first-contact?lang=fr-CA&amp;_ga=2.41730530.1982841310.1689190641-1293974814.1689190639\" target=\"_blank\" rel=\"noreferrer noopener\">Visitez leur site internet<\/a><\/strong><\/li>\n\n\n\n<li><strong>Adresse&nbsp;: <\/strong>Etobicoke Satellite Branch, <a href=\"https:\/\/www.google.com\/maps\/place\/557+Dixon+Rd+%23122,+Etobicoke,+ON+M9W+1A8\/@43.6900181,-79.5742559,17z\/data=!3m1!4b1!4m5!3m4!1s0x882b39f0a9c8f6c1:0x16ae180108c9429a!8m2!3d43.6900181!4d-79.5716756?entry=ttu\" target=\"_blank\" rel=\"noreferrer noopener\">557 Dixon Road, Unit 122 <\/a>Etobicoke, ON (Dixon Road and Martin Grove Road)<\/li>\n\n\n\n<li><strong>Horaires d\u2019ouverture:<\/strong>&nbsp;Lundi \u00e0 Vendredi, 8h00 \u00e0 20h00 (sauf jours f\u00e9ri\u00e9s)<\/li>\n<\/ul>\n\n\n\n<h3 class=\"wp-block-heading has-white-color has-text-color has-background\" style=\"background-color:#0072bc\">L\u2019Infocentre du nouvel arrivant&nbsp;(INA) du YMCA\/YWCA \u00e0 Ottawa<\/h3>\n\n\n\n<p>Les membres du personnel de l\u2019INA vous expliqueront les \u00e9tapes importantes et vous aideront \u00e0 \u00e9tablir vos priorit\u00e9s. Ils vous mettront \u00e9galement en contact avec des services d\u2019\u00e9tablissement et de conseils juridiques et vous aideront \u00e0 trouver un h\u00e9bergement ou \u00e0 vous inscrire pour obtenir de l\u2019aide financi\u00e8re.<\/p>\n\n\n\n<ul class=\"wp-block-list\">\n<li><strong>T\u00e9l\u00e9phone&nbsp;: <\/strong>+1-613-788-5001<\/li>\n\n\n\n<li><strong>Courriel&nbsp;:<\/strong> <a href=\"mailto:nic@ymcaywca.ca\">nic@ymcaywca.ca<\/a><\/li>\n\n\n\n<li><strong><a href=\"http:\/\/www.ymcaywca.ca\" target=\"_blank\" rel=\"noreferrer noopener\">Visitez leur site internet<\/a><\/strong><\/li>\n\n\n\n<li><strong>Adresse&nbsp;:<\/strong>&nbsp;<a href=\"https:\/\/www.google.com\/maps\/place\/180+Argyle+Ave+4e+%C3%A9tage,+Ottawa,+ON+K2P+1B7\/@45.41122,-75.6919103,17z\/data=!3m1!4b1!4m5!3m4!1s0x4cce054ddb8a983d:0x388ee1d42f60808d!8m2!3d45.41122!4d-75.68933?entry=ttu\" target=\"_blank\" rel=\"noreferrer noopener\">180, avenue Argyle, 4<sup>e<\/sup> \u00e9tage, Ottawa (Ontario) K2P&nbsp;0N2<\/a><\/li>\n\n\n\n<li><strong>Heures d\u2019ouverture&nbsp;:&nbsp;<\/strong>Du lundi au vendredi de 9h00 \u00e0 16h30<\/li>\n<\/ul>\n\n\n\n<h3 class=\"wp-block-heading has-white-color has-text-color has-background\" style=\"background-color:#0072bc\">Ontario Coalition of Service Providers for Refugee Claimants (Coalition ontarienne des prestataires de services pour les demandeurs d\u2019asile)<\/h3>\n\n\n\n<p>Le <em>Ontario Coalition of Service Providers for Refugee Claimants<\/em> comprend des maisons de r\u00e9fugi\u00e9s et des agences qui travaillent avec des populations vuln\u00e9rables dans le sud de l\u2019Ontario, ainsi que deux agence aux \u00c9tats-Unis.<\/p>\n\n\n\n<p><a href=\"https:\/\/refugeehouses.ca\/members-and-houses\/\" target=\"_blank\" rel=\"noreferrer noopener\">Visitez leur site internet<\/a><\/p>\n","protected":false},"excerpt":{"rendered":"<p>Aide juridique Ontario Aide juridique Ontario paie des avocats pour vous repr\u00e9senter \u00e0 l\u2019audience de votre demande d\u2019asile en remettant des certificats d\u2019avocats, qui peuvent \u00eatre \u00e9chang\u00e9s pour des services juridiques, si vous n\u2019avez pas les moyens d\u2019embaucher un avocat en Ontario. Vous pouvez pr\u00e9senter un certificat d\u2019aide juridique \u00e0 un avocat et l\u2019utiliser pour [&hellip;]<\/p>\n","protected":false},"author":24,"featured_media":0,"parent":713,"menu_order":20,"comment_status":"closed","ping_status":"closed","template":"","meta":{"_acf_changed":false,"footnotes":""},"class_list":["post-728","page","type-page","status-publish","hentry"],"acf":[],"_links":{"self":[{"href":"https:\/\/help.unhcr.org\/canada\/fr\/wp-json\/wp\/v2\/pages\/728","targetHints":{"allow":["GET"]}}],"collection":[{"href":"https:\/\/help.unhcr.org\/canada\/fr\/wp-json\/wp\/v2\/pages"}],"about":[{"href":"https:\/\/help.unhcr.org\/canada\/fr\/wp-json\/wp\/v2\/types\/page"}],"author":[{"embeddable":true,"href":"https:\/\/help.unhcr.org\/canada\/fr\/wp-json\/wp\/v2\/users\/24"}],"replies":[{"embeddable":true,"href":"https:\/\/help.unhcr.org\/canada\/fr\/wp-json\/wp\/v2\/comments?post=728"}],"version-history":[{"count":5,"href":"https:\/\/help.unhcr.org\/canada\/fr\/wp-json\/wp\/v2\/pages\/728\/revisions"}],"predecessor-version":[{"id":932,"href":"https:\/\/help.unhcr.org\/canada\/fr\/wp-json\/wp\/v2\/pages\/728\/revisions\/932"}],"up":[{"embeddable":true,"href":"https:\/\/help.unhcr.org\/canada\/fr\/wp-json\/wp\/v2\/pages\/713"}],"wp:attachment":[{"href":"https:\/\/help.unhcr.org\/canada\/fr\/wp-json\/wp\/v2\/media?parent=728"}],"curies":[{"name":"wp","href":"https:\/\/api.w.org\/{rel}","templated":true}]}}