{"id":725,"date":"2023-07-11T18:02:59","date_gmt":"2023-07-11T18:02:59","guid":{"rendered":"https:\/\/help.unhcr.org\/canada\/resources-for-asylum-seekers\/__trashed-2\/"},"modified":"2023-07-19T20:30:04","modified_gmt":"2023-07-19T20:30:04","slug":"__trashed-2","status":"publish","type":"page","link":"https:\/\/help.unhcr.org\/canada\/fr\/resources-for-asylum-seekers\/__trashed-2\/","title":{"rendered":"Nouvelle-\u00c9cosse"},"content":{"rendered":"\n<h3 class=\"wp-block-heading has-white-color has-text-color has-background\" style=\"background-color:#0072bc\"><em><u>Halifax Refugee Clinic<\/u><\/em> (Clinique pour les r\u00e9fugi\u00e9s de Halifax)<\/h3>\n\n\n\n<p><em>Halifax Refugee Services <\/em>(Services r\u00e9fugi\u00e9s de Halifax) offre des services d\u2019\u00e9ducation, d\u2019assistance juridique et de r\u00e9installation aux demandeurs d\u2019asile qui n\u2019ont pas les moyens de s\u2019offrir les services d\u2019un avocat priv\u00e9.<\/p>\n\n\n\n<ul class=\"wp-block-list\">\n<li><strong>T\u00e9l\u00e9phone: <\/strong>+ 1 (902) 422-6736<br><strong>Email:<\/strong>&nbsp;halifaxrefugeeclinic@gmail.com<\/li>\n\n\n\n<li><strong><a href=\"https:\/\/halifaxrefugeeclinic.org\/contact\/\" target=\"_blank\" rel=\"noreferrer noopener\">Visitez leur site internet<\/a><\/strong><\/li>\n\n\n\n<li><strong>Adresse&nbsp;: <\/strong><a href=\"https:\/\/www.google.com\/maps\/place\/5538+Macara+St,+Halifax,+NS+B3K+1V9\/@44.6603897,-63.5996295,17z\/data=!3m1!4b1!4m6!3m5!1s0x4b5a2170751728c9:0x243f338cc6dbd0ce!8m2!3d44.6603897!4d-63.5970492!16s%2Fg%2F11c4sd94qz?entry=ttu\" target=\"_blank\" rel=\"noreferrer noopener\">5538 Macara Street, Halifax, Nouvelle-\u00c9cosse, B3K 1V9<\/a><\/li>\n\n\n\n<li><strong>Horaires d\u2019ouverture :<\/strong>&nbsp;Lundi \u00e0 Vendredi, 9h00 \u00e0 17h00<\/li>\n<\/ul>\n","protected":false},"excerpt":{"rendered":"<p>Halifax Refugee Clinic (Clinique pour les r\u00e9fugi\u00e9s de Halifax) Halifax Refugee Services (Services r\u00e9fugi\u00e9s de Halifax) offre des services d\u2019\u00e9ducation, d\u2019assistance juridique et de r\u00e9installation aux demandeurs d\u2019asile qui n\u2019ont pas les moyens de s\u2019offrir les services d\u2019un avocat priv\u00e9.<\/p>\n","protected":false},"author":24,"featured_media":0,"parent":713,"menu_order":10,"comment_status":"closed","ping_status":"closed","template":"","meta":{"_acf_changed":false,"footnotes":""},"class_list":["post-725","page","type-page","status-publish","hentry"],"acf":[],"_links":{"self":[{"href":"https:\/\/help.unhcr.org\/canada\/fr\/wp-json\/wp\/v2\/pages\/725","targetHints":{"allow":["GET"]}}],"collection":[{"href":"https:\/\/help.unhcr.org\/canada\/fr\/wp-json\/wp\/v2\/pages"}],"about":[{"href":"https:\/\/help.unhcr.org\/canada\/fr\/wp-json\/wp\/v2\/types\/page"}],"author":[{"embeddable":true,"href":"https:\/\/help.unhcr.org\/canada\/fr\/wp-json\/wp\/v2\/users\/24"}],"replies":[{"embeddable":true,"href":"https:\/\/help.unhcr.org\/canada\/fr\/wp-json\/wp\/v2\/comments?post=725"}],"version-history":[{"count":5,"href":"https:\/\/help.unhcr.org\/canada\/fr\/wp-json\/wp\/v2\/pages\/725\/revisions"}],"predecessor-version":[{"id":929,"href":"https:\/\/help.unhcr.org\/canada\/fr\/wp-json\/wp\/v2\/pages\/725\/revisions\/929"}],"up":[{"embeddable":true,"href":"https:\/\/help.unhcr.org\/canada\/fr\/wp-json\/wp\/v2\/pages\/713"}],"wp:attachment":[{"href":"https:\/\/help.unhcr.org\/canada\/fr\/wp-json\/wp\/v2\/media?parent=725"}],"curies":[{"name":"wp","href":"https:\/\/api.w.org\/{rel}","templated":true}]}}