{"id":722,"date":"2023-07-11T18:11:32","date_gmt":"2023-07-11T18:11:32","guid":{"rendered":"https:\/\/help.unhcr.org\/canada\/resources-for-asylum-seekers\/new-brunswick\/"},"modified":"2023-12-12T20:00:06","modified_gmt":"2023-12-12T20:00:06","slug":"new-brunswick","status":"publish","type":"page","link":"https:\/\/help.unhcr.org\/canada\/fr\/resources-for-asylum-seekers\/new-brunswick\/","title":{"rendered":"Nouveau Brunswick"},"content":{"rendered":"\n<h3 class=\"wp-block-heading has-white-color has-text-color has-background\" style=\"background-color:#0072bc\">Clinique de r\u00e9fugi\u00e9s du Nouveau Brunswick<\/h3>\n\n\n\n<p>La Clinique de r\u00e9fugi\u00e9s du Nouveau Brunswick (CRNB) offre des services gratuits et bilingues aux demandeurs d\u2019asile au Nouveau Brunswick qui n\u2019ont pas les moyens d\u2019engager un avocat priv\u00e9. De m\u00eame, la clinique assiste les personnes \u00e0 risque \u00e0 soumettre leurs demandes de r\u00e9sidence permanente pour des consid\u00e9ration d\u2019ordre humanitaire.<\/p>\n\n\n\n<ul class=\"wp-block-list\">\n<li><strong>T\u00e9l\u00e9phone:<\/strong> 506-204-5781<\/li>\n\n\n\n<li><strong>Email:<\/strong>\u00a0<a href=\"mailto:info@nbrc-crnb.ca\">info@nbrc-crnb.ca<\/a><\/li>\n\n\n\n<li><strong><a href=\"https:\/\/nbrc-crnb.ca\/fr\/\" target=\"_blank\" rel=\"noreferrer noopener\">Visitez leur site internet<\/a><\/strong><\/li>\n\n\n\n<li><strong>Adresse&nbsp;: <\/strong><a href=\"https:\/\/www.google.com\/maps\/place\/327+Rue+St.+George+%23204,+Moncton,+NB+E1C+1W8\/@46.090466,-64.7872034,17z\/data=!3m1!4b1!4m5!3m4!1s0x4ca0b924bb8b2151:0xd5445deebca99abf!8m2!3d46.090466!4d-64.7872034?entry=ttu\" target=\"_blank\" rel=\"noreferrer noopener\">327 St George Street, Suite 204, Moncton, Nouveau Brunswick<\/a><\/li>\n\n\n\n<li><strong>Horaires d\u2019ouverture:<\/strong>&nbsp;Lundi \u00e0 Vendredi, 9h00 \u00e0 17h00<\/li>\n<\/ul>\n","protected":false},"excerpt":{"rendered":"<p>Clinique de r\u00e9fugi\u00e9s du Nouveau Brunswick La Clinique de r\u00e9fugi\u00e9s du Nouveau Brunswick (CRNB) offre des services gratuits et bilingues aux demandeurs d\u2019asile au Nouveau Brunswick qui n\u2019ont pas les moyens d\u2019engager un avocat priv\u00e9. De m\u00eame, la clinique assiste les personnes \u00e0 risque \u00e0 soumettre leurs demandes de r\u00e9sidence permanente pour des consid\u00e9ration d\u2019ordre [&hellip;]<\/p>\n","protected":false},"author":24,"featured_media":0,"parent":713,"menu_order":0,"comment_status":"closed","ping_status":"closed","template":"","meta":{"_acf_changed":false,"footnotes":""},"class_list":["post-722","page","type-page","status-publish","hentry"],"acf":[],"_links":{"self":[{"href":"https:\/\/help.unhcr.org\/canada\/fr\/wp-json\/wp\/v2\/pages\/722","targetHints":{"allow":["GET"]}}],"collection":[{"href":"https:\/\/help.unhcr.org\/canada\/fr\/wp-json\/wp\/v2\/pages"}],"about":[{"href":"https:\/\/help.unhcr.org\/canada\/fr\/wp-json\/wp\/v2\/types\/page"}],"author":[{"embeddable":true,"href":"https:\/\/help.unhcr.org\/canada\/fr\/wp-json\/wp\/v2\/users\/24"}],"replies":[{"embeddable":true,"href":"https:\/\/help.unhcr.org\/canada\/fr\/wp-json\/wp\/v2\/comments?post=722"}],"version-history":[{"count":6,"href":"https:\/\/help.unhcr.org\/canada\/fr\/wp-json\/wp\/v2\/pages\/722\/revisions"}],"predecessor-version":[{"id":1498,"href":"https:\/\/help.unhcr.org\/canada\/fr\/wp-json\/wp\/v2\/pages\/722\/revisions\/1498"}],"up":[{"embeddable":true,"href":"https:\/\/help.unhcr.org\/canada\/fr\/wp-json\/wp\/v2\/pages\/713"}],"wp:attachment":[{"href":"https:\/\/help.unhcr.org\/canada\/fr\/wp-json\/wp\/v2\/media?parent=722"}],"curies":[{"name":"wp","href":"https:\/\/api.w.org\/{rel}","templated":true}]}}