{"id":713,"date":"2022-06-28T18:20:21","date_gmt":"2022-06-28T18:20:21","guid":{"rendered":"https:\/\/help.unhcr.org\/canada\/resources-for-asylum-seekers\/"},"modified":"2025-07-09T13:15:29","modified_gmt":"2025-07-09T13:15:29","slug":"resources-for-asylum-seekers","status":"publish","type":"page","link":"https:\/\/help.unhcr.org\/canada\/fr\/resources-for-asylum-seekers\/","title":{"rendered":"Ressources pour les demandeurs d\u2019asile"},"content":{"rendered":"\n<p class=\"has-background\" style=\"background-color:#fdf799\">Veuillez consulter le\u00a0site internet\u00a0de la <a href=\"https:\/\/canadaborderclinic.org\/\">Clinique juridique Canada-\u00c9tats-Unis pour r\u00e9fugi\u00e9s<\/a> pour plus d&rsquo;information et de l&rsquo;assistance sur le processus d&rsquo;asile \u00e0 la fronti\u00e8re terrestre canadienne.<\/p>\n\n\n\n<p class=\"has-text-align-center has-black-color has-text-color has-background\" style=\"background-color:#cce3f2\">\u2b07\ufe0f <strong>S\u00e9lectionnez une province pour plus d&rsquo;information<\/strong> \u2b07\ufe0f<\/p>\n\n\n\n<p><\/p>\n","protected":false},"excerpt":{"rendered":"<p>Veuillez consulter le\u00a0site internet\u00a0de la Clinique juridique Canada-\u00c9tats-Unis pour r\u00e9fugi\u00e9s pour plus d&rsquo;information et de l&rsquo;assistance sur le processus d&rsquo;asile \u00e0 la fronti\u00e8re terrestre canadienne. \u2b07\ufe0f S\u00e9lectionnez une province pour plus d&rsquo;information \u2b07\ufe0f<\/p>\n","protected":false},"author":24,"featured_media":0,"parent":0,"menu_order":2,"comment_status":"closed","ping_status":"closed","template":"page-templates\/listing_page.php","meta":{"_acf_changed":false,"footnotes":""},"class_list":["post-713","page","type-page","status-publish","hentry"],"acf":[],"_links":{"self":[{"href":"https:\/\/help.unhcr.org\/canada\/fr\/wp-json\/wp\/v2\/pages\/713","targetHints":{"allow":["GET"]}}],"collection":[{"href":"https:\/\/help.unhcr.org\/canada\/fr\/wp-json\/wp\/v2\/pages"}],"about":[{"href":"https:\/\/help.unhcr.org\/canada\/fr\/wp-json\/wp\/v2\/types\/page"}],"author":[{"embeddable":true,"href":"https:\/\/help.unhcr.org\/canada\/fr\/wp-json\/wp\/v2\/users\/24"}],"replies":[{"embeddable":true,"href":"https:\/\/help.unhcr.org\/canada\/fr\/wp-json\/wp\/v2\/comments?post=713"}],"version-history":[{"count":12,"href":"https:\/\/help.unhcr.org\/canada\/fr\/wp-json\/wp\/v2\/pages\/713\/revisions"}],"predecessor-version":[{"id":2608,"href":"https:\/\/help.unhcr.org\/canada\/fr\/wp-json\/wp\/v2\/pages\/713\/revisions\/2608"}],"wp:attachment":[{"href":"https:\/\/help.unhcr.org\/canada\/fr\/wp-json\/wp\/v2\/media?parent=713"}],"curies":[{"name":"wp","href":"https:\/\/api.w.org\/{rel}","templated":true}]}}