{"id":709,"date":"2022-06-28T18:05:15","date_gmt":"2022-06-28T18:05:15","guid":{"rendered":"https:\/\/help.unhcr.org\/canada\/how-to-apply-for-asylum-new\/what-happens-after-you-claim-asylum\/"},"modified":"2025-07-09T19:02:13","modified_gmt":"2025-07-09T19:02:13","slug":"what-happens-after-you-claim-asylum","status":"publish","type":"page","link":"https:\/\/help.unhcr.org\/canada\/fr\/how-to-apply-for-asylum-new\/what-happens-after-you-claim-asylum\/","title":{"rendered":"Que se passe-t-il apr\u00e8s avoir demand\u00e9 l\u2019asile?"},"content":{"rendered":"\n<p><strong>Veuillez regarder <a href=\"https:\/\/irb-cisr.gc.ca\/fr\/restez-branches\/Pages\/galerie-de-videos.aspx\">la s\u00e9rie de vid\u00e9os en 5 parties<\/a> pour comprendre les r\u00f4les de la Commission de l&rsquo;immigration et du statut de r\u00e9fugi\u00e9 du Canada (CISR).<\/strong><\/p>\n\n\n\n<figure class=\"wp-block-embed is-type-video is-provider-youtube wp-block-embed-youtube wp-embed-aspect-16-9 wp-has-aspect-ratio\"><div class=\"wp-block-embed__wrapper\">\n<iframe loading=\"lazy\" title=\"Introducing our videos\" width=\"640\" height=\"360\" src=\"https:\/\/www.youtube.com\/embed\/0j3x1FpSUPg?feature=oembed\" frameborder=\"0\" allow=\"accelerometer; autoplay; clipboard-write; encrypted-media; gyroscope; picture-in-picture; web-share\" referrerpolicy=\"strict-origin-when-cross-origin\" allowfullscreen><\/iframe>\n<\/div><\/figure>\n","protected":false},"excerpt":{"rendered":"<p>Veuillez regarder la s\u00e9rie de vid\u00e9os en 5 parties pour comprendre les r\u00f4les de la Commission de l&rsquo;immigration et du statut de r\u00e9fugi\u00e9 du Canada (CISR).<\/p>\n","protected":false},"author":24,"featured_media":0,"parent":691,"menu_order":4,"comment_status":"closed","ping_status":"closed","template":"page-templates\/sectioned.php","meta":{"_acf_changed":false,"footnotes":""},"class_list":["post-709","page","type-page","status-publish","hentry"],"acf":[],"_links":{"self":[{"href":"https:\/\/help.unhcr.org\/canada\/fr\/wp-json\/wp\/v2\/pages\/709","targetHints":{"allow":["GET"]}}],"collection":[{"href":"https:\/\/help.unhcr.org\/canada\/fr\/wp-json\/wp\/v2\/pages"}],"about":[{"href":"https:\/\/help.unhcr.org\/canada\/fr\/wp-json\/wp\/v2\/types\/page"}],"author":[{"embeddable":true,"href":"https:\/\/help.unhcr.org\/canada\/fr\/wp-json\/wp\/v2\/users\/24"}],"replies":[{"embeddable":true,"href":"https:\/\/help.unhcr.org\/canada\/fr\/wp-json\/wp\/v2\/comments?post=709"}],"version-history":[{"count":18,"href":"https:\/\/help.unhcr.org\/canada\/fr\/wp-json\/wp\/v2\/pages\/709\/revisions"}],"predecessor-version":[{"id":2703,"href":"https:\/\/help.unhcr.org\/canada\/fr\/wp-json\/wp\/v2\/pages\/709\/revisions\/2703"}],"up":[{"embeddable":true,"href":"https:\/\/help.unhcr.org\/canada\/fr\/wp-json\/wp\/v2\/pages\/691"}],"wp:attachment":[{"href":"https:\/\/help.unhcr.org\/canada\/fr\/wp-json\/wp\/v2\/media?parent=709"}],"curies":[{"name":"wp","href":"https:\/\/api.w.org\/{rel}","templated":true}]}}