{"id":693,"date":"2022-06-28T17:40:00","date_gmt":"2022-06-28T17:40:00","guid":{"rendered":"https:\/\/help.unhcr.org\/canada\/how-to-apply-for-asylum-new\/who-can-get-refugee-protection-in-canada\/"},"modified":"2025-01-08T21:16:16","modified_gmt":"2025-01-08T21:16:16","slug":"who-can-get-refugee-protection-in-canada","status":"publish","type":"page","link":"https:\/\/help.unhcr.org\/canada\/fr\/how-to-apply-for-asylum-new\/who-can-get-refugee-protection-in-canada\/","title":{"rendered":"Qui peut obtenir l\u2019asile au Canada?"},"content":{"rendered":"\n<p>Pour obtenir l\u2019asile, vous devez d\u00e9montrer que vous ne pouvez pas retourner dans votre pays de nationalit\u00e9 ou de r\u00e9sidence parce que vous craignez d\u2019\u00eatre pers\u00e9cut\u00e9 pour au moins une des raisons suivantes (veuillez trouver des exemples sous chaque rubrique)&nbsp;:&nbsp;<\/p>\n\n\n\n<p><strong>Race ou nationalit\u00e9&nbsp;<\/strong><br>Par exemple, vous craignez d\u2019\u00eatre pers\u00e9cut\u00e9 parce que vous appartenez \u00e0 une minorit\u00e9 ethnique ou linguistique.<\/p>\n\n\n\n<p><strong>Religion<\/strong><br>Par exemple, vous craignez d\u2019\u00eatre pers\u00e9cut\u00e9 parce que vous faites partie d\u2019une minorit\u00e9 religieuse ou parce que vous vous \u00eates converti \u00e0 une autre religion.<\/p>\n\n\n\n<p><strong>Appartenance \u00e0 un certain groupe social<\/strong><br>Par exemple, vous avez \u00e9t\u00e9 victime de violence en raison de votre orientation sexuelle ou de votre genre, ou vous craignez d\u2019\u00eatre pers\u00e9cut\u00e9 en raison de vos liens familiaux.<\/p>\n\n\n\n<p><strong>Opinions politiques<\/strong><br>Par exemple, vous \u00eates un journaliste ou un blogueur ou un d\u00e9fenseur des droits de la personne ou vous \u00eates un opposant au gouvernement ou vous \u00eates per\u00e7u comme tel.<\/p>\n\n\n\n<p><strong>Risque \u00e0 la vie ou traitement cruel et inhumain&nbsp;<\/strong><br>Vous \u00eates expos\u00e9 \u00e0 un risque personnel auquel la population en g\u00e9n\u00e9ral n\u2019est pas expos\u00e9e. Par exemple, vous avez d\u00e9nonc\u00e9 des activit\u00e9s criminelles aupr\u00e8s de votre service de police local et les criminels vous ont maintenant pris pour cible.<\/p>\n\n\n\n<p><strong>Risque de torture<\/strong><br>Vous avez \u00e9t\u00e9 victime de graves violences physiques ou mentales inflig\u00e9es par les autorit\u00e9s du gouvernement (sur leur ordre ou avec leur consentement) afin d\u2019obtenir des renseignements de vous ou pour vous punir.<\/p>\n","protected":false},"excerpt":{"rendered":"<p>Pour obtenir l\u2019asile, vous devez d\u00e9montrer que vous ne pouvez pas retourner dans votre pays de nationalit\u00e9 ou de r\u00e9sidence parce que vous craignez d\u2019\u00eatre pers\u00e9cut\u00e9 pour au moins une des raisons suivantes (veuillez trouver des exemples sous chaque rubrique)&nbsp;:&nbsp; Race ou nationalit\u00e9&nbsp;Par exemple, vous craignez d\u2019\u00eatre pers\u00e9cut\u00e9 parce que vous appartenez \u00e0 une minorit\u00e9 [&hellip;]<\/p>\n","protected":false},"author":24,"featured_media":0,"parent":691,"menu_order":2,"comment_status":"closed","ping_status":"closed","template":"","meta":{"_acf_changed":false,"footnotes":""},"class_list":["post-693","page","type-page","status-publish","hentry"],"acf":[],"_links":{"self":[{"href":"https:\/\/help.unhcr.org\/canada\/fr\/wp-json\/wp\/v2\/pages\/693","targetHints":{"allow":["GET"]}}],"collection":[{"href":"https:\/\/help.unhcr.org\/canada\/fr\/wp-json\/wp\/v2\/pages"}],"about":[{"href":"https:\/\/help.unhcr.org\/canada\/fr\/wp-json\/wp\/v2\/types\/page"}],"author":[{"embeddable":true,"href":"https:\/\/help.unhcr.org\/canada\/fr\/wp-json\/wp\/v2\/users\/24"}],"replies":[{"embeddable":true,"href":"https:\/\/help.unhcr.org\/canada\/fr\/wp-json\/wp\/v2\/comments?post=693"}],"version-history":[{"count":4,"href":"https:\/\/help.unhcr.org\/canada\/fr\/wp-json\/wp\/v2\/pages\/693\/revisions"}],"predecessor-version":[{"id":2162,"href":"https:\/\/help.unhcr.org\/canada\/fr\/wp-json\/wp\/v2\/pages\/693\/revisions\/2162"}],"up":[{"embeddable":true,"href":"https:\/\/help.unhcr.org\/canada\/fr\/wp-json\/wp\/v2\/pages\/691"}],"wp:attachment":[{"href":"https:\/\/help.unhcr.org\/canada\/fr\/wp-json\/wp\/v2\/media?parent=693"}],"curies":[{"name":"wp","href":"https:\/\/api.w.org\/{rel}","templated":true}]}}