{"id":691,"date":"2022-06-01T13:54:23","date_gmt":"2022-06-01T13:54:23","guid":{"rendered":"https:\/\/help.unhcr.org\/canada\/how-to-apply-for-asylum-new\/"},"modified":"2024-02-22T04:01:16","modified_gmt":"2024-02-22T04:01:16","slug":"how-to-apply-for-asylum-new","status":"publish","type":"page","link":"https:\/\/help.unhcr.org\/canada\/fr\/how-to-apply-for-asylum-new\/","title":{"rendered":"Comment pr\u00e9senter une demande d\u2019asile?"},"content":{"rendered":"\n<div class=\"wp-block-group\"><div class=\"wp-block-group__inner-container is-layout-flow wp-block-group-is-layout-flow\">\n<p class=\"has-text-align-center has-black-color has-text-color has-background\" style=\"background-color:#cce3f2\">\u2b07\ufe0f <strong>S\u00e9lectionnez une ic\u00f4ne ci-dessous pour apprendre comment pr\u00e9senter une demande d&rsquo;asile au Canada <\/strong>\u2b07\ufe0f<\/p>\n<\/div><\/div>\n","protected":false},"excerpt":{"rendered":"<p>\u2b07\ufe0f S\u00e9lectionnez une ic\u00f4ne ci-dessous pour apprendre comment pr\u00e9senter une demande d&rsquo;asile au Canada \u2b07\ufe0f<\/p>\n","protected":false},"author":24,"featured_media":0,"parent":0,"menu_order":1,"comment_status":"closed","ping_status":"closed","template":"page-templates\/listing_page.php","meta":{"_acf_changed":false,"footnotes":""},"class_list":["post-691","page","type-page","status-publish","hentry"],"acf":[],"_links":{"self":[{"href":"https:\/\/help.unhcr.org\/canada\/fr\/wp-json\/wp\/v2\/pages\/691","targetHints":{"allow":["GET"]}}],"collection":[{"href":"https:\/\/help.unhcr.org\/canada\/fr\/wp-json\/wp\/v2\/pages"}],"about":[{"href":"https:\/\/help.unhcr.org\/canada\/fr\/wp-json\/wp\/v2\/types\/page"}],"author":[{"embeddable":true,"href":"https:\/\/help.unhcr.org\/canada\/fr\/wp-json\/wp\/v2\/users\/24"}],"replies":[{"embeddable":true,"href":"https:\/\/help.unhcr.org\/canada\/fr\/wp-json\/wp\/v2\/comments?post=691"}],"version-history":[{"count":6,"href":"https:\/\/help.unhcr.org\/canada\/fr\/wp-json\/wp\/v2\/pages\/691\/revisions"}],"predecessor-version":[{"id":1825,"href":"https:\/\/help.unhcr.org\/canada\/fr\/wp-json\/wp\/v2\/pages\/691\/revisions\/1825"}],"wp:attachment":[{"href":"https:\/\/help.unhcr.org\/canada\/fr\/wp-json\/wp\/v2\/media?parent=691"}],"curies":[{"name":"wp","href":"https:\/\/api.w.org\/{rel}","templated":true}]}}