{"id":689,"date":"2017-11-22T16:07:37","date_gmt":"2017-11-22T16:07:37","guid":{"rendered":"https:\/\/help.unhcr.org\/canada\/welcome\/"},"modified":"2026-03-27T17:35:57","modified_gmt":"2026-03-27T17:35:57","slug":"welcome","status":"publish","type":"page","link":"https:\/\/help.unhcr.org\/canada\/fr\/","title":{"rendered":"Bienvenue"},"content":{"rendered":"\n<h4 class=\"wp-block-heading has-text-align-left has-background\" style=\"background-color:#fdf799\"><strong>\ud83d\udea8Important : Modifications apport\u00e9es au syst\u00e8me d&rsquo;asile canadien\ud83d\udea8<br><br>Le 26 mars 2026, le Canada a apport\u00e9 <a href=\"https:\/\/www.canada.ca\/fr\/immigration-refugies-citoyennete\/nouvelles\/2026\/03\/de-nouvelles-mesures-en-matiere-dimmigration-et-dasile-du-projet-de-loi-c-12--loi-visant-a-renforcer-le-systeme-dimmigration-et-la-frontiere-du-can.html\" data-type=\"link\" data-id=\"https:\/\/www.canada.ca\/fr\/immigration-refugies-citoyennete\/nouvelles\/2026\/03\/de-nouvelles-mesures-en-matiere-dimmigration-et-dasile-du-projet-de-loi-c-12--loi-visant-a-renforcer-le-systeme-dimmigration-et-la-frontiere-du-can.html\">certaines modifications <\/a>\u00e0 son syst\u00e8me d&rsquo;asile. Plus de d\u00e9tails seront communiqu\u00e9s prochainement. <br><br>Ces changements peuvent affecter qui peut pr\u00e9senter une demande d&rsquo;asile, la mani\u00e8re dont votre dossier sera trait\u00e9 et les d\u00e9lais \u00e0 respecter. Pour plus d&rsquo;informations, veuillez consulter le <a href=\"https:\/\/www.canada.ca\/fr\/immigration-refugies-citoyennete\/services\/refugies\/protection.html\" data-type=\"link\" data-id=\"https:\/\/www.canada.ca\/fr\/immigration-refugies-citoyennete\/services\/refugies\/protection.html\">site Web<\/a> du gouvernement du Canada. <br><br>Si vous envisagez de demander l&rsquo;asile au Canada, assurez-vous d&rsquo;obtenir des conseils juridiques \u00e0 jour et de v\u00e9rifier les informations les plus r\u00e9centes. <br><br>Nous mettrons cette page \u00e0 jour d\u00e8s lorsque plus de d\u00e9tails seront disponibles.<\/strong><\/h4>\n\n\n\n<p class=\"has-text-align-left\"><strong><br><\/strong><\/p>\n\n\n\n<hr class=\"wp-block-separator has-alpha-channel-opacity\" \/>\n\n\n\n<p><br>Si vous fuyez votre pays parce que vous craignez la pers\u00e9cution ou un risque \u00e0 votre vie, vous pouvez demander l\u2019asile au Canada. Si vous obtenez l\u2019asile, vous recevrez le statut de r\u00e9fugi\u00e9 et le droit de rester. Pour demander l\u2019asile, vous devez \u00eatre physiquement pr\u00e9sent au Canada ou chercher \u00e0 entrer dans le pays \u00e0 un point d\u2019entr\u00e9e (a\u00e9roport, fronti\u00e8re terrestre ou port maritime).<\/p>\n\n\n\n<h3 class=\"wp-block-heading has-white-color has-text-color has-background\" style=\"background-color:#0072bc\"><strong>Vous trouverez sur ce site internet:<\/strong><\/h3>\n\n\n\n<ul style=\"background-color:#f0f0f1\" class=\"wp-block-list has-background\">\n<li><a href=\"https:\/\/help.unhcr.org\/canada\/fr\/how-to-apply-for-asylum-new\/\"><strong>Comment pr\u00e9senter une demande d&rsquo;asile au Canada?<\/strong><\/a><\/li>\n\n\n\n<li><a href=\"https:\/\/help.unhcr.org\/canada\/fr\/resources-for-asylum-seekers\/\"><strong>Ressources pour les demandeurs d&rsquo;asile \u00e0 travers le Canada<\/strong><\/a><\/li>\n\n\n\n<li><a href=\"https:\/\/help.unhcr.org\/canada\/fr\/rights-and-duties-3\/\"><strong>Droits et devoirs des demandeurs d&rsquo;asile et des personnes r\u00e9fugi\u00e9es au Canada<\/strong><\/a><\/li>\n\n\n\n<li><a href=\"https:\/\/help.unhcr.org\/canada\/fr\/family-reunification\/\"><strong>R\u00e9unification des familles<\/strong><\/a><\/li>\n\n\n\n<li><strong><a href=\"https:\/\/help.unhcr.org\/canada\/fr\/refugee-resettlement-to-canada\/\">La r\u00e9installation des r\u00e9fugi\u00e9s au Canada<\/a><\/strong><\/li>\n\n\n\n<li><strong><a href=\"https:\/\/help.unhcr.org\/canada\/fr\/private-sponsorship-of-refugees\/\">Le parrainage priv\u00e9 de r\u00e9fugi\u00e9s<\/a><\/strong><\/li>\n\n\n\n<li><strong><a href=\"https:\/\/help.unhcr.org\/canada\/fr\/economic-immigration-of-skilled-refugees\/\">L\u2019immigration \u00e9conomique de r\u00e9fugi\u00e9s qualifi\u00e9s<\/a><\/strong><\/li>\n\n\n\n<li><strong><a href=\"https:\/\/help.unhcr.org\/canada\/fr\/anti-fraud\/\">Antifraude<\/a><\/strong><\/li>\n\n\n\n<li><a href=\"https:\/\/help.unhcr.org\/canada\/fr\/about-unhcr-in-canada\/\"><strong>\u00c0 propos du HCR au Canada<\/strong><\/a><\/li>\n<\/ul>\n\n\n\n<p><strong>Les renseignements contenus ici doivent servir de guide et ne constituent pas un avis juridique. Si vous avez des questions, veuillez obtenir de <\/strong><strong>l\u2019assistance<\/strong><strong> <\/strong><strong>juridique.<\/strong><\/p>\n\n\n\n<p class=\"has-background\" style=\"background-color:#fdf499\">Alerte \u00e0 la fraude : Des personnes affichent faussement le num\u00e9ro de t\u00e9l\u00e9phone du HCR Canada (613-232-0909) pour offrir une r\u00e9installation en \u00e9change d&rsquo;argent. Ces personnes sont des imposteurs et ne repr\u00e9sentent pas le HCR. Les services du HCR sont toujours gratuits.<\/p>\n\n\n\n<p><\/p>\n\n\n\n<p><\/p>\n","protected":false},"excerpt":{"rendered":"<p>\ud83d\udea8Important : Modifications apport\u00e9es au syst\u00e8me d&rsquo;asile canadien\ud83d\udea8 Le 26 mars 2026, le Canada a apport\u00e9 certaines modifications \u00e0 son syst\u00e8me d&rsquo;asile. Plus de d\u00e9tails seront communiqu\u00e9s prochainement. Ces changements peuvent affecter qui peut pr\u00e9senter une demande d&rsquo;asile, la mani\u00e8re dont votre dossier sera trait\u00e9 et les d\u00e9lais \u00e0 respecter. Pour plus d&rsquo;informations, veuillez consulter [&hellip;]<\/p>\n","protected":false},"author":1,"featured_media":0,"parent":0,"menu_order":0,"comment_status":"closed","ping_status":"closed","template":"","meta":{"_acf_changed":false,"footnotes":""},"class_list":["post-689","page","type-page","status-publish","hentry"],"acf":[],"_links":{"self":[{"href":"https:\/\/help.unhcr.org\/canada\/fr\/wp-json\/wp\/v2\/pages\/689","targetHints":{"allow":["GET"]}}],"collection":[{"href":"https:\/\/help.unhcr.org\/canada\/fr\/wp-json\/wp\/v2\/pages"}],"about":[{"href":"https:\/\/help.unhcr.org\/canada\/fr\/wp-json\/wp\/v2\/types\/page"}],"author":[{"embeddable":true,"href":"https:\/\/help.unhcr.org\/canada\/fr\/wp-json\/wp\/v2\/users\/1"}],"replies":[{"embeddable":true,"href":"https:\/\/help.unhcr.org\/canada\/fr\/wp-json\/wp\/v2\/comments?post=689"}],"version-history":[{"count":31,"href":"https:\/\/help.unhcr.org\/canada\/fr\/wp-json\/wp\/v2\/pages\/689\/revisions"}],"predecessor-version":[{"id":2751,"href":"https:\/\/help.unhcr.org\/canada\/fr\/wp-json\/wp\/v2\/pages\/689\/revisions\/2751"}],"wp:attachment":[{"href":"https:\/\/help.unhcr.org\/canada\/fr\/wp-json\/wp\/v2\/media?parent=689"}],"curies":[{"name":"wp","href":"https:\/\/api.w.org\/{rel}","templated":true}]}}