{"id":2538,"date":"2025-06-17T14:58:19","date_gmt":"2025-06-17T14:58:19","guid":{"rendered":"https:\/\/help.unhcr.org\/canada\/?page_id=2538"},"modified":"2025-06-17T18:16:58","modified_gmt":"2025-06-17T18:16:58","slug":"renseignements-importants-sur-la-traite-de-personnes-et-le-passage-de-clandestins-pour-le-canada","status":"publish","type":"page","link":"https:\/\/help.unhcr.org\/canada\/fr\/informations-importantes-sur-la-securite\/renseignements-importants-sur-la-traite-de-personnes-et-le-passage-de-clandestins-pour-le-canada\/","title":{"rendered":"Renseignements importants sur la traite de personnes et le passage irr\u00e9gulier de personnes vers le Canada"},"content":{"rendered":"\n<p class=\"has-background\" style=\"background-color:#fdf799\"><strong><em>Avertissement : <\/em><\/strong>Les passeurs peuvent vous donner de faux renseignements sur les d\u00e9placements ou les conditions m\u00e9t\u00e9orologiques. Le fait de payer pour obtenir un service ne garantit pas que vous pouvez faire confiance \u00e0 ce service. Faites preuve de prudence et soyez conscient des risques encourus. Vous pouvez \u00e9galement consulter la page <a href=\"https:\/\/help.unhcr.org\/canada\/fr\/informations-importantes-sur-la-securite\/risques-de-franchissement-irregulier-des-frontieres\/\">Les risques li\u00e9s au passage irr\u00e9gulier des fronti\u00e8res &#8211; UNHCR Canada<\/a> pour obtenir de plus amples renseignements \u00e0 la fronti\u00e8re.<\/p>\n\n\n\n<p><strong>Qu\u2019est-ce que le passage de clandestins?<\/strong><strong><\/strong><\/p>\n\n\n\n<ul class=\"wp-block-list\">\n<li>Le passage de clandestins se produit lorsque des personnes, appel\u00e9es <em>passeurs <\/em>(et parfois \u00ab&nbsp;coyotes&nbsp;\u00bb), aident des personnes \u00e0 franchir les fronti\u00e8res de fa\u00e7on irr\u00e9guli\u00e8re, g\u00e9n\u00e9ralement avec leur consentement, en \u00e9change d\u2019argent ou d\u2019autres avantages mat\u00e9riels.<\/li>\n<\/ul>\n\n\n\n<p><strong>Qu\u2019est-ce que la traite de personnes?<\/strong><strong><\/strong><\/p>\n\n\n\n<ul class=\"wp-block-list\">\n<li>La traite de personnes est l\u2019exploitation de personnes \u00e0 des fins lucratives, comme le travail forc\u00e9 ou l\u2019exploitation sexuelle. Elle se fait par la force, la fraude ou les menaces. Les victimes subissent d\u2019importants traumatismes physiques, psychologiques et \u00e9motionnels. Contrairement au passage de clandestins, les personnes qui font l\u2019objet d\u2019une traite ne sont g\u00e9n\u00e9ralement pas consentantes.&nbsp;Un grand nombre des victimes sont des femmes et des filles.<\/li>\n<\/ul>\n\n\n\n<p><strong>! Avertissement :&nbsp; Le passage de clandestins peut mener \u00e0 la traite de personnes!<\/strong><strong><\/strong><\/p>\n\n\n\n<p>Les personnes qui passent clandestinement risquent d\u2019\u00eatre victimes de la traite, que ce soit pendant ou apr\u00e8s le processus de passage de clandestins. En cours de route, vous pourriez rencontrer des personnes qui offrent des emplois ou d\u2019autres possibilit\u00e9s qui semblent bonnes. Cependant, tous les gens ne sont pas honn\u00eates, et certains peuvent essayer de profiter de votre situation. Par exemple, ils pourraient vous promettre un endroit o\u00f9 demeurer, un transport ou de la nourriture gratuite comme moyen de vous forcer \u00e0 commettre des actes sexuels, \u00e0 faire un travail ou \u00e0 offrir d\u2019autres services auxquels vous ne consentez pas. Ils peuvent aussi essayer de vous blesser ou de voler vos documents ou effets personnels.<\/p>\n\n\n\n<p><strong>Il y a des signes que vous pouvez d\u00e9tecter pour assurer votre s\u00e9curit\u00e9 et celle de votre famille. Par exemple, soyez prudent si quelqu\u2019un :&nbsp;<\/strong><strong><\/strong><\/p>\n\n\n\n<ul class=\"wp-block-list\">\n<li>vous demande votre passeport ou d\u2019autres documents d\u2019identit\u00e9 (sauf si la personne repr\u00e9sente les autorit\u00e9s publiques, comme c\u2019est le cas aux points de contr\u00f4le de l\u2019immigration);&nbsp;<\/li>\n<\/ul>\n\n\n\n<ul class=\"wp-block-list\">\n<li>demande votre t\u00e9l\u00e9phone, votre ordinateur portable ou d\u2019autres moyens de communication;&nbsp;<\/li>\n<\/ul>\n\n\n\n<ul class=\"wp-block-list\">\n<li>tente de vous s\u00e9parer de votre famille ou d\u2019autres personnes avec qui vous voyagez;&nbsp;<\/li>\n<\/ul>\n\n\n\n<ul class=\"wp-block-list\">\n<li>vous offre un emploi qui semble trop beau pour \u00eatre vrai; &nbsp;&nbsp;<\/li>\n<\/ul>\n\n\n\n<ul class=\"wp-block-list\">\n<li>exerce des pressions sur vous pour faire un travail, offrir des services ou procurer du sexe (y compris pour rembourser des dettes);&nbsp;<\/li>\n<\/ul>\n\n\n\n<ul class=\"wp-block-list\">\n<li>vous offre son aide \u2013 comme de la nourriture \u2013 seulement si vous offrez des \u00ab services \u00bb en retour;&nbsp;<\/li>\n<\/ul>\n\n\n\n<ul class=\"wp-block-list\">\n<li>promet de vous aider \u00e0 vous enregistrer, \u00e0 vous relocaliser ou \u00e0 vous r\u00e9installer dans un autre pays en \u00e9change d\u2019argent (\u00e0 l\u2019exception des frais de transport r\u00e9guliers);&nbsp;<\/li>\n<\/ul>\n\n\n\n<ul class=\"wp-block-list\">\n<li>vous embauche, mais ne vous paie pas ou ne paie qu\u2019une partie de ce qui a \u00e9t\u00e9 promis;&nbsp;<\/li>\n<\/ul>\n\n\n\n<ul class=\"wp-block-list\">\n<li>vous embauche, mais ne vous offre pas de conditions de travail d\u00e9centes ou limite votre libert\u00e9 de mouvement, par exemple en prenant vos documents ou en vous enfermant dans une pi\u00e8ce.&nbsp;<\/li>\n<\/ul>\n\n\n\n<p><strong>Voici quelques mesures que vous pouvez prendre pour demeurer en s\u00e9curit\u00e9 :&nbsp;<\/strong><strong><\/strong><\/p>\n\n\n\n<ul class=\"wp-block-list\">\n<li>Soyez vigilant et suivez votre propre intuition \u00e0 l\u2019\u00e9gard des personnes que vous ne connaissez pas.&nbsp;<\/li>\n<\/ul>\n\n\n\n<ul class=\"wp-block-list\">\n<li>Conservez toujours vos documents. Conservez des copies de vos documents dans votre t\u00e9l\u00e9phone et envoyez-les \u00e0 une personne de confiance.&nbsp;<\/li>\n<\/ul>\n\n\n\n<ul class=\"wp-block-list\">\n<li>Sachez que les offres d\u2019emploi faites au Canada sont souvent accompagn\u00e9es d\u2019une lettre d\u2019offre \u00e9crite ou d\u2019un contrat.<\/li>\n<\/ul>\n\n\n\n<ul class=\"wp-block-list\">\n<li>Restez en contact avec votre famille et les autres personnes en qui vous avez confiance.&nbsp;<\/li>\n<\/ul>\n\n\n\n<ul class=\"wp-block-list\">\n<li>Informez-vous de vos droits et des endroits o\u00f9 vous pouvez obtenir de l\u2019aide.&nbsp;<\/li>\n<\/ul>\n\n\n\n<ul class=\"wp-block-list\">\n<li>Cherchez des renseignements fiables aupr\u00e8s de sources fiables.&nbsp;<\/li>\n<\/ul>\n\n\n\n<p><strong>Si vous cherchez un endroit o\u00f9 demeurer:&nbsp;<\/strong><strong><\/strong><\/p>\n\n\n\n<ul class=\"wp-block-list\">\n<li>Si vous \u00eates demandeur d&rsquo;asile, reportez-vous \u00e0 cette page.<\/li>\n<\/ul>\n\n\n\n<ul class=\"wp-block-list\">\n<li>Indiquez \u00e0 quelqu\u2019un en qui vous avez confiance l\u2019endroit o\u00f9 vous demeurerez et l\u2019identit\u00e9 des gens avec qui vous demeurerez.&nbsp;<\/li>\n<\/ul>\n\n\n\n<p><strong>Si vous croyez \u00eatre victime d\u2019un cas de traite de personnes ou si vous soup\u00e7onnez qu\u2019une autre personne l\u2019est<\/strong>, <strong>il existe des ressources confidentielles pour vous aider : <\/strong><strong><\/strong><\/p>\n\n\n\n<ul class=\"wp-block-list\">\n<li>Si vous \u00eates en danger imm\u00e9diat ou avez besoin d\u2019aide d\u2019urgence, composez le <strong>911 <\/strong>pour joindre la police canadienne.<\/li>\n\n\n\n<li>Pour obtenir de l\u2019aide confidentielle pour les cas de traite de personnes, la <strong>Ligne d\u2019urgence canadienne contre la traite des personnes<\/strong> est accessible en tout temps, en anglais et en fran\u00e7ais, au <strong>1\u00ad-833-900-1010<\/strong>. Vous pouvez \u00e9galement utiliser la fonction de <strong>clavardage<\/strong> du site Web de la ligne d\u2019urgence : <a href=\"https:\/\/www.canadianhumantraffickinghotline.ca\/fr\/what-we-do\/\">Ce que nous faisons \u2013 Ligne d\u2019urgence canadienne contre la traite des personnes.<\/a><\/li>\n<\/ul>\n\n\n\n<ul class=\"wp-block-list\">\n<li>La Ligne d\u2019urgence canadienne contre la traite des personnes applique une politique consistant \u00e0 \u00ab ne pas causer de dommages \u00bb, afin de s\u2019assurer que l\u2019aide apport\u00e9e aux victimes ne cause pas, par inadvertance, un pr\u00e9judice suppl\u00e9mentaire. La ligne d\u2019assistance aide toutes les personnes dans le besoin, sans discrimination, et respecte les lois canadiennes sur les droits de la personne pour veiller \u00e0 ce que chacun soit trait\u00e9 avec respect et \u00e9quit\u00e9.<\/li>\n<\/ul>\n\n\n\n<p><\/p>\n","protected":false},"excerpt":{"rendered":"<p>Avertissement : Les passeurs peuvent vous donner de faux renseignements sur les d\u00e9placements ou les conditions m\u00e9t\u00e9orologiques. Le fait de payer pour obtenir un service ne garantit pas que vous pouvez faire confiance \u00e0 ce service. Faites preuve de prudence et soyez conscient des risques encourus. Vous pouvez \u00e9galement consulter la page Les risques li\u00e9s [&hellip;]<\/p>\n","protected":false},"author":24,"featured_media":0,"parent":2536,"menu_order":0,"comment_status":"closed","ping_status":"closed","template":"","meta":{"_acf_changed":false,"footnotes":""},"class_list":["post-2538","page","type-page","status-publish","hentry"],"acf":[],"_links":{"self":[{"href":"https:\/\/help.unhcr.org\/canada\/fr\/wp-json\/wp\/v2\/pages\/2538","targetHints":{"allow":["GET"]}}],"collection":[{"href":"https:\/\/help.unhcr.org\/canada\/fr\/wp-json\/wp\/v2\/pages"}],"about":[{"href":"https:\/\/help.unhcr.org\/canada\/fr\/wp-json\/wp\/v2\/types\/page"}],"author":[{"embeddable":true,"href":"https:\/\/help.unhcr.org\/canada\/fr\/wp-json\/wp\/v2\/users\/24"}],"replies":[{"embeddable":true,"href":"https:\/\/help.unhcr.org\/canada\/fr\/wp-json\/wp\/v2\/comments?post=2538"}],"version-history":[{"count":5,"href":"https:\/\/help.unhcr.org\/canada\/fr\/wp-json\/wp\/v2\/pages\/2538\/revisions"}],"predecessor-version":[{"id":2568,"href":"https:\/\/help.unhcr.org\/canada\/fr\/wp-json\/wp\/v2\/pages\/2538\/revisions\/2568"}],"up":[{"embeddable":true,"href":"https:\/\/help.unhcr.org\/canada\/fr\/wp-json\/wp\/v2\/pages\/2536"}],"wp:attachment":[{"href":"https:\/\/help.unhcr.org\/canada\/fr\/wp-json\/wp\/v2\/media?parent=2538"}],"curies":[{"name":"wp","href":"https:\/\/api.w.org\/{rel}","templated":true}]}}