{"id":2520,"date":"2025-06-16T20:29:00","date_gmt":"2025-06-16T20:29:00","guid":{"rendered":"https:\/\/help.unhcr.org\/canada\/?page_id=2520"},"modified":"2025-06-16T20:29:01","modified_gmt":"2025-06-16T20:29:01","slug":"renseignements-importants-sur-la-protection-contre-lexploitation-sexuelle-les-mauvais-traitements-et-la-violence-fondee-sur-le-sexe-vfs","status":"publish","type":"page","link":"https:\/\/help.unhcr.org\/canada\/fr\/informations-importantes-sur-la-securite\/renseignements-importants-sur-la-protection-contre-lexploitation-sexuelle-les-mauvais-traitements-et-la-violence-fondee-sur-le-sexe-vfs\/","title":{"rendered":"Renseignements importants sur la protection contre l\u2019exploitation sexuelle, les mauvais traitements et la violence fond\u00e9e sur le sexe (VFS)"},"content":{"rendered":"\n<p><em>Qu\u2019est-ce que la <strong>violence fond\u00e9e sur le sexe?<\/strong><\/em><em><\/em><\/p>\n\n\n\n<p>La violence fond\u00e9e sur le sexe (VFS) comprend les pr\u00e9judices comme l\u2019exploitation sexuelle, physique, \u00e9motionnelle et financi\u00e8re, tant dans un contexte public que priv\u00e9. Elle comprend \u00e9galement les menaces de violence, de coercition et de manipulation. Cette violence peut prendre de nombreuses formes, comme la violence d\u2019un partenaire, la violence familiale, la violence sexuelle, le mariage d\u2019enfants, la mutilation g\u00e9nitale des femmes et les soi-disant \u00ab&nbsp;crimes d\u2019honneur&nbsp;\u00bb. <strong><\/strong><\/p>\n\n\n\n<p><em>Qu\u2019est-ce quel\u2019<strong>exploitation sexuelle? <\/strong><\/em><em><\/em><\/p>\n\n\n\n<p>C\u2019est une situation dans laquelle une personne utilise son pouvoir ou exploite la confiance ou la situation vuln\u00e9rable d\u2019une personne \u00e0 des fins sexuelles.&nbsp; Cela comprend la traite de personnes \u00e0 des fins sexuelles et de prostitution.<\/p>\n\n\n\n<p><em>Qu\u2019est-ce quela<strong> violence sexuelle? <\/strong><\/em><em><\/em><\/p>\n\n\n\n<p>C\u2019est une situation dans laquelle une personne force une autre personne \u00e0 commettre un acte sexuel contre sa volont\u00e9 ou exerce des pressions dans ce sens, soit par la force, soit dans des conditions in\u00e9gales ou coercitives.<\/p>\n\n\n\n<p><strong><em>! Les cons\u00e9quences de ces formes de violence peuvent \u00eatre d\u00e9vastatrices et avoir des r\u00e9percussions au cours de la vie compl\u00e8te des survivants. Cette violence peut avoir des impacts sur la sant\u00e9 physique, mentale et reproductive d\u2019une personne, et peut m\u00eame mener \u00e0 la mort. Cette violence peut viser n\u2019importe qui, n\u2019importe o\u00f9 \u2014 hommes, femmes, gar\u00e7ons et filles \u2014 \u00e0 n\u2019importe quel \u00e2ge, en pr\u00e9sence ou non d\u2019une d\u00e9ficience, peu importe l\u2019orientation sexuelle ou le sexe des victimes.<\/em><\/strong><\/p>\n\n\n\n<p><strong>Si vous \u00eates victime ou t\u00e9moin de toute forme d\u2019exploitation sexuelle ou de violence familiale, vous avez le droit de demander de l\u2019aide et une protection. Il existe des ressources pour vous : <\/strong><\/p>\n\n\n\n<ul class=\"wp-block-list\">\n<li>Visitez le site Web du gouvernement du Canada <em>pour trouver des ressources dans votre r\u00e9gion : <\/em><a href=\"https:\/\/www.canada.ca\/en\/public-health\/services\/health-promotion\/stop-family-violence\/services.html\">Trouvez des ressources et des services associ\u00e9s \u00e0 la violence familiale dans votre r\u00e9gion &#8211; Canada.ca<\/a><\/li>\n<\/ul>\n\n\n\n<ul class=\"wp-block-list\">\n<li>Si vous craignez d\u2019\u00eatre victime de traite de personnes, consultez les ressources accessibles ici. <\/li>\n<\/ul>\n\n\n\n<ul class=\"wp-block-list\">\n<li><strong>SOS Violence conjugale : <\/strong>Services d\u2019information et d\u2019aiguillage pour les victimes de violence familiale. 1-800-363-9010<\/li>\n<\/ul>\n\n\n\n<ul class=\"wp-block-list\">\n<li><strong>En cas d\u2019urgence, vous pouvez \u00e9galement composer le 911 ou vous rendre directement \u00e0 la police.<\/strong> Il s\u2019agit d\u2019un num\u00e9ro d\u2019urgence gratuit que vous pouvez composer pour obtenir de l\u2019aide. Les services de sant\u00e9 d\u2019urgence, de police ou d\u2019incendie seront alert\u00e9s.<\/li>\n<\/ul>\n\n\n\n<p>Les Nations Unies et le Haut-Commissariat des Nations Unies pour les r\u00e9fugi\u00e9s (HCR) appliquent une politique de <strong>TOL\u00c9RANCE Z\u00c9RO<\/strong> \u00e0 l\u2019\u00e9gard de l\u2019exploitation et de la violence sexuelles. <strong>Le personnel et les partenaires des Nations Unies ne doivent pas:<\/strong><strong><\/strong><\/p>\n\n\n\n<ul class=\"wp-block-list\">\n<li>avoir de rapports sexuels avec quiconque en \u00e9change d\u2019argent, d\u2019un emploi, d\u2019un traitement de faveur, de biens ou de services;<\/li>\n<\/ul>\n\n\n\n<ul class=\"wp-block-list\">\n<li>avoir de rapports sexuels avec un enfant \u00e2g\u00e9 de moins de 18 ans;<\/li>\n<\/ul>\n\n\n\n<ul class=\"wp-block-list\">\n<li>adopter toute autre forme de comportement sexuellement humiliant, d\u00e9gradant ou exploitant.<\/li>\n<\/ul>\n\n\n\n<p><strong>Comment signaler l\u2019exploitation et la violence sexuelles<\/strong><strong><\/strong><\/p>\n\n\n\n<p>Si vous \u00eates inform\u00e9, avez \u00e9t\u00e9 t\u00e9moin ou \u00eates victime d\u2019un cas d\u2019exploitation et de violence sexuelles de la part du personnel du HCR, des Nations Unies et des ONG, et de la part de fonctionnaires, <strong>vous pouvez le signaler directement \u00e0 <\/strong>:<\/p>\n\n\n\n<p><strong>Bureau de l\u2019inspecteur g\u00e9n\u00e9ral du HCR situ\u00e9 au si\u00e8ge social du HCR \u00e0 Gen\u00e8ve, en Suisse <\/strong><strong><\/strong><\/p>\n\n\n\n<ul class=\"wp-block-list\">\n<li>en utilisant le <a href=\"https:\/\/www.unhcr.org\/igo-complaints.html\">formulaire de plainte en ligne<\/a>.<\/li>\n\n\n\n<li>Adresse de courriel confidentielle\u00a0: <a href=\"mailto:inspector@unhcr.org\">inspector@unhcr.org<\/a><\/li>\n\n\n\n<li>Num\u00e9ro de t\u00e9l\u00e9copieur confidentiel\u00a0: +41 22 739 7380<\/li>\n\n\n\n<li>Courrier ordinaire : 94, rue de Montbrillant, Case postale 2500, 1211 Gen\u00e8ve, Suisse<\/li>\n\n\n\n<li><em>Le BIG prot\u00e8ge la confidentialit\u00e9 des renseignements qu\u2019il re\u00e7oit.<\/em><\/li>\n<\/ul>\n\n\n\n<p><strong>Contenu suppl\u00e9mentaire<\/strong><\/p>\n\n\n\n<p><a href=\"https:\/\/www.tiktok.com\/@refugees\/video\/7445269318650170656\">Les femmes et les filles d\u00e9plac\u00e9es de force et apatrides sont plus \u00e0 risque de&#8230; | TikTok<\/a><\/p>\n\n\n\n<figure class=\"wp-block-embed is-type-video is-provider-tiktok wp-block-embed-tiktok\"><div class=\"wp-block-embed__wrapper\">\n<blockquote class=\"tiktok-embed\" cite=\"https:\/\/www.tiktok.com\/@refugees\/video\/7445269318650170656\" data-video-id=\"7445269318650170656\" data-embed-from=\"oembed\" style=\"max-width:605px; min-width:325px;\"> <section> <a target=\"_blank\" title=\"@refugees\" href=\"https:\/\/www.tiktok.com\/@refugees?refer=embed\">@refugees<\/a> <p>Forcibly displaced and stateless women and girls are at higher risk of gender-based violence. During the <a title=\"16days\" target=\"_blank\" href=\"https:\/\/www.tiktok.com\/tag\/16days?refer=embed\">#16Days<\/a> of Activism, and every day, let\u2019s protect women and girls\u2019 right to safety. There\u2019s <a title=\"noexcuse\" target=\"_blank\" href=\"https:\/\/www.tiktok.com\/tag\/noexcuse?refer=embed\">#NoExcuse<\/a> for inaction. \u00a0<\/p> <a target=\"_blank\" title=\"\u266c original sound - We help refugees\" href=\"https:\/\/www.tiktok.com\/music\/original-sound-7445269437432826656?refer=embed\">\u266c original sound &#8211; We help refugees<\/a> <\/section> <\/blockquote> <script async src=\"https:\/\/www.tiktok.com\/embed.js\"><\/script>\n<\/div><\/figure>\n\n\n\n<p><a href=\"https:\/\/www.youtube.com\/watch?v=kqHBaej2cBA\">Qu\u2019est-ce qui est efficace pour pr\u00e9venir la violence fond\u00e9e sur le sexe?<\/a><\/p>\n\n\n\n<figure class=\"wp-block-embed is-type-video is-provider-youtube wp-block-embed-youtube wp-embed-aspect-16-9 wp-has-aspect-ratio\"><div class=\"wp-block-embed__wrapper\">\n<iframe loading=\"lazy\" title=\"What works to prevent gender-based violence?\" width=\"640\" height=\"360\" src=\"https:\/\/www.youtube.com\/embed\/kqHBaej2cBA?feature=oembed\" frameborder=\"0\" allow=\"accelerometer; autoplay; clipboard-write; encrypted-media; gyroscope; picture-in-picture; web-share\" referrerpolicy=\"strict-origin-when-cross-origin\" allowfullscreen><\/iframe>\n<\/div><\/figure>\n","protected":false},"excerpt":{"rendered":"<p>Qu\u2019est-ce que la violence fond\u00e9e sur le sexe? La violence fond\u00e9e sur le sexe (VFS) comprend les pr\u00e9judices comme l\u2019exploitation sexuelle, physique, \u00e9motionnelle et financi\u00e8re, tant dans un contexte public que priv\u00e9. Elle comprend \u00e9galement les menaces de violence, de coercition et de manipulation. Cette violence peut prendre de nombreuses formes, comme la violence d\u2019un [&hellip;]<\/p>\n","protected":false},"author":24,"featured_media":0,"parent":2536,"menu_order":0,"comment_status":"closed","ping_status":"closed","template":"","meta":{"_acf_changed":false,"footnotes":""},"class_list":["post-2520","page","type-page","status-publish","hentry"],"acf":[],"_links":{"self":[{"href":"https:\/\/help.unhcr.org\/canada\/fr\/wp-json\/wp\/v2\/pages\/2520","targetHints":{"allow":["GET"]}}],"collection":[{"href":"https:\/\/help.unhcr.org\/canada\/fr\/wp-json\/wp\/v2\/pages"}],"about":[{"href":"https:\/\/help.unhcr.org\/canada\/fr\/wp-json\/wp\/v2\/types\/page"}],"author":[{"embeddable":true,"href":"https:\/\/help.unhcr.org\/canada\/fr\/wp-json\/wp\/v2\/users\/24"}],"replies":[{"embeddable":true,"href":"https:\/\/help.unhcr.org\/canada\/fr\/wp-json\/wp\/v2\/comments?post=2520"}],"version-history":[{"count":1,"href":"https:\/\/help.unhcr.org\/canada\/fr\/wp-json\/wp\/v2\/pages\/2520\/revisions"}],"predecessor-version":[{"id":2521,"href":"https:\/\/help.unhcr.org\/canada\/fr\/wp-json\/wp\/v2\/pages\/2520\/revisions\/2521"}],"up":[{"embeddable":true,"href":"https:\/\/help.unhcr.org\/canada\/fr\/wp-json\/wp\/v2\/pages\/2536"}],"wp:attachment":[{"href":"https:\/\/help.unhcr.org\/canada\/fr\/wp-json\/wp\/v2\/media?parent=2520"}],"curies":[{"name":"wp","href":"https:\/\/api.w.org\/{rel}","templated":true}]}}