{"id":2405,"date":"2025-06-09T21:50:45","date_gmt":"2025-06-09T21:50:45","guid":{"rendered":"https:\/\/help.unhcr.org\/canada\/?page_id=2405"},"modified":"2025-06-11T13:46:48","modified_gmt":"2025-06-11T13:46:48","slug":"documents-de-voyage-du-refugie","status":"publish","type":"page","link":"https:\/\/help.unhcr.org\/canada\/fr\/documents-de-voyage-du-refugie\/","title":{"rendered":"Documents de voyage du r\u00e9fugi\u00e9"},"content":{"rendered":"\n<p>Souvent, les r\u00e9fugi\u00e9s n\u2019ont pas de passeport national ou, s\u2019ils en poss\u00e8dent un, ne peuvent pas l\u2019utiliser en toute s\u00e9curit\u00e9 pour diverses raisons li\u00e9es \u00e0 leur fuite ou \u00e0 leur protection. Lorsqu\u2019un passeport n\u2019est pas disponible ou qu\u2019il n\u2019est pas s\u00e9curitaire de l\u2019utiliser, un document de voyage du r\u00e9fugi\u00e9 est une solution possible.<\/p>\n\n\n\n<hr class=\"wp-block-separator has-alpha-channel-opacity\" \/>\n\n\n\n<p><strong>Pour des informations plus g\u00e9n\u00e9rales sur les documents de voyage du r\u00e9fugi\u00e9 et le travail du service d\u2019assistance judiciaire du HCR \u00e0 ce sujet, rendez-vous \u00e0 l\u2019adresse <\/strong><a href=\"https:\/\/help.unhcr.org\/faq\/how-can-we-help-you\/travel-documents\/\"><strong>https:\/\/help.unhcr.org\/faq\/fr\/how-can-we-help-you\/travel-documents\/<\/strong><\/a><strong>&nbsp; <\/strong><\/p>\n\n\n\n<p><\/p>\n","protected":false},"excerpt":{"rendered":"<p>Souvent, les r\u00e9fugi\u00e9s n\u2019ont pas de passeport national ou, s\u2019ils en poss\u00e8dent un, ne peuvent pas l\u2019utiliser en toute s\u00e9curit\u00e9 pour diverses raisons li\u00e9es \u00e0 leur fuite ou \u00e0 leur protection. Lorsqu\u2019un passeport n\u2019est pas disponible ou qu\u2019il n\u2019est pas s\u00e9curitaire de l\u2019utiliser, un document de voyage du r\u00e9fugi\u00e9 est une solution possible. Pour des [&hellip;]<\/p>\n","protected":false},"author":24,"featured_media":0,"parent":0,"menu_order":0,"comment_status":"closed","ping_status":"closed","template":"page-templates\/sectioned.php","meta":{"_acf_changed":false,"footnotes":""},"class_list":["post-2405","page","type-page","status-publish","hentry"],"acf":[],"_links":{"self":[{"href":"https:\/\/help.unhcr.org\/canada\/fr\/wp-json\/wp\/v2\/pages\/2405","targetHints":{"allow":["GET"]}}],"collection":[{"href":"https:\/\/help.unhcr.org\/canada\/fr\/wp-json\/wp\/v2\/pages"}],"about":[{"href":"https:\/\/help.unhcr.org\/canada\/fr\/wp-json\/wp\/v2\/types\/page"}],"author":[{"embeddable":true,"href":"https:\/\/help.unhcr.org\/canada\/fr\/wp-json\/wp\/v2\/users\/24"}],"replies":[{"embeddable":true,"href":"https:\/\/help.unhcr.org\/canada\/fr\/wp-json\/wp\/v2\/comments?post=2405"}],"version-history":[{"count":30,"href":"https:\/\/help.unhcr.org\/canada\/fr\/wp-json\/wp\/v2\/pages\/2405\/revisions"}],"predecessor-version":[{"id":2480,"href":"https:\/\/help.unhcr.org\/canada\/fr\/wp-json\/wp\/v2\/pages\/2405\/revisions\/2480"}],"wp:attachment":[{"href":"https:\/\/help.unhcr.org\/canada\/fr\/wp-json\/wp\/v2\/media?parent=2405"}],"curies":[{"name":"wp","href":"https:\/\/api.w.org\/{rel}","templated":true}]}}