{"id":1320,"date":"2023-11-03T18:56:11","date_gmt":"2023-11-03T18:56:11","guid":{"rendered":"https:\/\/help.unhcr.org\/canada\/refugee-resettlement-to-canada\/"},"modified":"2024-03-07T19:34:57","modified_gmt":"2024-03-07T19:34:57","slug":"refugee-resettlement-to-canada","status":"publish","type":"page","link":"https:\/\/help.unhcr.org\/canada\/fr\/refugee-resettlement-to-canada\/","title":{"rendered":"La r\u00e9installation des r\u00e9fugi\u00e9s au Canada"},"content":{"rendered":"\n<figure class=\"wp-block-embed is-type-video is-provider-youtube wp-block-embed-youtube wp-embed-aspect-16-9 wp-has-aspect-ratio\"><div class=\"wp-block-embed__wrapper\">\n<iframe loading=\"lazy\" title=\"Qu\u2019est-ce que la r\u00e9installation et quel est le r\u00f4le du HCR ?\" width=\"640\" height=\"360\" src=\"https:\/\/www.youtube.com\/embed\/hdjVpkTbpjU?feature=oembed\" frameborder=\"0\" allow=\"accelerometer; autoplay; clipboard-write; encrypted-media; gyroscope; picture-in-picture; web-share\" referrerpolicy=\"strict-origin-when-cross-origin\" allowfullscreen><\/iframe>\n<\/div><figcaption class=\"wp-element-caption\">La <strong>r\u00e9installation <\/strong>est le transfert organis\u00e9 de r\u00e9fugi\u00e9s du pays o\u00f9 ils ont demand\u00e9 l\u2019asile vers un autre pays qui a accept\u00e9 de les accueillir, de leur accorder le droit de r\u00e9sidence permanente et, \u00e9ventuellement, de leur donner la chance d\u2019obtenir une nouvelle citoyennet\u00e9. Le Haut-Commissariat des Nations Unies pour les r\u00e9fugi\u00e9s (HCR) travaille avec les \u00c9tats pour aider les r\u00e9fugi\u00e9s les plus \u00e0 risque \u00e0 trouver un nouveau foyer s\u00fbr gr\u00e2ce \u00e0 la r\u00e9installation.<br><br>Lorsque des places de r\u00e9installation sont offertes par des pays comme le Canada, les bureaux du HCR situ\u00e9s dans les pays d\u2019asile des r\u00e9fugi\u00e9s identifieront les personnes \u00e0 risque et pr\u00e9senteront leur dossier aux pays de r\u00e9installation. Les r\u00e9fugi\u00e9s doivent \u00eatre enregistr\u00e9s aupr\u00e8s du HCR ou des autorit\u00e9s gouvernementales du pays o\u00f9 ils ont obtenu l\u2019asile pour \u00eatre pris en consid\u00e9ration \u00e0 des fins de recommandation. Les autorit\u00e9s des pays de r\u00e9installation prennent la d\u00e9cision finale quant \u00e0 l\u2019admission ou non d\u2019un r\u00e9fugi\u00e9 dans leur pays.<br><br><a href=\"https:\/\/help.unhcr.org\/fr\/#_ga=2.18872447.737828341.1696951279-1602508211.1678111539\" target=\"_blank\" rel=\"noreferrer noopener\">Pour savoir comment le HCR ou les autorit\u00e9s gouvernementales d\u00e9terminent si vous \u00eates un r\u00e9fugi\u00e9 \u00e0 l\u2019ext\u00e9rieur du Canada, visitez la section Aide du HCR et cliquez sur la page du pays o\u00f9 vous vous trouvez.<\/a><br><br>Une fois que les r\u00e9fugi\u00e9s ont \u00e9t\u00e9 recommand\u00e9s par le HCR aux fins de r\u00e9installation, les agents de visa canadiens \u00e9valuent s\u2019ils ont besoin d\u2019\u00eatre r\u00e9install\u00e9s et proc\u00e8dent \u00e0 des examens m\u00e9dicaux, \u00e0 la v\u00e9rification des ant\u00e9c\u00e9dents criminels et \u00e0 des contr\u00f4les de s\u00e9curit\u00e9. \u00c0 leur arriv\u00e9e, les r\u00e9fugi\u00e9s r\u00e9install\u00e9s deviennent des r\u00e9sidents permanents et, avec le temps, peuvent demander la citoyennet\u00e9 canadienne.<br><br><strong>Le HCR Canada ne participe pas \u00e0 la s\u00e9lection des r\u00e9fugi\u00e9s qui seront r\u00e9install\u00e9s au Canada et n\u2019est pas en mesure d\u2019intervenir ou d\u2019influencer le processus visant \u00e0 d\u00e9terminer si une personne peut \u00eatre consid\u00e9r\u00e9e comme un r\u00e9fugi\u00e9 ou si un r\u00e9fugi\u00e9 peut \u00eatre r\u00e9install\u00e9 au Canada.<br><\/strong><br><a href=\"https:\/\/www.unhcr.org\/fr\/contactez-nous?_gl=1%2A176nta3%2A_rup_ga%2AMTYwMjUwODIxMS4xNjc4MTExNTM5%2A_rup_ga_EVDQTJ4LMY%2AMTY5Njk2MzI5Ni43LjEuMTY5Njk2MzI5Ni4wLjAuMA..%2A_ga%2AMTYwMjUwODIxMS4xNjc4MTExNTM5%2A_ga_9TNFSN3TKP%2AMTY5Njk2MzI5Ni43LjEuMTY5Njk2MzI5Ni4wLjAuMA#_ga=2.161349627.737828341.1696951279-1602508211.1678111539\" target=\"_blank\" rel=\"noreferrer noopener\">Si vous \u00eates un r\u00e9fugi\u00e9 et souhaitez obtenir des renseignements concernant votre dossier et que vous \u00eates \u00e0 l&rsquo;ext\u00e9rieur du Canada, veuillez communiquer avec le bureau du HCR de votre pays d\u2019asile<\/a>.<br><br>Les r\u00e9fugi\u00e9s qui ont \u00e9t\u00e9 recommand\u00e9s aux fins de r\u00e9installation au Canada par le HCR, et d\u2019autres partenaires avec lesquels le Canada a conclu une entente, sont admis soit dans le cadre du <a href=\"https:\/\/www.canada.ca\/fr\/immigration-refugies-citoyennete\/services\/refugies\/aide-exterieur-canada\/programme-refugies-pris-charge-gouvernement.html\" target=\"_blank\" rel=\"noreferrer noopener\">Programme<\/a><a href=\"https:\/\/www.canada.ca\/fr\/immigration-refugies-citoyennete\/services\/refugies\/aide-exterieur-canada\/programme-refugies-pris-charge-gouvernement.html\"> des r\u00e9fugi\u00e9s parrain\u00e9s par le gouvernement\u00a0(RPG)<\/a> ou dans le cadre du <a href=\"https:\/\/www.canada.ca\/fr\/immigration-refugies-citoyennete\/services\/refugies\/aide-exterieur-canada\/programme-parrainage-prive\/programme-mixte-bureau-visa.html\" target=\"_blank\" rel=\"noreferrer noopener\">Programme mixte des r\u00e9fugi\u00e9s d\u00e9sign\u00e9s par un bureau des visas\u00a0(RDBV)<\/a>. Les personnes admises dans le cadre du Programme des RPG re\u00e7oivent un soutien financier du gouvernement canadien jusqu\u2019\u00e0 un an \u00e0 compter de la date de leur arriv\u00e9e au Canada, tandis que les r\u00e9fugi\u00e9s admis dans le cadre du Programme mixte des BVOR sont jumel\u00e9s \u00e0 des r\u00e9pondants priv\u00e9s au Canada. Les co\u00fbts sont partag\u00e9s entre le r\u00e9pondant priv\u00e9 et le gouvernement canadien\u00a0: chaque partie fournit du soutien financier pendant six\u00a0mois et les r\u00e9pondants fournissent du soutien social, affectif et \u00e0 l\u2019\u00e9tablissement pendant 12\u00a0mois. Les r\u00e9fugi\u00e9s pr\u00eats \u00e0 voyager sont jumel\u00e9s \u00e0 des r\u00e9pondants avec l\u2019aide du <a href=\"https:\/\/youtu.be\/dJ3togUj3PM\" target=\"_blank\" rel=\"noreferrer noopener\">Programme de formation sur le parrainage priv\u00e9 des r\u00e9fugi\u00e9s<\/a>.<br><br>Les r\u00e9pondants priv\u00e9s sont des groupes de Canadiens ou des organismes, y compris des associations confessionnelles, des groupes ethnoculturels ou des organismes d\u2019aide \u00e0 l\u2019\u00e9tablissement, qui se portent volontaires pour parrainer des r\u00e9fugi\u00e9s par l\u2019entremise de l\u2019un des programmes de <a href=\"https:\/\/www.canada.ca\/fr\/immigration-refugies-citoyennete\/services\/refugies\/aide-exterieur-canada\/programme-parrainage-prive.html\">parrainage <\/a><a href=\"https:\/\/www.canada.ca\/fr\/immigration-refugies-citoyennete\/services\/refugies\/aide-exterieur-canada\/programme-parrainage-prive.html\" target=\"_blank\" rel=\"noreferrer noopener\">priv\u00e9<\/a><a href=\"https:\/\/www.canada.ca\/fr\/immigration-refugies-citoyennete\/services\/refugies\/aide-exterieur-canada\/programme-parrainage-prive.html\"> de r\u00e9fugi\u00e9s<\/a> du Canada.<br><br>Au <strong>Qu\u00e9bec<\/strong>, le processus est un peu diff\u00e9rent. Les fonctionnaires du Qu\u00e9bec sont \u00e9galement responsables de la s\u00e9lection des candidats potentiels au Programme des RPG. Pour en savoir plus sur le programme au Qu\u00e9bec, visitez le <a href=\"https:\/\/www.canada.ca\/fr\/immigration-refugies-citoyennete\/organisation\/publications-guides\/bulletins-guides-operationnels\/demandes-asile\/reinstallation\/charge-gouvernement\/quebec.html\" target=\"_blank\" rel=\"noreferrer noopener\">site Web d\u2019Immigration, R\u00e9fugi\u00e9s et Citoyennet\u00e9 Canada (IRCC)<\/a> et le site Web du <a href=\"https:\/\/www.quebec.ca\/immigration\/refugies-demandeurs-asile\/refugies-etranger\/refugies-pris-charge-gouvernement\">minist\u00e8re de l\u2019Immigration, de la <\/a><a href=\"https:\/\/www.quebec.ca\/immigration\/refugies-demandeurs-asile\/refugies-etranger\/refugies-pris-charge-gouvernement\" target=\"_blank\" rel=\"noreferrer noopener\">Francisation<\/a><a href=\"https:\/\/www.quebec.ca\/immigration\/refugies-demandeurs-asile\/refugies-etranger\/refugies-pris-charge-gouvernement\"> et de l\u2019Int\u00e9gration du Qu\u00e9bec<\/a>. Il n\u2019y a pas de Programme mixte des BVOR au Qu\u00e9bec.<br><br>Les r\u00e9fugi\u00e9s sont souvent r\u00e9install\u00e9s dans un pays o\u00f9 la soci\u00e9t\u00e9, la langue et la culture sont nouvelles pour eux. De nombreux organismes \u00e0 travers le Canada aident les r\u00e9fugi\u00e9s r\u00e9install\u00e9s dans leur \u00e9tablissement en offrant divers services, y compris de l\u2019aide pour chercher un logement, de l\u2019orientation culturelle, des cours de langue et une formation professionnelle, ainsi que des programmes visant \u00e0 promouvoir l\u2019acc\u00e8s \u00e0 l\u2019\u00e9ducation et \u00e0 l\u2019emploi. <a href=\"https:\/\/ircc.canada.ca\/francais\/nouveaux\/services\/index.asp\" target=\"_blank\" rel=\"noreferrer noopener\">Si vous souhaitez obtenir de l\u2019information sur les services d\u2019\u00e9tablissement au Canada, visitez le site Web d\u2019IRCC<\/a><\/figcaption><\/figure>\n","protected":false},"excerpt":{"rendered":"","protected":false},"author":24,"featured_media":0,"parent":0,"menu_order":6,"comment_status":"closed","ping_status":"closed","template":"faq_page.php","meta":{"_acf_changed":false,"footnotes":""},"class_list":["post-1320","page","type-page","status-publish","hentry"],"acf":[],"_links":{"self":[{"href":"https:\/\/help.unhcr.org\/canada\/fr\/wp-json\/wp\/v2\/pages\/1320","targetHints":{"allow":["GET"]}}],"collection":[{"href":"https:\/\/help.unhcr.org\/canada\/fr\/wp-json\/wp\/v2\/pages"}],"about":[{"href":"https:\/\/help.unhcr.org\/canada\/fr\/wp-json\/wp\/v2\/types\/page"}],"author":[{"embeddable":true,"href":"https:\/\/help.unhcr.org\/canada\/fr\/wp-json\/wp\/v2\/users\/24"}],"replies":[{"embeddable":true,"href":"https:\/\/help.unhcr.org\/canada\/fr\/wp-json\/wp\/v2\/comments?post=1320"}],"version-history":[{"count":6,"href":"https:\/\/help.unhcr.org\/canada\/fr\/wp-json\/wp\/v2\/pages\/1320\/revisions"}],"predecessor-version":[{"id":1965,"href":"https:\/\/help.unhcr.org\/canada\/fr\/wp-json\/wp\/v2\/pages\/1320\/revisions\/1965"}],"wp:attachment":[{"href":"https:\/\/help.unhcr.org\/canada\/fr\/wp-json\/wp\/v2\/media?parent=1320"}],"curies":[{"name":"wp","href":"https:\/\/api.w.org\/{rel}","templated":true}]}}