{"id":1307,"date":"2023-11-03T19:30:10","date_gmt":"2023-11-03T19:30:10","guid":{"rendered":"https:\/\/help.unhcr.org\/canada\/private-sponsorship-of-refugees\/"},"modified":"2025-12-10T21:47:39","modified_gmt":"2025-12-10T21:47:39","slug":"private-sponsorship-of-refugees","status":"publish","type":"page","link":"https:\/\/help.unhcr.org\/canada\/fr\/private-sponsorship-of-refugees\/","title":{"rendered":"Le parrainage priv\u00e9 de r\u00e9fugi\u00e9s"},"content":{"rendered":"\n<p class=\"has-background\" style=\"background-color:#fdf799\">Avis: Immigration, R\u00e9fugi\u00e9s et Citoyennet\u00e9 Canada (IRCC) a temporairement cess\u00e9 d\u2019accepter les nouvelles demandes des\u00a0<a href=\"https:\/\/eur02.safelinks.protection.outlook.com\/?url=https%3A%2F%2Fwww.canada.ca%2Ffr%2Fimmigration-refugies-citoyennete%2Fservices%2Frefugies%2Fparrainer-refugie%2Fprogramme-parrainage-prive%2Fgroupes-cinq.html&amp;data=05%7C02%7Cproulxbe%40unhcr.org%7C73784cd01edb478c1dc408dd18896a2a%7Ce5c37981666441348a0c6543d2af80be%7C0%7C0%7C638693700655748282%7CUnknown%7CTWFpbGZsb3d8eyJFbXB0eU1hcGkiOnRydWUsIlYiOiIwLjAuMDAwMCIsIlAiOiJXaW4zMiIsIkFOIjoiTWFpbCIsIldUIjoyfQ%3D%3D%7C0%7C%7C%7C&amp;sdata=w%2BBFc8kSn6LDebLW675%2Fja3APs%2FspDCnkMbIadL8zSg%3D&amp;reserved=0\">groupes de cinq<\/a>\u00a0et des\u00a0<a href=\"https:\/\/eur02.safelinks.protection.outlook.com\/?url=https%3A%2F%2Fwww.canada.ca%2Ffr%2Fimmigration-refugies-citoyennete%2Fservices%2Frefugies%2Fparrainer-refugie%2Fprogramme-parrainage-prive%2Frepondants-communautaires.html&amp;data=05%7C02%7Cproulxbe%40unhcr.org%7C73784cd01edb478c1dc408dd18896a2a%7Ce5c37981666441348a0c6543d2af80be%7C0%7C0%7C638693700655765232%7CUnknown%7CTWFpbGZsb3d8eyJFbXB0eU1hcGkiOnRydWUsIlYiOiIwLjAuMDAwMCIsIlAiOiJXaW4zMiIsIkFOIjoiTWFpbCIsIldUIjoyfQ%3D%3D%7C0%7C%7C%7C&amp;sdata=6BE%2FwUBYLvJQyg1N4v6fHIFNd39PzTIyBhMJMzST%2FAs%3D&amp;reserved=0\">r\u00e9pondants communautaires<\/a>\u00a0dans le cadre du PPPR \u00e0 compter du 29\u00a0novembre\u00a02024. Cette mesure restera en vigueur jusqu\u2019au 31\u00a0d\u00e9cembre\u00a02026. Pour en savoir plus, visitez :\u00a0<a href=\"https:\/\/www.canada.ca\/fr\/immigration-refugies-citoyennete\/nouvelles\/avis\/prolongation-suspension-temporaire-parrainage-personnes-refugiees-presentees-groupes-cinq.html\">Prolongation de la suspension temporaire des demandes de parrainage de personnes r\u00e9fugi\u00e9es pr\u00e9sent\u00e9es par des groupes de cinq et des r\u00e9pondants communautaires &#8211; Canada.ca<\/a><\/p>\n\n\n\n<p>Le Canada offre diff\u00e9rents programmes pour r\u00e9installer des r\u00e9fugi\u00e9s. En plus du Programme des r\u00e9fugi\u00e9s parrain\u00e9s par le gouvernement&nbsp;(RPG) et du Programme mixte des r\u00e9fugi\u00e9s d\u00e9sign\u00e9s par un bureau des visas&nbsp;(RDBV), les citoyens canadiens et les r\u00e9sidents permanents peuvent \u00e9galement aider les r\u00e9fugi\u00e9s \u00e0 b\u00e2tir une nouvelle vie au Canada gr\u00e2ce au <a href=\"https:\/\/www.canada.ca\/fr\/immigration-refugies-citoyennete\/services\/refugies\/aide-exterieur-canada\/programme-parrainage-prive.html\" target=\"_blank\" rel=\"noreferrer noopener\">Programme de parrainage priv\u00e9 de r\u00e9fugi\u00e9s&nbsp;(PPPR)<\/a>. Le PPPR permet aux Canadiens de r\u00e9installer des personnes ou des familles en particulier qui sont admissibles comme r\u00e9fugi\u00e9s dans le cadre du programme des personnes r\u00e9fugi\u00e9es et prot\u00e9g\u00e9es \u00e0 titre humanitaire du Canada. Les r\u00e9fugi\u00e9s parrain\u00e9s par le secteur priv\u00e9 sont approuv\u00e9s \u00e0 l\u2019ext\u00e9rieur du Canada par les agents de visa canadiens et deviennent des r\u00e9sidents permanents \u00e0 leur arriv\u00e9e au Canada. Les r\u00e9pondants priv\u00e9s sont des groupes b\u00e9n\u00e9voles de Canadiens ou des organismes, y compris des associations confessionnelles, des groupes ethnoculturels ou des organismes d\u2019aide \u00e0 l\u2019\u00e9tablissement. Les groupes de parrainage sont responsables de fournir aux r\u00e9fugi\u00e9s de l\u2019aide \u00e0 l\u2019\u00e9tablissement, le soutien mat\u00e9riel et financier n\u00e9cessaire pour la dur\u00e9e du parrainage \u2013 g\u00e9n\u00e9ralement jusqu\u2019\u00e0 un an \u00e0 compter de la date de leur arriv\u00e9e au Canada, ainsi que du soutien social, affectif et \u00e0 l\u2019\u00e9tablissement. Ils peuvent parrainer des r\u00e9fugi\u00e9s dans le cadre de l\u2019un des trois programmes suivants :<br><\/p>\n\n\n\n<ul class=\"wp-block-list\">\n<li><a href=\"https:\/\/www.canada.ca\/fr\/immigration-refugies-citoyennete\/services\/refugies\/aide-exterieur-canada\/programme-parrainage-prive\/groupes-cinq.html\">Groupes de cinq (G5)<\/a>: Ces groupes sont compos\u00e9s d\u2019au moins cinq&nbsp;citoyens canadiens ou r\u00e9sidents permanents ayant la capacit\u00e9 financi\u00e8re et d\u2019\u00e9tablissement de satisfaire aux exigences de parrainage qui organisent collectivement le parrainage d\u2019un r\u00e9fugi\u00e9 vivant \u00e0 l\u2019\u00e9tranger pour l\u2019accueillir dans leur communaut\u00e9.<\/li>\n\n\n\n<li><a href=\"https:\/\/www.canada.ca\/fr\/immigration-refugies-citoyennete\/services\/refugies\/aide-exterieur-canada\/programme-parrainage-prive\/repondants-communautaires.html\" target=\"_blank\" rel=\"noreferrer noopener\">R\u00e9pondants communautaires<\/a> : Organismes, associations ou entreprises situ\u00e9s dans la communaut\u00e9 o\u00f9 les r\u00e9fugi\u00e9s seront r\u00e9install\u00e9s, ayant la capacit\u00e9 financi\u00e8re et d\u2019aide \u00e0 l&rsquo;\u00e9tablissement pour satisfaire aux exigences de parrainage.<\/li>\n\n\n\n<li><a href=\"https:\/\/www.canada.ca\/fr\/immigration-refugies-citoyennete\/services\/refugies\/aide-exterieur-canada\/programme-parrainage-prive\/signataires-entente.html\" target=\"_blank\" rel=\"noreferrer noopener\">Signataires d\u2019entente de parrainage (SEP)<\/a>: Les organismes constitu\u00e9s en personne morale qui ont sign\u00e9 une entente avec Immigration, R\u00e9fugi\u00e9s et Citoyennet\u00e9 Canada&nbsp;(IRCC) et assument la responsabilit\u00e9 globale de la gestion des parrainages. Les SEP peuvent \u00e9galement autoriser des groupes constitutifs&nbsp;(GC) de la communaut\u00e9 \u00e0 parrainer des r\u00e9fugi\u00e9s dans le cadre de leur entente.<\/li>\n<\/ul>\n\n\n\n<p>Les r\u00e9pondants s\u2019engagent souvent dans ce processus pour des r\u00e9fugi\u00e9s dont ils ont entendu les histoires d\u2019amis, de membres de la communaut\u00e9, de parents ou de contacts \u00e0 l\u2019\u00e9tranger. Si vous souhaitez parrainer un r\u00e9fugi\u00e9 dans le cadre du PPPR, vous devez d\u2019abord d\u00e9terminer si la personne est admissible ou non dans le cadre du programme. Par exemple, seuls les r\u00e9fugi\u00e9s reconnus par le HCR ou un \u00c9tat peuvent \u00eatre parrain\u00e9s par le groupe des cinq ou \u00eatre admissibles au parrainage communautaire. Pour en savoir plus sur le Programme de parrainage priv\u00e9 de r\u00e9fugi\u00e9s&nbsp;(PPPR), visitez le <a href=\"https:\/\/www.canada.ca\/fr\/immigration-refugies-citoyennete\/services\/refugies\/aide-exterieur-canada\/programme-parrainage-prive.html\" target=\"_blank\" rel=\"noreferrer noopener\">site Web d\u2019Immigration, R\u00e9fugi\u00e9s et Citoyennet\u00e9 Canada<\/a> et le <a href=\"https:\/\/www.rstp.ca\/fr\/\" target=\"_blank\" rel=\"noreferrer noopener\">site Web du Programme de formation sur le parrainage priv\u00e9 des r\u00e9fugi\u00e9s.<\/a><\/p>\n\n\n\n<p>Le Qu\u00e9bec re\u00e7oit et approuve ses propres demandes de parrainage priv\u00e9. Pour en savoir plus sur le parrainage priv\u00e9 au Qu\u00e9bec, visitez le <a href=\"https:\/\/www.canada.ca\/fr\/immigration-refugies-citoyennete\/organisation\/publications-guides\/bulletins-guides-operationnels\/demandes-asile\/reinstallation\/parraines-prive\/quebec.html\" target=\"_blank\" rel=\"noreferrer noopener\">site Web d\u2019Immigration, R\u00e9fugi\u00e9s et Citoyennet\u00e9 Canada<\/a> et le site Web du <a href=\"https:\/\/www.quebec.ca\/immigration\/refugies-demandeurs-asile\/parrainage-collectif\" target=\"_blank\" rel=\"noreferrer noopener\">minist\u00e8re de l\u2019Immigration, de la Francisation et de l\u2019Int\u00e9gration du Qu\u00e9bec<\/a>.<\/p>\n","protected":false},"excerpt":{"rendered":"<p>Avis: Immigration, R\u00e9fugi\u00e9s et Citoyennet\u00e9 Canada (IRCC) a temporairement cess\u00e9 d\u2019accepter les nouvelles demandes des\u00a0groupes de cinq\u00a0et des\u00a0r\u00e9pondants communautaires\u00a0dans le cadre du PPPR \u00e0 compter du 29\u00a0novembre\u00a02024. Cette mesure restera en vigueur jusqu\u2019au 31\u00a0d\u00e9cembre\u00a02026. Pour en savoir plus, visitez :\u00a0Prolongation de la suspension temporaire des demandes de parrainage de personnes r\u00e9fugi\u00e9es pr\u00e9sent\u00e9es par des groupes [&hellip;]<\/p>\n","protected":false},"author":24,"featured_media":0,"parent":0,"menu_order":8,"comment_status":"closed","ping_status":"closed","template":"","meta":{"_acf_changed":false,"footnotes":""},"class_list":["post-1307","page","type-page","status-publish","hentry"],"acf":[],"_links":{"self":[{"href":"https:\/\/help.unhcr.org\/canada\/fr\/wp-json\/wp\/v2\/pages\/1307","targetHints":{"allow":["GET"]}}],"collection":[{"href":"https:\/\/help.unhcr.org\/canada\/fr\/wp-json\/wp\/v2\/pages"}],"about":[{"href":"https:\/\/help.unhcr.org\/canada\/fr\/wp-json\/wp\/v2\/types\/page"}],"author":[{"embeddable":true,"href":"https:\/\/help.unhcr.org\/canada\/fr\/wp-json\/wp\/v2\/users\/24"}],"replies":[{"embeddable":true,"href":"https:\/\/help.unhcr.org\/canada\/fr\/wp-json\/wp\/v2\/comments?post=1307"}],"version-history":[{"count":8,"href":"https:\/\/help.unhcr.org\/canada\/fr\/wp-json\/wp\/v2\/pages\/1307\/revisions"}],"predecessor-version":[{"id":2724,"href":"https:\/\/help.unhcr.org\/canada\/fr\/wp-json\/wp\/v2\/pages\/1307\/revisions\/2724"}],"wp:attachment":[{"href":"https:\/\/help.unhcr.org\/canada\/fr\/wp-json\/wp\/v2\/media?parent=1307"}],"curies":[{"name":"wp","href":"https:\/\/api.w.org\/{rel}","templated":true}]}}