{"id":1293,"date":"2023-11-03T19:29:12","date_gmt":"2023-11-03T19:29:12","guid":{"rendered":"https:\/\/help.unhcr.org\/canada\/anti-fraud\/"},"modified":"2024-03-05T17:23:18","modified_gmt":"2024-03-05T17:23:18","slug":"anti-fraud","status":"publish","type":"page","link":"https:\/\/help.unhcr.org\/canada\/fr\/anti-fraud\/","title":{"rendered":"Antifraude"},"content":{"rendered":"\n<p>Le HCR Canada ne choisit pas les r\u00e9fugi\u00e9s qui seront r\u00e9install\u00e9s au Canada et n\u2019est pas en mesure d\u2019intervenir ou d\u2019influencer le processus visant \u00e0 d\u00e9terminer si une personne peut \u00eatre consid\u00e9r\u00e9e comme un r\u00e9fugi\u00e9 ou si un r\u00e9fugi\u00e9 peut \u00eatre r\u00e9install\u00e9 au Canada. Lorsque des places de r\u00e9installation sont offertes par des pays comme le Canada, les bureaux du HCR de partout dans le monde qui sont situ\u00e9s dans les pays d\u2019asile des r\u00e9fugi\u00e9s identifieront les personnes \u00e0 risque et pr\u00e9senteront leur demande \u00e0 ces pays de r\u00e9installation. Les pays de r\u00e9installation prennent la d\u00e9cision finale quant \u00e0 l\u2019admission ou non d\u2019un r\u00e9fugi\u00e9 dans leur pays.<\/p>\n\n\n\n<p><strong>Restez vigilant et signalez les fraudeurs qui vous proposent des services de r\u00e9installation, de l\u2019aide financi\u00e8re ou d\u2019autres types d\u2019aide, de faux documents ou de fausses demandes d\u2019asile en \u00e9change d\u2019argent ou d\u2019autres faveurs.<\/strong><\/p>\n\n\n\n<p><strong>Tous les services du HCR sont gratuits. Ne faites pas confiance \u00e0 une personne ou \u00e0 un organisme qui vous demande de payer pour les services du HCR ou de ses partenaires.<\/strong><\/p>\n\n\n\n<p><strong>Liens utiles&nbsp;:<\/strong><\/p>\n\n\n\n<ul class=\"wp-block-list\">\n<li><a href=\"https:\/\/www.unhcr.org\/fr\/en-bref\/gouvernance-et-supervision\/bureau-de-linspecteur-general\/pour-signaler-un-cas-de-mauvaise\" target=\"_blank\" rel=\"noreferrer noopener\">Pour signaler un cas de mauvaise conduite | HCR<\/a><\/li>\n\n\n\n<li><a href=\"https:\/\/www.unhcr.org\/contact-us\/report-fraudulent-site-or-cyber-security-issue\" target=\"_blank\" rel=\"noreferrer noopener\">Signaler un site frauduleux ou un probl\u00e8me de cybers\u00e9curit\u00e9 | HCR<\/a><\/li>\n\n\n\n<li><a href=\"https:\/\/www.unhcr.org\/fr\/comment-nous-aider\/travailler-avec-nous\/carrieres-au-hcr\/comment-eviter-les-escroqueries-et-les\" target=\"_blank\" rel=\"noreferrer noopener\">Comment \u00e9viter les escroqueries et les offres d\u2019emploi frauduleuses | HCR<\/a><\/li>\n\n\n\n<li><a href=\"https:\/\/www.antifraudcentre-centreantifraude.ca\/index-fra.htm\" target=\"_blank\" rel=\"noreferrer noopener\">Centre antifraude du Canada (antifraudcentre-centreantifraude.ca)<\/a><\/li>\n<\/ul>\n","protected":false},"excerpt":{"rendered":"<p>Le HCR Canada ne choisit pas les r\u00e9fugi\u00e9s qui seront r\u00e9install\u00e9s au Canada et n\u2019est pas en mesure d\u2019intervenir ou d\u2019influencer le processus visant \u00e0 d\u00e9terminer si une personne peut \u00eatre consid\u00e9r\u00e9e comme un r\u00e9fugi\u00e9 ou si un r\u00e9fugi\u00e9 peut \u00eatre r\u00e9install\u00e9 au Canada. Lorsque des places de r\u00e9installation sont offertes par des pays comme [&hellip;]<\/p>\n","protected":false},"author":24,"featured_media":0,"parent":0,"menu_order":8,"comment_status":"closed","ping_status":"closed","template":"","meta":{"_acf_changed":false,"footnotes":""},"class_list":["post-1293","page","type-page","status-publish","hentry"],"acf":[],"_links":{"self":[{"href":"https:\/\/help.unhcr.org\/canada\/fr\/wp-json\/wp\/v2\/pages\/1293","targetHints":{"allow":["GET"]}}],"collection":[{"href":"https:\/\/help.unhcr.org\/canada\/fr\/wp-json\/wp\/v2\/pages"}],"about":[{"href":"https:\/\/help.unhcr.org\/canada\/fr\/wp-json\/wp\/v2\/types\/page"}],"author":[{"embeddable":true,"href":"https:\/\/help.unhcr.org\/canada\/fr\/wp-json\/wp\/v2\/users\/24"}],"replies":[{"embeddable":true,"href":"https:\/\/help.unhcr.org\/canada\/fr\/wp-json\/wp\/v2\/comments?post=1293"}],"version-history":[{"count":6,"href":"https:\/\/help.unhcr.org\/canada\/fr\/wp-json\/wp\/v2\/pages\/1293\/revisions"}],"predecessor-version":[{"id":1914,"href":"https:\/\/help.unhcr.org\/canada\/fr\/wp-json\/wp\/v2\/pages\/1293\/revisions\/1914"}],"wp:attachment":[{"href":"https:\/\/help.unhcr.org\/canada\/fr\/wp-json\/wp\/v2\/media?parent=1293"}],"curies":[{"name":"wp","href":"https:\/\/api.w.org\/{rel}","templated":true}]}}